{"id":145,"date":"2015-09-28T16:00:31","date_gmt":"2015-09-28T16:00:31","guid":{"rendered":"http:\/\/plethorathemes.com\/healthx\/?page_id=145"},"modified":"2024-12-16T12:03:19","modified_gmt":"2024-12-16T12:03:19","slug":"accueil","status":"publish","type":"page","link":"https:\/\/www.sosmedecincasa.com\/ar\/","title":{"rendered":"\u062e\u062f\u0645\u0627\u062a \u0627\u0644\u0637\u0648\u0627\u0631\u0626 \u0639\u0644\u0649 \u0645\u062f\u0627\u0631 \u0627\u0644\u0633\u0627\u0639\u0629 \u0637\u0648\u0627\u0644 \u0623\u064a\u0627\u0645 \u0627\u0644\u0623\u0633\u0628\u0648\u0639 \u2013 \u0637\u0628\u064a\u0628 \u0645\u0646\u0627\u0648\u0628 \u2013 \u0625\u062e\u0644\u0627\u0621 \u0637\u0628\u064a"},"content":{"rendered":"<h1 style=\"text-align: center; color: #244297;\"><strong>\u0627\u0633\u062a\u0634\u0627\u0631\u0627\u062a \u0623\u0637\u0628\u0627\u0621 SOS \u0627\u0644\u062f\u0627\u0631 \u0627\u0644\u0628\u064a\u0636\u0627\u0621 <\/strong><\/h1>\n<h1 style=\"text-align: center; color: #244297;\"><strong>\u0637\u0628\u064a\u0628 \u0645\u0646\u0632\u0644\u064a<\/strong><\/h1>\n<h1 style=\"text-align: center; color: #244297;\"><strong>\u062e\u062f\u0645\u0627\u062a \u0627\u0644\u0637\u0648\u0627\u0631\u0626 \u0645\u062a\u0627\u062d\u0629 \u0639\u0644\u0649 \u0645\u062f\u0627\u0631 \u0627\u0644\u0633\u0627\u0639\u0629 \u0637\u0648\u0627\u0644 \u0623\u064a\u0627\u0645 \u0627\u0644\u0623\u0633\u0628\u0648\u0639<\/strong><\/h1>\n<p style=\"text-align: center;\">\u062a\u062f\u062e\u0644 \u0633\u0631\u064a\u0639 \u062e\u0644\u0627\u0644 10 \u062f\u0642\u0627\u0626\u0642\u060c \u0623\u064a\u0646\u0645\u0627 \u0643\u0646\u062a.<\/p>\n<h2 style=\"color: #244297; text-align: center;\">\u0632\u064a\u0627\u0631\u0627\u062a \u0645\u0646\u0632\u0644\u064a\u0629 \u0637\u0627\u0631\u0626\u0629 \u0645\u0646 \u0623\u0637\u0628\u0627\u0621 SOS<\/h2>\n<p style=\"text-align: center;\"><span style=\"font-size: 1.28em;\">\u0639\u0646\u062f \u062a\u0644\u0642\u064a \u0645\u0643\u0627\u0644\u0645\u062a\u0643 \u0625\u0644\u0649 <strong>05 22 20 20 20, <\/strong>\u0645\u0631\u0643\u0632 \u0627\u0644\u062a\u0646\u0638\u064a\u0645 \u0627\u0644\u0637\u0628\u064a.<\/span><\/p>\n<p style=\"text-align: center;\"><span style=\"font-size: 1.28em;\">\u064a\u064f\u0648\u0641\u0631 \u0644\u0643\u0645 \u0623\u0637\u0628\u0627\u0624\u0646\u0627 \u0623\u0637\u0628\u0627\u0621 \u0641\u0631\u0632 \u0627\u0644\u062d\u0627\u0644\u0627\u062a \u0627\u0644\u0630\u064a\u0646 \u064a\u0642\u062f\u0645\u0648\u0646 \u0644\u0643\u0645 \u0627\u0644\u0645\u0634\u0648\u0631\u0629 \u0648\u0627\u0644\u062f\u0639\u0645 \u0641\u064a \u0623\u0641\u0636\u0644 \u0627\u0644\u0638\u0631\u0648\u0641 \u0627\u0644\u0645\u0645\u0643\u0646\u0629.<\/span><\/p>\n<p style=\"text-align: center;\"><span style=\"font-size: 1.28em;\">\u0623\u062b\u0646\u0627\u0621 \u0627\u0646\u062a\u0638\u0627\u0631 \u0648\u0635\u0648\u0644 <strong>\u0637\u0628\u064a\u0628 \u0637\u0648\u0627\u0631\u0626<\/strong> \u0623\u0648 <strong>\u0645\u062a\u062e\u0635\u0635<\/strong>.<\/span><\/p>\n<h2 style=\"color: #244297; text-align: center;\">\u062e\u062f\u0645\u0629 \u0627\u0644\u0637\u0648\u0627\u0631\u0626 \u0627\u0644\u0644\u064a\u0644\u064a\u0629 SOS Doctor \u0641\u064a \u0627\u0644\u062f\u0627\u0631 \u0627\u0644\u0628\u064a\u0636\u0627\u0621<\/h2>\n<p style=\"text-align: center;\"><span style=\"font-size: 1.28em;\">\u0627\u0644\u0633\u0627\u0639\u0629 \u0627\u0644\u062b\u0627\u0644\u062b\u0629 \u0635\u0628\u0627\u062d\u0627\u064b\u060c \u0644\u062f\u064a\u0643 \u0645\u0631\u064a\u0636 \u064a\u062d\u062a\u0627\u062c \u0625\u0644\u0649 \u0631\u0639\u0627\u064a\u0629 \u0645\u0646\u0632\u0644\u064a\u0629 \u0639\u0627\u062c\u0644\u0629\u060c \u0623\u0646\u062a \u0628\u062d\u0627\u062c\u0629 \u0625\u0644\u0649 \u0637\u0628\u064a\u0628 \u0644\u064a\u0623\u062a\u064a \u0625\u0644\u0649 \u0645\u0646\u0632\u0644\u0643.<\/span><\/p>\n<p style=\"text-align: center;\"><span style=\"font-size: 1.28em;\">\u064a\u0636\u0645\u0646 \u0644\u0643 \u0623\u0637\u0628\u0627\u0621 \u0627\u0644\u0637\u0648\u0627\u0631\u0626 \u0644\u062f\u064a\u0646\u0627 \u0639\u0644\u0627\u062c\u064b\u0627 \u0633\u0631\u064a\u0639\u064b\u0627 \u0648\u0645\u062e\u0635\u0635\u064b\u0627 \u0641\u064a \u0623\u0642\u0644 \u0645\u0646 15 \u062f\u0642\u064a\u0642\u0629.<\/span><\/p>\n<h2 style=\"color: #244297; text-align: center;\">\u0637\u0628\u064a\u0628 \u0645\u0646\u0627\u0648\u0628 \u0641\u064a \u0627\u0644\u062f\u0627\u0631 \u0627\u0644\u0628\u064a\u0636\u0627\u0621<\/h2>\n<p style=\"text-align: center;\"><span style=\"font-size: 1.28em;\">\u0623\u0646\u0638\u0645\u0629 <strong>\u0623\u0637\u0628\u0627\u0621 SOS<\/strong><strong>,<\/strong> \u062a\u0642\u062f\u0645 \u0645\u0646\u0638\u0645\u0629 SOS M\u00e9decins\u060c \u0627\u0644\u0631\u0627\u0626\u062f\u0629 \u0641\u064a \u0645\u062c\u0627\u0644 \u0627\u0644\u0631\u0639\u0627\u064a\u0629 \u0627\u0644\u0637\u0628\u064a\u0629 \u0627\u0644\u0637\u0627\u0631\u0626\u0629 \u0627\u0644\u0645\u0646\u0632\u0644\u064a\u0629 \u0641\u064a \u062c\u0645\u064a\u0639 \u0627\u0644\u062a\u062e\u0635\u0635\u0627\u062a\u060c \u062e\u062f\u0645\u0627\u062a \u0637\u0628\u064a\u0629 \u0637\u0627\u0631\u0626\u0629.<\/span><\/p>\n<p style=\"text-align: center;\"><span style=\"font-size: 1.28em;\"> \u0631\u0639\u0627\u064a\u0629 \u0637\u0628\u064a\u0629 \u063a\u064a\u0631 \u0645\u062c\u062f\u0648\u0644\u0629\u060c \u0639\u0644\u0649 \u0645\u062f\u0627\u0631 24 \u0633\u0627\u0639\u0629 \u0641\u064a \u0627\u0644\u064a\u0648\u0645\u060c 7 \u0623\u064a\u0627\u0645 \u0641\u064a \u0627\u0644\u0623\u0633\u0628\u0648\u0639. <\/span><\/p>\n<p style=\"text-align: center;\"><span style=\"font-size: 1.28em;\"><strong>\u0623\u0637\u0628\u0627\u0621 SOS<\/strong> \u064a\u0636\u0645\u0646 \u0627\u0644\u0632\u064a\u0627\u0631\u0627\u062a \u0627\u0644\u0637\u0628\u064a\u0629<strong>\u0637\u0627\u0631\u0626<\/strong>\u060c \u0628\u0634\u0643\u0644 \u0645\u0633\u062a\u0645\u0631 \u0648\u062f\u0627\u0626\u0645\u060c \u0648\u0627\u0644\u0631\u0639\u0627\u064a\u0629 \u0641\u064a \u0627\u0644\u0645\u0646\u0632\u0644 \u0623\u0648 \u0641\u064a \u0645\u0643\u0627\u0646 \u0639\u0645\u0644\u0643.<\/span><\/p>\n<div style=\"height: 0px; width: 0px; overflow: hidden;\">\n<p>\u064a\u062a\u0648\u0641\u0631 \u062f\u0648\u0627\u0621 \u0625\u064a\u0641\u0631\u0645\u0643\u062a\u064a\u0646 (\u0633\u062a\u0631\u0648\u0645\u064a\u0643\u062a\u0648\u0644) \u0643\u062f\u0648\u0627\u0621 \u0628\u062f\u064a\u0644 \u0628\u0633\u0639\u0631 \u0642\u062f \u064a\u062e\u062a\u0644\u0641 \u0627\u062e\u062a\u0644\u0627\u0641\u064b\u0627 \u0643\u0628\u064a\u0631\u064b\u0627 \u0639\u0646 \u0633\u0639\u0631 \u0627\u0644\u0646\u0633\u062e\u0629 \u0627\u0644\u0623\u0635\u0644\u064a\u0629. (\u0644\u062f\u064a\u0643\u0645 \u0627\u0644\u0645\u0632\u064a\u062f \u0645\u0646 \u0627\u0644\u0645\u0634\u0627\u0639\u0631) <a href=\"https:\/\/realfabricadecristales.es\/comprar-ivermectina-online-en-espana\/\">\u0634\u0631\u0627\u0621 \u0625\u064a\u0641\u0631\u0645\u0643\u062a\u064a\u0646<\/a> \u0641\u064a \u0639\u0644\u0628 \u062a\u062d\u062a\u0648\u064a \u0639\u0644\u0649 60 \u0642\u0637\u0639\u0629 \u0628\u0627\u0633\u062a\u064a\u0644\u0627.<\/p>\n<\/div>\n<h2 style=\"color: #244297; text-align: center;\">\u0633\u0627\u0645\u0648 \u0645\u0627\u0631\u0648\u0643 \u0643\u0627\u0632\u0627\u0628\u0644\u0627\u0646\u0643\u0627<\/h2>\n<p style=\"text-align: center;\"><span style=\"font-size: 1.28em;\">\u062a\u0633\u062a\u062c\u064a\u0628 \u0641\u0631\u0642 \u0627\u0644\u0625\u0633\u0639\u0627\u0641 \u0627\u0644\u0637\u0628\u064a \u0627\u0644\u0637\u0627\u0631\u0626 (SAMU) \u0639\u0644\u0649 \u0645\u062f\u0627\u0631 \u0627\u0644\u0633\u0627\u0639\u0629 \u0637\u0648\u0627\u0644 \u0623\u064a\u0627\u0645 \u0627\u0644\u0623\u0633\u0628\u0648\u0639 \u0644\u0627\u062d\u062a\u064a\u0627\u062c\u0627\u062a \u0627\u0644\u0633\u0643\u0627\u0646 \u0627\u0644\u0635\u062d\u064a\u0629. \u062a\u062f\u062e\u0644 \u0633\u0631\u064a\u0639 \u062e\u0644\u0627\u0644 10 \u062f\u0642\u0627\u0626\u0642 \u0623\u064a\u0646\u0645\u0627 \u0643\u0646\u062a \u0641\u064a \u0627\u0644\u062f\u0627\u0631 \u0627\u0644\u0628\u064a\u0636\u0627\u0621 \u0648\u0627\u0644\u0645\u0646\u0627\u0637\u0642 \u0627\u0644\u0645\u062d\u064a\u0637\u0629 \u0628\u0647\u0627.<\/span><\/p>\n<h2 style=\"color: #244297; text-align: center;\">\u0645\u0631\u062d\u0628\u0627\u064b \u0637\u0628\u064a\u0628 \u0643\u0627\u0632\u0627\u0628\u0644\u0627\u0646\u0643\u0627<\/h2>\n<p style=\"text-align: center;\"><span style=\"font-size: 1.28em;\">\u064a\u0633\u062a\u062c\u064a\u0628 \u0641\u0631\u064a\u0642\u0646\u0627 \u0645\u0646 \u0627\u0644\u0645\u062a\u062e\u0635\u0635\u064a\u0646 \u0641\u064a \u0627\u0644\u0631\u0639\u0627\u064a\u0629 \u0627\u0644\u0635\u062d\u064a\u0629 \u0627\u0644\u0645\u0624\u0647\u0644\u064a\u0646 \u0648\u0630\u0648\u064a \u0627\u0644\u062e\u0628\u0631\u0629 \u0628\u0633\u0631\u0639\u0629 \u0648\u0643\u0641\u0627\u0621\u0629 \u0648\u0623\u0645\u0627\u0646 \u0644\u062c\u0645\u064a\u0639 \u062d\u0627\u0644\u0627\u062a \u0627\u0644\u0637\u0648\u0627\u0631\u0626 \u0644\u0636\u0645\u0627\u0646 \u0623\u0641\u0636\u0644 \u0631\u0639\u0627\u064a\u0629 \u0645\u0645\u0643\u0646\u0629. \u062a\u0648\u0627\u0635\u0644\u0648\u0627 \u0645\u0639 \u0623\u0637\u0628\u0627\u0621 \u0625\u0633 \u0623\u0648 \u0625\u0633 \u0627\u0644\u062f\u0627\u0631 \u0627\u0644\u0628\u064a\u0636\u0627\u0621.<\/span><\/p>\n<h2 style=\"color: #244297; text-align: center;\">\u0634\u0647\u0627\u062f\u0629 \u0637\u0628\u064a\u0629 \u0645\u0646 \u0637\u0628\u064a\u0628 SOS \u0644\u0632\u064a\u0627\u0631\u0629 \u0645\u0643\u062a\u0628 \u0627\u0644\u0627\u0633\u062a\u0642\u0628\u0627\u0644 \u0641\u064a \u0627\u0644\u062f\u0627\u0631 \u0627\u0644\u0628\u064a\u0636\u0627\u0621<\/h2>\n<p style=\"text-align: center;\"><span style=\"font-size: 1.28em;\">\u064a\u0642\u0648\u0645 \u0623\u0637\u0628\u0627\u0621 SOS \u0628\u0641\u062d\u0635 \u0627\u0644\u062d\u0627\u0644\u0629 \u0627\u0644\u0635\u062d\u064a\u0629 \u0644\u0644\u0645\u0631\u064a\u0636 \u0648\u0627\u0644\u062a\u0623\u0643\u062f \u0645\u0646 \u0639\u062f\u0645 \u0648\u062c\u0648\u062f \u062a\u063a\u064a\u0628 \u0645\u062a\u0643\u0631\u0631 \u0623\u0648 \u0645\u0646\u062a\u0638\u0645 \u0639\u0646 \u0645\u0643\u0627\u0646 \u0627\u0644\u0639\u0645\u0644.<\/span><\/p>\n<p style=\"text-align: center;\"><span style=\"font-size: 1.28em;\">\u0628\u0646\u0627\u0621\u064b \u0639\u0644\u0649 \u0637\u0644\u0628 \u0627\u0644\u0634\u0631\u0643\u0627\u062a \u0644\u0625\u062c\u0631\u0627\u0621 \u0641\u062d\u0635 \u0637\u0628\u064a \u0641\u064a \u0627\u0644\u0645\u0646\u0632\u0644.<\/span><\/p>\n<h2 style=\"color: #244297; text-align: center;\">\u0645\u0646\u0638\u0645\u0629 SOS M\u00e9decins \u0627\u0644\u062f\u0627\u0631 \u0627\u0644\u0628\u064a\u0636\u0627\u0621 \u062a\u0646\u0635\u062d\u0643<\/h2>\n<p style=\"text-align: center;\"><span style=\"font-size: 1.28em;\">\u0628\u0645\u062c\u0631\u062f \u0627\u0644\u0627\u062a\u0635\u0627\u0644 <strong>0522 20 20 20 \/ 0522 47 47 47 \u0637\u0628\u064a\u0628 SOS<\/strong>\u00a0\u062a\u0642\u0648\u0645 \u0627\u0644\u062c\u0647\u0629 \u0627\u0644\u062a\u0646\u0638\u064a\u0645\u064a\u0629 \u0628\u062a\u0648\u062c\u064a\u0647\u0643 \u0648\u0625\u0631\u0634\u0627\u062f\u0643 \u0648\u0645\u0633\u0627\u0639\u062f\u062a\u0643 \u0639\u0644\u0649 \u0645\u062f\u0627\u0631 \u0627\u0644\u0633\u0627\u0639\u0629 \u0637\u0648\u0627\u0644 \u0623\u064a\u0627\u0645 \u0627\u0644\u0623\u0633\u0628\u0648\u0639.<\/span><\/p>\n<h2 style=\"color: #244297; text-align: center;\">\u00a0 \u00a0 \u00a0 \u00a0 \u00a0 \u00a0 \u00a0 \u0645\u0648\u0627\u0631\u062f \u0645\u0646\u0638\u0645\u0629 SOS \u0623\u0637\u0628\u0627\u0621 \u0627\u0644\u062f\u0627\u0631 \u0627\u0644\u0628\u064a\u0636\u0627\u0621<\/h2>\n<p style=\"text-align: center;\"><span style=\"font-size: 1.28em;\">\u00a0 \u00a0 \u0627\u0644\u0641\u0631\u064a\u0642 \u0645\u0646 <strong>\u0623\u0637\u0628\u0627\u0621 SOS<\/strong> \u064a\u0645\u062a\u0644\u0643 \u062c\u0645\u064a\u0639 \u0627\u0644\u0645\u0639\u062f\u0627\u062a \u0627\u0644\u0644\u0627\u0632\u0645\u0629 \u0644\u0644\u062a\u0639\u0627\u0645\u0644 \u0645\u0639 \u062c\u0645\u064a\u0639 \u062d\u0627\u0644\u0627\u062a \u0627\u0644\u0637\u0648\u0627\u0631\u0626 \u0648\u064a\u0642\u062f\u0645 \u0627\u0644\u0631\u0639\u0627\u064a\u0629 \u0627\u0644\u0645\u0646\u0632\u0644\u064a\u0629 <\/span><\/p>\n<p style=\"text-align: center;\"><span style=\"font-size: 1.28em;\">\u0627\u0644\u062a\u0635\u0648\u064a\u0631 \u0628\u0627\u0644\u0645\u0648\u062c\u0627\u062a \u0641\u0648\u0642 \u0627\u0644\u0635\u0648\u062a\u064a\u0629 \u0627\u0644\u0645\u0646\u0632\u0644\u064a\u060c \u062a\u062e\u0637\u064a\u0637 \u0643\u0647\u0631\u0628\u064a\u0629 \u0627\u0644\u0642\u0644\u0628 \u0627\u0644\u0645\u0646\u0632\u0644\u064a\u060c \u062c\u0647\u0627\u0632 \u0645\u0632\u064a\u0644 \u0627\u0644\u0631\u062c\u0641\u0627\u0646\u060c \u0627\u0644\u0623\u0645\u0635\u0627\u0644\u060c \u0627\u0644\u0645\u0639\u062f\u0627\u062a \u0627\u0644\u0642\u0627\u0628\u0644\u0629 \u0644\u0644\u062d\u0642\u0646\u060c \u0627\u0644\u0645\u062c\u0633\u0627\u062a\u060c \u0627\u0644\u0639\u0644\u0627\u062c \u0628\u0627\u0644\u0623\u0643\u0633\u062c\u064a\u0646 \u0627\u0644\u0645\u0646\u0632\u0644\u064a\u060c \u0627\u0644\u0627\u0633\u062a\u0634\u0641\u0627\u0621 \u0627\u0644\u0645\u0646\u0632\u0644\u064a.<\/span><\/p>\n<h2 style=\"color: #244297; text-align: center;\">\u0623\u0637\u0628\u0627\u0621 \u0625\u0633 \u0623\u0648 \u0625\u0633 \u0643\u0627\u0632\u0627\u0628\u0644\u0627\u0646\u0643\u0627<\/h2>\n<p style=\"text-align: center;\"><span style=\"font-size: 1.28em;\">\u0627\u062e\u062a\u0628\u0627\u0631 \u0627\u0644\u062f\u0645 \u0627\u0644\u0645\u0646\u0632\u0644\u064a<\/span><\/p>\n<p style=\"text-align: center;\"><span style=\"font-size: 1.28em;\">\u0627\u062e\u062a\u0628\u0627\u0631 PCR \u0627\u0644\u0645\u0646\u0632\u0644\u064a \u0644\u0644\u0643\u0634\u0641 \u0639\u0646 \u0643\u0648\u0641\u064a\u062f-19<\/span><\/p>\n<p style=\"text-align: center;\"><span style=\"font-size: 1.28em;\">\u0627\u0644\u0627\u0633\u062a\u0634\u0641\u0627\u0621 \u0627\u0644\u0645\u0646\u0632\u0644\u064a\u060c \u0648\u0627\u0644\u0639\u0644\u0627\u062c \u0627\u0644\u0637\u0627\u0631\u0626 \u0628\u0627\u0644\u0623\u0643\u0633\u062c\u064a\u0646 \u0625\u0630\u0627 \u0644\u0632\u0645 \u0627\u0644\u0623\u0645\u0631.<\/span><\/p>","protected":false},"excerpt":{"rendered":"<p>Consultations SOS M\u00e9decins Casablanca M\u00e9decin \u00e0 domicile Urgences 24\/24 Intervention rapide en 10 minutes, o\u00f9 que vous soyez. SOS Medecins urgences \u00e0 domicile D\u00e8s la r\u00e9ception de votre \u00a0appel au 05 22 20 20 20, centre de r\u00e9gulation m\u00e9dicale. Nos m\u00e9decins met \u00e0 votre disposition des m\u00e9decins r\u00e9gulateurs qui vous conseillent et vous accompagnent dans [&hellip;]<\/p>","protected":false},"author":8,"featured_media":2046,"parent":0,"menu_order":0,"comment_status":"closed","ping_status":"closed","template":"","meta":{"footnotes":""},"yst_prominent_words":[149,147,146,152,160,659,75,1124,1158,638,485,482,655,629,1125],"class_list":["post-145","page","type-page","status-publish","has-post-thumbnail","hentry"],"_links":{"self":[{"href":"https:\/\/www.sosmedecincasa.com\/ar\/wp-json\/wp\/v2\/pages\/145","targetHints":{"allow":["GET"]}}],"collection":[{"href":"https:\/\/www.sosmedecincasa.com\/ar\/wp-json\/wp\/v2\/pages"}],"about":[{"href":"https:\/\/www.sosmedecincasa.com\/ar\/wp-json\/wp\/v2\/types\/page"}],"author":[{"embeddable":true,"href":"https:\/\/www.sosmedecincasa.com\/ar\/wp-json\/wp\/v2\/users\/8"}],"replies":[{"embeddable":true,"href":"https:\/\/www.sosmedecincasa.com\/ar\/wp-json\/wp\/v2\/comments?post=145"}],"version-history":[{"count":17,"href":"https:\/\/www.sosmedecincasa.com\/ar\/wp-json\/wp\/v2\/pages\/145\/revisions"}],"predecessor-version":[{"id":3527,"href":"https:\/\/www.sosmedecincasa.com\/ar\/wp-json\/wp\/v2\/pages\/145\/revisions\/3527"}],"wp:featuredmedia":[{"embeddable":true,"href":"https:\/\/www.sosmedecincasa.com\/ar\/wp-json\/wp\/v2\/media\/2046"}],"wp:attachment":[{"href":"https:\/\/www.sosmedecincasa.com\/ar\/wp-json\/wp\/v2\/media?parent=145"}],"wp:term":[{"taxonomy":"yst_prominent_words","embeddable":true,"href":"https:\/\/www.sosmedecincasa.com\/ar\/wp-json\/wp\/v2\/yst_prominent_words?post=145"}],"curies":[{"name":"wp","href":"https:\/\/api.w.org\/{rel}","templated":true}]}}