{"id":2011,"date":"2018-08-28T15:49:11","date_gmt":"2018-08-28T15:49:11","guid":{"rendered":"http:\/\/www.sosmedecincasa.com\/?page_id=2011"},"modified":"2020-07-13T04:21:21","modified_gmt":"2020-07-13T04:21:21","slug":"soins-a-domicile","status":"publish","type":"page","link":"https:\/\/www.sosmedecincasa.com\/ar\/soins-a-domicile\/","title":{"rendered":"Soins m\u00e9decin domicile"},"content":{"rendered":"<section class=\"vc_row wpb_row vc_row-fluid\">\n\t\t<div class=\"row\">\n            <div class=\"wpb_column vc_column_container col-sm-12 col-md-6 margin_bottom_grid\">\n                <div class=\"wpb_wrapper\">\n\n\t<div class=\"wpb_text_column wpb_content_element\" >\n\t\t<div class=\"wpb_wrapper\">\n\t\t\t<p>Nos prestations de soins m\u00e9decin \u00e0 domicile consiste en des services m\u00e9dicaux pratiqu\u00e9s par un personnels soignants qualifi\u00e9s et attentifs, tout en permettant au patient de rester chez lui.<\/p>\n<p>Nous mettant \u00e0 votre disposition le personnel suivant:<\/p>\n<ul>\n<li>M\u00e9decins<\/li>\n<li>Infirmier(\u00e8res)<\/li>\n<li>Aide-soignant(es)<\/li>\n<\/ul>\n<p>Notre offre de soins m\u00e9decin \u00e0 domicile est con\u00e7u pour assurer des soins infirmiers sur la base de prescription m\u00e9dicale, administration des traitements mais aussi \u00e0 veiller sur l&rsquo;hygi\u00e8ne et le maintient de l&rsquo;autonomie.<\/p>\n<p>Pour plus d&rsquo;information consultez notre <a href=\"https:\/\/www.sosmedecincasa.com\/ar\/faq\/\">foire aux questions<\/a>.<\/p>\n\n\t\t<\/div>\n\t<\/div>\n<div class=\"plethora_button wpb_content_element   text-left\">\n    <a href=\"http:\/\/www.sosmedecincasa.com\/ar\/contact\/\" class=\"btn btn-danger\" title=\"\"  target=\"_self\">\n\n        \n        Contactez-nous\n        \n\n    <\/a>\n<\/div>\n                <\/div>\n            <\/div>\n\t\t<\/div>\n<\/section>\n\n\n\n\n<h6><a href=\"https:\/\/www.pinterest.fr\/sosmedecincasa\/\/\"><font color=\"#244297\">Visitez-nous sur pinterest<\/font><\/a><\/h6>","protected":false},"excerpt":{"rendered":"<p>Visitez-nous sur pinterest<\/p>","protected":false},"author":8,"featured_media":0,"parent":0,"menu_order":0,"comment_status":"closed","ping_status":"closed","template":"","meta":{"footnotes":""},"yst_prominent_words":[64,66,606,89,690,689],"class_list":["post-2011","page","type-page","status-publish","hentry"],"_links":{"self":[{"href":"https:\/\/www.sosmedecincasa.com\/ar\/wp-json\/wp\/v2\/pages\/2011","targetHints":{"allow":["GET"]}}],"collection":[{"href":"https:\/\/www.sosmedecincasa.com\/ar\/wp-json\/wp\/v2\/pages"}],"about":[{"href":"https:\/\/www.sosmedecincasa.com\/ar\/wp-json\/wp\/v2\/types\/page"}],"author":[{"embeddable":true,"href":"https:\/\/www.sosmedecincasa.com\/ar\/wp-json\/wp\/v2\/users\/8"}],"replies":[{"embeddable":true,"href":"https:\/\/www.sosmedecincasa.com\/ar\/wp-json\/wp\/v2\/comments?post=2011"}],"version-history":[{"count":2,"href":"https:\/\/www.sosmedecincasa.com\/ar\/wp-json\/wp\/v2\/pages\/2011\/revisions"}],"predecessor-version":[{"id":2719,"href":"https:\/\/www.sosmedecincasa.com\/ar\/wp-json\/wp\/v2\/pages\/2011\/revisions\/2719"}],"wp:attachment":[{"href":"https:\/\/www.sosmedecincasa.com\/ar\/wp-json\/wp\/v2\/media?parent=2011"}],"wp:term":[{"taxonomy":"yst_prominent_words","embeddable":true,"href":"https:\/\/www.sosmedecincasa.com\/ar\/wp-json\/wp\/v2\/yst_prominent_words?post=2011"}],"curies":[{"name":"wp","href":"https:\/\/api.w.org\/{rel}","templated":true}]}}