{"id":2013,"date":"2018-08-28T15:50:10","date_gmt":"2018-08-28T15:50:10","guid":{"rendered":"http:\/\/www.sosmedecincasa.com\/?page_id=2013"},"modified":"2019-11-29T18:46:34","modified_gmt":"2019-11-29T18:46:34","slug":"medecin-durgence-a-domicile","status":"publish","type":"page","link":"https:\/\/www.sosmedecincasa.com\/ar\/medecin-durgence-a-domicile\/","title":{"rendered":"SOS M\u00e9decins urgence \u00e0 domicile"},"content":{"rendered":"<div class=\"wpb-content-wrapper\">\n<section class=\"vc_row wpb_row vc_row-fluid\">\n\t\t<div class=\"row\">\n            <div class=\"wpb_column vc_column_container col-sm-12 col-md-6 margin_bottom_grid\">\n                <div class=\"wpb_wrapper\">\n\n\t<div class=\"wpb_text_column wpb_content_element\" >\n\t\t<div class=\"wpb_wrapper\">\n\t\t\t<p>Sos\u00a0m\u00e9decins urgentistes sont rod\u00e9s \u00e0 tout type d\u2019urgence. Ils se d\u00e9placement rapidement sur l&rsquo;ensemble des villes desservies\u00a0agadir ,marrakech, casablanca, mohammadia, rabat, fes et tanger sont \u00e9quip\u00e9s d\u2019oxyg\u00e8ne, d&rsquo;oxyg\u00e9noth\u00e9rapie,d\u2019\u00e9lectrocardiogramme, de d\u00e9tecteur de monoxyde de carbone, d\u2019a\u00e9rosol n\u00e9buliseur, d&rsquo;oxym\u00e8tre de pouls et de th\u00e9rapeutiques d\u2019urgence.<\/p>\n<p>Sos m\u00e9decins peuvent d\u00e9livrer des ordonnances et\u00a0pratiquer les premiers soins d&rsquo;urgence\u00a0 \u00e9ventuellement veiller sur le transport\u00a0ambulance m\u00e9dicalis\u00e9e du patient vers la structure hospitali\u00e8re la plus proche.<\/p>\n<p>Pour une intervention rapide les m\u00e9decins urgentiste sont dirig\u00e9s vers les lieux de visites en fonction de leur proximit\u00e9 et du niveau d\u2019urgence de celle-ci.<\/p>\n<p>Pour plus d&rsquo;information consultez notre <a href=\"https:\/\/www.sosmedecincasa.com\/ar\/faq\/\">foire aux questions<\/a>.<\/p>\n\n\t\t<\/div>\n\t<\/div>\n<div class=\"plethora_button wpb_content_element   text-left\">\n    <a href=\"http:\/\/www.sosmedecincasa.com\/ar\/contact\/\" debug class=\"btn btn-danger\" title=\"\"  target=\"_self\">\n\n        \n        Contactez-nous\n        \n\n    <\/a>\n<\/div>\n                <\/div>\n            <\/div>\n\t\t<\/div>\n<\/section>\n\n\n<\/div>","protected":false},"excerpt":{"rendered":"Sos\u00a0m\u00e9decins urgentistes sont rod\u00e9s \u00e0 tout type d\u2019urgence. Ils se d\u00e9placement rapidement sur l'ensemble des villes desservies\u00a0agadir ,marrakech, casablanca, mohammadia, rabat, fes et tanger sont \u00e9quip\u00e9s d\u2019oxyg\u00e8ne, d'oxyg\u00e9noth\u00e9rapie,d\u2019\u00e9lectrocardiogramme, de d\u00e9tecteur de monoxyde de carbone, d\u2019a\u00e9rosol n\u00e9buliseur, d'oxym\u00e8tre de pouls et de th\u00e9rapeutiques d\u2019urgence. Sos m\u00e9decins peuvent d\u00e9livrer des ordonnances et\u00a0pratiquer les premiers soins d'urgence\u00a0 \u00e9ventuellement [...]","protected":false},"author":8,"featured_media":1968,"parent":0,"menu_order":0,"comment_status":"closed","ping_status":"closed","template":"","meta":{"footnotes":""},"yst_prominent_words":[67,75,234,482],"class_list":["post-2013","page","type-page","status-publish","has-post-thumbnail","hentry"],"_links":{"self":[{"href":"https:\/\/www.sosmedecincasa.com\/ar\/wp-json\/wp\/v2\/pages\/2013","targetHints":{"allow":["GET"]}}],"collection":[{"href":"https:\/\/www.sosmedecincasa.com\/ar\/wp-json\/wp\/v2\/pages"}],"about":[{"href":"https:\/\/www.sosmedecincasa.com\/ar\/wp-json\/wp\/v2\/types\/page"}],"author":[{"embeddable":true,"href":"https:\/\/www.sosmedecincasa.com\/ar\/wp-json\/wp\/v2\/users\/8"}],"replies":[{"embeddable":true,"href":"https:\/\/www.sosmedecincasa.com\/ar\/wp-json\/wp\/v2\/comments?post=2013"}],"version-history":[{"count":1,"href":"https:\/\/www.sosmedecincasa.com\/ar\/wp-json\/wp\/v2\/pages\/2013\/revisions"}],"predecessor-version":[{"id":2752,"href":"https:\/\/www.sosmedecincasa.com\/ar\/wp-json\/wp\/v2\/pages\/2013\/revisions\/2752"}],"wp:featuredmedia":[{"embeddable":true,"href":"https:\/\/www.sosmedecincasa.com\/ar\/wp-json\/wp\/v2\/media\/1968"}],"wp:attachment":[{"href":"https:\/\/www.sosmedecincasa.com\/ar\/wp-json\/wp\/v2\/media?parent=2013"}],"wp:term":[{"taxonomy":"yst_prominent_words","embeddable":true,"href":"https:\/\/www.sosmedecincasa.com\/ar\/wp-json\/wp\/v2\/yst_prominent_words?post=2013"}],"curies":[{"name":"wp","href":"https:\/\/api.w.org\/{rel}","templated":true}]}}