{"id":2837,"date":"2020-09-18T14:33:54","date_gmt":"2020-09-18T14:33:54","guid":{"rendered":"https:\/\/www.sosmedecincasa.com\/?page_id=2837"},"modified":"2024-05-06T10:56:36","modified_gmt":"2024-05-06T10:56:36","slug":"medecin-a-domicile-cil","status":"publish","type":"page","link":"https:\/\/www.sosmedecincasa.com\/ar\/medecin-a-domicile-cil\/","title":{"rendered":"\u0637\u0628\u064a\u0628 \u0627\u0644\u0637\u0648\u0627\u0631\u0626 \u0641\u064a \u0627\u0644\u0645\u0646\u0632\u0644 CIL"},"content":{"rendered":"<h2 class=\"wp-block-heading\">Consultation Visite M\u00e9decin \u00e0 Domicile CIL<\/h2>\n\n\n<div class=\"wp-block-image\">\n<figure class=\"aligncenter\"><img decoding=\"async\" src=\"https:\/\/sosmedecinsmaroc.ma\/wp-content\/uploads\/2020\/05\/medecin-1-300x129.jpg\" alt=\"medecin sos\" class=\"wp-image-3226\"\/><\/figure>\n<\/div>\n\n\n<p>Vous habitez \u00e0 <strong>CIL<\/strong> et vous avez besoin d&rsquo;un <strong>m\u00e9decin \u00e0 domicile CIL<\/strong> <strong>m\u00e9decin g\u00e9n\u00e9raliste urgentiste ou sp\u00e9cialiste<\/strong> pour tout type d&rsquo;<strong>\u0637\u0627\u0631\u0626<\/strong>, un m\u00e9decin arrive chez vous dans les plus brefs d\u00e9lais<strong> \u0623\u0637\u0628\u0627\u0621 SOS <\/strong>est l\u00e0 pour r\u00e9pondre \u00e0 vos besoins d&rsquo;<strong>\u0637\u0627\u0631\u0626<\/strong> le m\u00e9decin le plus proche de votre zone se d\u00e9place rapidement\u00a0 chez vous \u00e0 <strong>CIL<\/strong> et environs.<\/p>\n\n\n\n<p>Bien souvent, les<strong> urgences<\/strong> arrivent aux moments o\u00f9 l&rsquo;on s&rsquo;y attend le moins, et il arrive que vous ayez besoin d\u2019un <strong>\u0637\u0628\u064a\u0628 \u0645\u0646\u0632\u0644\u064a<\/strong> , L&rsquo;intervention se fait en 10 minutes environ.<\/p>\n\n\n\n<p><strong>SOS M\u00e9decins CIL <\/strong>est l\u00e0 pour r\u00e9pondre \u00e0 tout genre de situation d&rsquo;<strong>\u0637\u0627\u0631\u0626<\/strong>. Avec notre \u00e9quipe de <strong>m\u00e9decins g\u00e9n\u00e9ralistes et sp\u00e9cialistes<\/strong> d\u00e9vou\u00e9e pour leurs patients,<\/p>\n\n\n\n<p><strong>SOS M\u00e9decins CIL<\/strong> vous propose une intervention imm\u00e9diate d\u2019un <strong><a href=\"https:\/\/www.sosmedecincasa.com\/ar\/category\/sos-medecin-casa\/\" data-type=\"link\" data-id=\"https:\/\/www.sosmedecincasa.com\/category\/sos-medecin-casa\/\">m\u00e9decin \u00e0 domicile Casablanca<\/a><\/strong> pour toutes vos <strong>urgences de sant\u00e9<\/strong> !<\/p>\n\n\n\n<p>Quel que soit votre besoin <strong>m\u00e9dical <\/strong>ou celui de vos proches, <strong>SOS M\u00c9DECINS CASABLANCA<\/strong> vous donne la possibilit\u00e9 de joindre en un clic un <strong>m\u00e9decin \u00e0 domicile Casablanca<\/strong> 24 heures sur 24.<\/p>\n\n\n\n<h2 class=\"wp-block-heading\">SOS m\u00e9decin \u00e0 domicile CIL<\/h2>\n\n\n<div class=\"wp-block-image\">\n<figure class=\"aligncenter\"><img decoding=\"async\" src=\"https:\/\/sosmedecinsmaroc.ma\/wp-content\/uploads\/2020\/05\/IMG-4254-1-1-300x225.jpg\" alt=\"voiture sos medecins maroc\" class=\"wp-image-3224\"\/><\/figure>\n<\/div>\n\n\n<p><strong>SOS MEDECINS CIL<\/strong> met \u00e0 votre disposition une \u00e9quipe de <strong>m\u00e9decins de garde \u00e0 Casablanca <\/strong>joignable 24h\/24.<\/p>\n\n\n\n<p>Le m\u00e9decin le plus proche\u00a0 chez vous\u00a0interviendra en moins de 10 Minutes sur <strong>Casablanca<\/strong> et ses environs.<\/p>\n\n\n\n<p><strong>SOS MEDECINS CIL<\/strong> vous donne acc\u00e8s \u00e0 une \u00e9quipe de <strong>m\u00e9decins qualifi\u00e9s<\/strong>. En quelques minutes seulement vous pouvez obtenir un <strong>m\u00e9decin \u00e0 domicile Casablanca<\/strong>.<\/p>\n\n\n\n<h2 class=\"wp-block-heading\">SOS M\u00c9DECINS DE NUIT CIL<\/h2>\n\n\n<div class=\"wp-block-image\">\n<figure class=\"aligncenter\"><img decoding=\"async\" src=\"https:\/\/sosmedecinsmaroc.ma\/wp-content\/uploads\/2020\/09\/LOGO-SOS-MEDECIN-300x101.png\" alt=\"\" class=\"wp-image-3243\"\/><\/figure>\n<\/div>\n\n\n<p><strong><a href=\"https:\/\/www.youtube.com\/watch?v=uxxnTA22Yg8\" data-type=\"link\" data-id=\"https:\/\/www.youtube.com\/watch?v=uxxnTA22Yg8\">SOS MEDECINS CIL DE NUIT<\/a> <\/strong>est \u00e0 votre disposition une \u00e9quipe de <strong>m\u00e9decins de garde \u00e0 Casablanca<\/strong> joignables 24 heures sur 24.<\/p>\n\n\n\n<p>Appelez le <strong>centre de r\u00e9gulation m\u00e9dicale<\/strong> au 05 22 20 20 20 ou 05 22 47 47 47 pour avoir un <strong>m\u00e9decin de nuit urgentiste <\/strong>en moin de 15 min.\u00a0<\/p>\n\n\n\n<p>Votre Sant\u00e9, notre priorit\u00e9.<\/p>\n\n\n\n<p>Nous ferons toujours plus pour votre sant\u00e9.<\/p>\n\n\n\n<p><strong>Find Doctor in Casablanca Morocco<\/strong> <\/p>\n\n\n\n<div class=\"wp-block-buttons is-layout-flex wp-block-buttons-is-layout-flex\">\n<div class=\"wp-block-button\"><a class=\"wp-block-button__link wp-element-button\" href=\"tel: 2126 61 14 09 81\"><strong>Appelez<\/strong><\/a><\/div>\n<\/div>\n\n\n\n<figure class=\"wp-block-embed is-type-video is-provider-youtube wp-block-embed-youtube wp-embed-aspect-16-9 wp-has-aspect-ratio\"><div class=\"wp-block-embed__wrapper\">\n<iframe loading=\"lazy\" style=\"border:none;\" title=\"MEDECINS A DOMICILE 0522202020\" width=\"500\" height=\"281\" src=\"https:\/\/www.youtube.com\/embed\/uxxnTA22Yg8?feature=oembed&#038;enablejsapi=1&#038;origin=https:\/\/www.sosmedecincasa.com\"  allow=\"accelerometer; autoplay; clipboard-write; encrypted-media; gyroscope; picture-in-picture; web-share\" referrerpolicy=\"strict-origin-when-cross-origin\" allowfullscreen><\/iframe>\n<\/div><\/figure>","protected":false},"excerpt":{"rendered":"<p>Consultation Visite M\u00e9decin \u00e0 Domicile CIL Vous habitez \u00e0 CIL et vous avez besoin d&rsquo;un m\u00e9decin \u00e0 domicile CIL m\u00e9decin g\u00e9n\u00e9raliste urgentiste ou sp\u00e9cialiste pour tout type d&rsquo;urgence, un m\u00e9decin arrive chez vous dans les plus brefs d\u00e9lais sos m\u00e9decins est l\u00e0 pour r\u00e9pondre \u00e0 vos besoins d&rsquo;urgence le m\u00e9decin le plus proche de votre [&hellip;]<\/p>","protected":false},"author":8,"featured_media":3263,"parent":0,"menu_order":0,"comment_status":"closed","ping_status":"closed","template":"","meta":{"footnotes":""},"yst_prominent_words":[1188,1189,1178,1187,1181,1179,1201,606,1176,1191,1180,482,1224],"class_list":["post-2837","page","type-page","status-publish","has-post-thumbnail","hentry"],"_links":{"self":[{"href":"https:\/\/www.sosmedecincasa.com\/ar\/wp-json\/wp\/v2\/pages\/2837","targetHints":{"allow":["GET"]}}],"collection":[{"href":"https:\/\/www.sosmedecincasa.com\/ar\/wp-json\/wp\/v2\/pages"}],"about":[{"href":"https:\/\/www.sosmedecincasa.com\/ar\/wp-json\/wp\/v2\/types\/page"}],"author":[{"embeddable":true,"href":"https:\/\/www.sosmedecincasa.com\/ar\/wp-json\/wp\/v2\/users\/8"}],"replies":[{"embeddable":true,"href":"https:\/\/www.sosmedecincasa.com\/ar\/wp-json\/wp\/v2\/comments?post=2837"}],"version-history":[{"count":3,"href":"https:\/\/www.sosmedecincasa.com\/ar\/wp-json\/wp\/v2\/pages\/2837\/revisions"}],"predecessor-version":[{"id":3362,"href":"https:\/\/www.sosmedecincasa.com\/ar\/wp-json\/wp\/v2\/pages\/2837\/revisions\/3362"}],"wp:featuredmedia":[{"embeddable":true,"href":"https:\/\/www.sosmedecincasa.com\/ar\/wp-json\/wp\/v2\/media\/3263"}],"wp:attachment":[{"href":"https:\/\/www.sosmedecincasa.com\/ar\/wp-json\/wp\/v2\/media?parent=2837"}],"wp:term":[{"taxonomy":"yst_prominent_words","embeddable":true,"href":"https:\/\/www.sosmedecincasa.com\/ar\/wp-json\/wp\/v2\/yst_prominent_words?post=2837"}],"curies":[{"name":"wp","href":"https:\/\/api.w.org\/{rel}","templated":true}]}}