{"id":3001,"date":"2021-03-09T16:41:23","date_gmt":"2021-03-09T16:41:23","guid":{"rendered":"https:\/\/www.sosmedecincasa.com\/?page_id=3001"},"modified":"2024-05-05T13:57:11","modified_gmt":"2024-05-05T13:57:11","slug":"consultation-medecin-a-domicile","status":"publish","type":"page","link":"https:\/\/www.sosmedecincasa.com\/ar\/\u0627\u0633\u062a\u0634\u0627\u0631\u0629-\u0627\u0644\u0637\u0628\u064a\u0628-\u0627\u0644\u0645\u0646\u0632\u0644\u064a\/","title":{"rendered":"\u0627\u0633\u062a\u0634\u0627\u0631\u0629 \u0627\u0644\u0637\u0628\u064a\u0628 \u0627\u0644\u0645\u0646\u0632\u0644\u064a"},"content":{"rendered":"<h2 class=\"wp-block-heading\">Consultation Visite medecin \u00e0 Domicile <\/h2>\n\n\n<div class=\"wp-block-image\">\n<figure class=\"aligncenter\"><img decoding=\"async\" src=\"https:\/\/sosmedecinsmaroc.ma\/wp-content\/uploads\/2020\/05\/medecin-1-300x129.jpg\" alt=\"medecin sos\" class=\"wp-image-3226\"\/><\/figure>\n<\/div>\n\n\n<p>Vous habitez \u00e0 Casablanca et vous avez besoin d&rsquo;un m\u00e9decin g\u00e9n\u00e9raliste urgentiste ou sp\u00e9cialiste pour tout type d&rsquo;urgence, un m\u00e9decin arrive chez vous dans les plus brefs d\u00e9lais sos medecins consultation a domicile est l\u00e0 pour r\u00e9pondre \u00e0 vos besoins d&rsquo;urgence le m\u00e9decin \u00e0 domicile le plus proche de votre zone se d\u00e9place rapidement&nbsp;chez vous \u00e0 Casablanca et environs.<\/p>\n\n\n\n<p>Bien souvent, les urgences arrivent aux moments o\u00f9 l&rsquo;on s&rsquo;y attend le moins, et il arrive que vous ayez besoin d\u2019un m\u00e9decin pour une consultation \u00e0 domicile , L&rsquo;intervention se fait en 10 minutes environ.<\/p>\n\n\n\n<p>SOS Medecin Casablanca est l\u00e0 pour r\u00e9pondre \u00e0 tout genre de situation d&rsquo;urgence. Avec notre \u00e9quipe de M\u00e9decins  \u00f2 domicile g\u00e9n\u00e9ralistes et sp\u00e9cialistes d\u00e9vou\u00e9e pour leurs patients,<\/p>\n\n\n\n<p>SOS M\u00e9decins Casablanca vous propose une consultation medecins \u00f2 domicile intervention imm\u00e9diate d\u2019un m\u00e9decin \u00e0 domicile Casablanca pour toutes vos urgences de sant\u00e9 !<\/p>\n\n\n\n<p>Quel que soit votre besoin m\u00e9dical ou celui de vos proches, SOS M\u00c9DECINS CASABLANCA vous donne la possibilit\u00e9 de joindre en un clic une consultation m\u00e9decin \u00e0 domicile Casablanca 24 heures sur 24.<\/p>\n\n\n\n<h2 class=\"wp-block-heading\">SOS M\u00c9DECINS Casablanca<\/h2>\n\n\n<div class=\"wp-block-image\">\n<figure class=\"aligncenter\"><img decoding=\"async\" src=\"https:\/\/sosmedecinsmaroc.ma\/wp-content\/uploads\/2020\/05\/IMG-4254-1-1-300x225.jpg\" alt=\"voiture sos medecins maroc\" class=\"wp-image-3224\"\/><\/figure>\n<\/div>\n\n\n<p>SOS MEDECINS Casablanca met \u00e0 votre disposition une \u00e9quipe de M\u00e9decins  de garde \u00e0 Casablanca joignable 24h\/24.<\/p>\n\n\n\n<p>Le m\u00e9decin le plus proche&nbsp;de chez vous&nbsp;interviendra en moins de 10 Minutes sur Casablanca et ses environs.<\/p>\n\n\n\n<p>SOS MEDECINS Casablanca vous donne acc\u00e8s \u00e0 une \u00e9quipe de M\u00e9decins  qualifi\u00e9s. En quelques minutes seulement vous pouvez obtenir un m\u00e9decin pour une consultation \u00e0 domicile.<\/p>\n\n\n\n<h2 class=\"wp-block-heading\">SOS MEDECINS DE NUIT Casablanca<\/h2>\n\n\n<div class=\"wp-block-image\">\n<figure class=\"aligncenter\"><img decoding=\"async\" src=\"https:\/\/sosmedecinsmaroc.ma\/wp-content\/uploads\/2020\/09\/LOGO-SOS-MEDECIN-300x101.png\" alt=\"\" class=\"wp-image-3243\"\/><\/figure>\n<\/div>\n\n\n<p>SOS M\u00e9decin Casablanca DE NUIT est \u00e0 votre disposition une \u00e9quipe de m\u00e9decins de garde pour une consultation \u00e0 domicile Casablanca joignables 24 heures sur 24.<\/p>\n\n\n\n<p>Appelez le centre de r\u00e9gulation m\u00e9dicale au 05 22 20 20 20 ou 05 22 47 47 47 pour avoir une consultation d&rsquo;un m\u00e9decin \u00f2 domicile de nuit urgentiste en moin de 15 min.&nbsp;<\/p>\n\n\n\n<p>Votre Sant\u00e9, notre priorit\u00e9.<\/p>\n\n\n\n<p>Nous ferons toujours plus pour votre sant\u00e9.<\/p>\n\n\n\n<div class=\"wp-block-buttons is-layout-flex wp-block-buttons-is-layout-flex\">\n<div class=\"wp-block-button\"><a class=\"wp-block-button__link wp-element-button\" href=\"tel: 2126 61 14 09 81\"><strong>APPELEZ<\/strong><\/a><\/div>\n<\/div>","protected":false},"excerpt":{"rendered":"<p>Consultation Visite medecin \u00e0 Domicile Vous habitez \u00e0 Casablanca et vous avez besoin d&rsquo;un m\u00e9decin g\u00e9n\u00e9raliste urgentiste ou sp\u00e9cialiste pour tout type d&rsquo;urgence, un m\u00e9decin arrive chez vous dans les plus brefs d\u00e9lais sos medecins consultation a domicile est l\u00e0 pour r\u00e9pondre \u00e0 vos besoins d&rsquo;urgence le m\u00e9decin \u00e0 domicile le plus proche de votre [&hellip;]<\/p>","protected":false},"author":8,"featured_media":0,"parent":0,"menu_order":0,"comment_status":"closed","ping_status":"closed","template":"","meta":{"footnotes":""},"yst_prominent_words":[487,1188,575,1189,1178,1187,1181,1179,606,1176,1249,1158,1191,1243,234,482,629],"class_list":["post-3001","page","type-page","status-publish","hentry"],"_links":{"self":[{"href":"https:\/\/www.sosmedecincasa.com\/ar\/wp-json\/wp\/v2\/pages\/3001","targetHints":{"allow":["GET"]}}],"collection":[{"href":"https:\/\/www.sosmedecincasa.com\/ar\/wp-json\/wp\/v2\/pages"}],"about":[{"href":"https:\/\/www.sosmedecincasa.com\/ar\/wp-json\/wp\/v2\/types\/page"}],"author":[{"embeddable":true,"href":"https:\/\/www.sosmedecincasa.com\/ar\/wp-json\/wp\/v2\/users\/8"}],"replies":[{"embeddable":true,"href":"https:\/\/www.sosmedecincasa.com\/ar\/wp-json\/wp\/v2\/comments?post=3001"}],"version-history":[{"count":2,"href":"https:\/\/www.sosmedecincasa.com\/ar\/wp-json\/wp\/v2\/pages\/3001\/revisions"}],"predecessor-version":[{"id":3325,"href":"https:\/\/www.sosmedecincasa.com\/ar\/wp-json\/wp\/v2\/pages\/3001\/revisions\/3325"}],"wp:attachment":[{"href":"https:\/\/www.sosmedecincasa.com\/ar\/wp-json\/wp\/v2\/media?parent=3001"}],"wp:term":[{"taxonomy":"yst_prominent_words","embeddable":true,"href":"https:\/\/www.sosmedecincasa.com\/ar\/wp-json\/wp\/v2\/yst_prominent_words?post=3001"}],"curies":[{"name":"wp","href":"https:\/\/api.w.org\/{rel}","templated":true}]}}