{"id":145,"date":"2015-09-28T16:00:31","date_gmt":"2015-09-28T16:00:31","guid":{"rendered":"http:\/\/plethorathemes.com\/healthx\/?page_id=145"},"modified":"2024-12-16T12:03:19","modified_gmt":"2024-12-16T12:03:19","slug":"accueil","status":"publish","type":"page","link":"https:\/\/www.sosmedecincasa.com\/de\/","title":{"rendered":"24-Stunden-Notfalldienst \u2013 Arzt auf Abruf \u2013 Medizinische Evakuierung"},"content":{"rendered":"<h1 style=\"text-align: center; color: #244297;\"><strong>SOS-\u00c4rztekonsultationen Casablanca <\/strong><\/h1>\n<h1 style=\"text-align: center; color: #244297;\"><strong>Hausarzt<\/strong><\/h1>\n<h1 style=\"text-align: center; color: #244297;\"><strong>24-Stunden-Notfalldienst<\/strong><\/h1>\n<p style=\"text-align: center;\">Schnelle Hilfe in 10 Minuten, egal wo Sie sind.<\/p>\n<h2 style=\"color: #244297; text-align: center;\">SOS-\u00c4rzte \u2013 Notfall-Hausbesuche<\/h2>\n<p style=\"text-align: center;\"><span style=\"font-size: 1.28em;\">Nach Eingang Ihres Anrufs an <strong>05 22 20 20 20, <\/strong>Medizinische Regulierungsstelle.<\/span><\/p>\n<p style=\"text-align: center;\"><span style=\"font-size: 1.28em;\">Unsere \u00c4rzte stellen Ihnen Triage-\u00c4rzte zur Seite, die Sie unter bestm\u00f6glichen Bedingungen beraten und unterst\u00fctzen.<\/span><\/p>\n<p style=\"text-align: center;\"><span style=\"font-size: 1.28em;\">w\u00e4hrend wir auf die Ankunft von <strong>Notfallmediziner<\/strong> Oder <strong>Spezialist<\/strong>.<\/span><\/p>\n<h2 style=\"color: #244297; text-align: center;\">SOS Doctor Notdienst in Casablanca<\/h2>\n<p style=\"text-align: center;\"><span style=\"font-size: 1.28em;\">Es ist 3 Uhr morgens, Sie haben einen Patienten, der dringend h\u00e4usliche Pflege ben\u00f6tigt, Sie brauchen einen Arzt, der zu Ihnen nach Hause kommt.<\/span><\/p>\n<p style=\"text-align: center;\"><span style=\"font-size: 1.28em;\">Unsere Notfall\u00e4rzte garantieren Ihnen eine schnelle und individuelle Behandlung in weniger als 15 Minuten.<\/span><\/p>\n<h2 style=\"color: #244297; text-align: center;\">Bereitschaftsarzt in Casablanca<\/h2>\n<p style=\"text-align: center;\"><span style=\"font-size: 1.28em;\">Verordnung <strong>SOS-\u00c4rzte<\/strong><strong>,<\/strong> SOS M\u00e9decins, ein f\u00fchrender Anbieter von h\u00e4uslicher Notfallversorgung in allen Fachbereichen, bietet medizinische Notfalldienste an.<\/span><\/p>\n<p style=\"text-align: center;\"><span style=\"font-size: 1.28em;\"> Ungeplante medizinische Versorgung, 24 Stunden am Tag, 7 Tage die Woche. <\/span><\/p>\n<p style=\"text-align: center;\"><span style=\"font-size: 1.28em;\"><strong>SOS-\u00c4rzte<\/strong> gew\u00e4hrleistet Arztbesuche<strong>Notfall<\/strong>, kontinuierlich und dauerhaft, und Pflege zu Hause oder am Arbeitsplatz.<\/span><\/p>\n<div style=\"height: 0px; width: 0px; overflow: hidden;\">\n<p>Ivermectin (Stromectol) ist als Generikum erh\u00e4ltlich, dessen Preis stark vom Originalpr\u00e4parat abweichen kann. Mehr Gef\u00fchle <a href=\"https:\/\/realfabricadecristales.es\/comprar-ivermectina-online-en-espana\/\">Ivermectin kaufen<\/a> in Schachteln mit 60 Pastillas.<\/p>\n<\/div>\n<h2 style=\"color: #244297; text-align: center;\">Samu Maroc Casablanca<\/h2>\n<p style=\"text-align: center;\"><span style=\"font-size: 1.28em;\">Die Rettungsdienste (SAMU) sind rund um die Uhr f\u00fcr die medizinische Versorgung der Bev\u00f6lkerung im Einsatz. Schnelle Hilfe innerhalb von 10 Minuten \u2013 egal wo Sie sich in Casablanca und Umgebung befinden.<\/span><\/p>\n<h2 style=\"color: #244297; text-align: center;\">Hallo Tabib Casablanca<\/h2>\n<p style=\"text-align: center;\"><span style=\"font-size: 1.28em;\">Unsere qualifizierten und erfahrenen medizinischen Fachkr\u00e4fte reagieren schnell, effizient und sicher auf alle Ihre Notf\u00e4lle, um Ihnen die bestm\u00f6gliche Versorgung zu gew\u00e4hrleisten. Kontaktieren Sie SOS \u00c4rzte Casablanca.<\/span><\/p>\n<h2 style=\"color: #244297; text-align: center;\">SOS-Arzt-Attest f\u00fcr Gegenbesuch in Casablanca<\/h2>\n<p style=\"text-align: center;\"><span style=\"font-size: 1.28em;\">SOS-\u00c4rzte \u00fcberpr\u00fcfen und bescheinigen den Gesundheitszustand des Patienten bei wiederholter oder systematischer Abwesenheit vom Arbeitsplatz.<\/span><\/p>\n<p style=\"text-align: center;\"><span style=\"font-size: 1.28em;\">Auf Wunsch von Unternehmen zur Durchf\u00fchrung einer medizinischen Untersuchung zu Hause.<\/span><\/p>\n<h2 style=\"color: #244297; text-align: center;\">SOS M\u00e9decins Casablanca ber\u00e4t Sie<\/h2>\n<p style=\"text-align: center;\"><span style=\"font-size: 1.28em;\">Durch einen einfachen Anruf <strong>0522 20 20 20 \/ 0522 47 47 47 SOS-Arzt<\/strong>\u00a0Die Regulierungsbeh\u00f6rde leitet, ber\u00e4t und unterst\u00fctzt Sie rund um die Uhr.<\/span><\/p>\n<h2 style=\"color: #244297; text-align: center;\">\u00a0 \u00a0 \u00a0 \u00a0 \u00a0 \u00a0 \u00a0 Die Ressourcen von SOS M\u00e9decins Casablanca<\/h2>\n<p style=\"text-align: center;\"><span style=\"font-size: 1.28em;\">\u00a0 \u00a0 Das Team von <strong>SOS-\u00c4rzte<\/strong> verf\u00fcgt \u00fcber die gesamte notwendige Ausr\u00fcstung, um alle Notfallsituationen zu bew\u00e4ltigen, und bietet h\u00e4usliche Pflege an. <\/span><\/p>\n<p style=\"text-align: center;\"><span style=\"font-size: 1.28em;\">Ultraschalluntersuchung zu Hause, Elektrokardiogramm f\u00fcr zu Hause, Defibrillator, Seren, Injektionsger\u00e4te, Sonden, Sauerstofftherapie zu Hause, h\u00e4usliche Krankenhausbehandlung.<\/span><\/p>\n<h2 style=\"color: #244297; text-align: center;\">SOS-\u00c4RZTE CASABLANCA<\/h2>\n<p style=\"text-align: center;\"><span style=\"font-size: 1.28em;\">Bluttest f\u00fcr zu Hause<\/span><\/p>\n<p style=\"text-align: center;\"><span style=\"font-size: 1.28em;\">Covid-19-PCR-Test f\u00fcr zu Hause<\/span><\/p>\n<p style=\"text-align: center;\"><span style=\"font-size: 1.28em;\">H\u00e4usliche Krankenhausbehandlung, Notfallbehandlung mit Sauerstoff bei Bedarf.<\/span><\/p>","protected":false},"excerpt":{"rendered":"<p>Consultations SOS M\u00e9decins Casablanca M\u00e9decin \u00e0 domicile Urgences 24\/24 Intervention rapide en 10 minutes, o\u00f9 que vous soyez. SOS Medecins urgences \u00e0 domicile D\u00e8s la r\u00e9ception de votre \u00a0appel au 05 22 20 20 20, centre de r\u00e9gulation m\u00e9dicale. Nos m\u00e9decins met \u00e0 votre disposition des m\u00e9decins r\u00e9gulateurs qui vous conseillent et vous accompagnent dans [&hellip;]<\/p>","protected":false},"author":8,"featured_media":2046,"parent":0,"menu_order":0,"comment_status":"closed","ping_status":"closed","template":"","meta":{"footnotes":""},"yst_prominent_words":[149,147,146,152,160,659,75,1124,1158,638,485,482,655,629,1125],"class_list":["post-145","page","type-page","status-publish","has-post-thumbnail","hentry"],"_links":{"self":[{"href":"https:\/\/www.sosmedecincasa.com\/de\/wp-json\/wp\/v2\/pages\/145","targetHints":{"allow":["GET"]}}],"collection":[{"href":"https:\/\/www.sosmedecincasa.com\/de\/wp-json\/wp\/v2\/pages"}],"about":[{"href":"https:\/\/www.sosmedecincasa.com\/de\/wp-json\/wp\/v2\/types\/page"}],"author":[{"embeddable":true,"href":"https:\/\/www.sosmedecincasa.com\/de\/wp-json\/wp\/v2\/users\/8"}],"replies":[{"embeddable":true,"href":"https:\/\/www.sosmedecincasa.com\/de\/wp-json\/wp\/v2\/comments?post=145"}],"version-history":[{"count":17,"href":"https:\/\/www.sosmedecincasa.com\/de\/wp-json\/wp\/v2\/pages\/145\/revisions"}],"predecessor-version":[{"id":3527,"href":"https:\/\/www.sosmedecincasa.com\/de\/wp-json\/wp\/v2\/pages\/145\/revisions\/3527"}],"wp:featuredmedia":[{"embeddable":true,"href":"https:\/\/www.sosmedecincasa.com\/de\/wp-json\/wp\/v2\/media\/2046"}],"wp:attachment":[{"href":"https:\/\/www.sosmedecincasa.com\/de\/wp-json\/wp\/v2\/media?parent=145"}],"wp:term":[{"taxonomy":"yst_prominent_words","embeddable":true,"href":"https:\/\/www.sosmedecincasa.com\/de\/wp-json\/wp\/v2\/yst_prominent_words?post=145"}],"curies":[{"name":"wp","href":"https:\/\/api.w.org\/{rel}","templated":true}]}}