{"id":2839,"date":"2020-09-18T14:36:00","date_gmt":"2020-09-18T14:36:00","guid":{"rendered":"https:\/\/www.sosmedecincasa.com\/?page_id=2839"},"modified":"2024-05-06T11:00:40","modified_gmt":"2024-05-06T11:00:40","slug":"medecin-a-domicile-dar-bouazza","status":"publish","type":"page","link":"https:\/\/www.sosmedecincasa.com\/de\/medecin-a-domicile-dar-bouazza\/","title":{"rendered":"SOS-Arzt zu Hause in Dar Bouazza"},"content":{"rendered":"<h2 class=\"wp-block-heading\">Consultation Visite M\u00e9decin \u00e0 Domicile Dar Bouazza<\/h2>\n\n\n<div class=\"wp-block-image\">\n<figure class=\"aligncenter\"><img decoding=\"async\" src=\"https:\/\/sosmedecinsmaroc.ma\/wp-content\/uploads\/2020\/05\/medecin-1-300x129.jpg\" alt=\"medecin sos\" class=\"wp-image-3226\"\/><\/figure>\n<\/div>\n\n\n<p>Vous habitez \u00e0 <strong>Dar Bouazza <\/strong>et vous avez besoin d&rsquo;un<strong> m\u00e9decin \u00e0 domicile Dar Bouazza<\/strong> m\u00e9decin g\u00e9n\u00e9raliste <strong>urgentiste<\/strong> ou sp\u00e9cialiste pour tout type d&rsquo;<strong>Notfall<\/strong> <strong>casa<\/strong>, un<strong> m\u00e9decin<\/strong> arrive chez vous dans les plus brefs d\u00e9lais <strong>SOS-\u00c4rzte <\/strong>est l\u00e0 pour r\u00e9pondre \u00e0 vos besoins d&rsquo;<strong>urgence le m\u00e9decin<\/strong> le plus proche de votre zone se d\u00e9place rapidement\u00a0 chez vous \u00e0<strong> Dar Bouazza <\/strong>et environs.<\/p>\n\n\n\n<p>Bien souvent, les urgences arrivent aux moments o\u00f9 l&rsquo;on s&rsquo;y attend le moins, et il arrive que vous ayez besoin d\u2019un <strong>Hausarzt<\/strong> , L&rsquo;intervention se fait en 10 minutes environ.<\/p>\n\n\n\n<p><strong>SOS M\u00e9decins Dar Bouazza<\/strong> est l\u00e0 pour r\u00e9pondre \u00e0 tout genre de situation d<strong>&lsquo;urgence<\/strong>. Avec notre \u00e9quipe de <strong>m\u00e9decins g\u00e9n\u00e9ralistes et sp\u00e9cialistes <\/strong>d\u00e9vou\u00e9e pour leurs <strong>patients<\/strong>,<\/p>\n\n\n\n<p><strong>SOS M\u00e9decins Dar Bouazza<\/strong> vous propose une intervention imm\u00e9diate d\u2019un <strong>Hausarzt<\/strong> <strong>Casablanca<\/strong> pour toutes vos <strong>urgences de sant\u00e9<\/strong> !<\/p>\n\n\n\n<p>Quel que soit votre besoin m\u00e9dical ou celui de vos proches,<strong> SOS M\u00c9DECINS CASABLANCA<\/strong> vous donne la possibilit\u00e9 de joindre en un clic un <strong>m\u00e9decin \u00e0 domicile Casablanca<\/strong> 24 heures sur 24.<\/p>\n\n\n\n<h2 class=\"wp-block-heading\">SOS M\u00c9DECINS DAR BOUAZZA<\/h2>\n\n\n<div class=\"wp-block-image\">\n<figure class=\"aligncenter\"><img decoding=\"async\" src=\"https:\/\/sosmedecinsmaroc.ma\/wp-content\/uploads\/2020\/05\/IMG-4254-1-1-300x225.jpg\" alt=\"voiture sos medecins maroc\" class=\"wp-image-3224\"\/><\/figure>\n<\/div>\n\n\n<p><strong>SOS MEDECINS DAR BOUAZZA<\/strong> met \u00e0 votre disposition une \u00e9quipe de <strong>m\u00e9decins de garde \u00e0 Casablanca<\/strong> joignable 24h\/24.<\/p>\n\n\n\n<p>Le m\u00e9decin le plus proche\u00a0 chez vous\u00a0interviendra en moins de 10 Minutes sur <strong>Casablanca<\/strong> et ses environs.<\/p>\n\n\n\n<p><strong>SOS MEDECINS\u00a0DAR BOUAZZA<\/strong>\u00a0vous donne acc\u00e8s \u00e0 une \u00e9quipe de <strong>m\u00e9decins qualifi\u00e9s<\/strong>. En quelques minutes seulement vous pouvez obtenir un <strong><a href=\"https:\/\/www.sosmedecincasa.com\/de\/category\/sos-medecin-casa\/\" data-type=\"link\" data-id=\"https:\/\/www.sosmedecincasa.com\/category\/sos-medecin-casa\/\">m\u00e9decin \u00e0 domicile Casablanca<\/a><\/strong>.<\/p>\n\n\n\n<h2 class=\"wp-block-heading\">SOS M\u00c9DECINS DE NUIT&nbsp;DAR BOUAZZA<\/h2>\n\n\n<div class=\"wp-block-image\">\n<figure class=\"aligncenter\"><img decoding=\"async\" src=\"https:\/\/sosmedecinsmaroc.ma\/wp-content\/uploads\/2020\/09\/LOGO-SOS-MEDECIN-300x101.png\" alt=\"\" class=\"wp-image-3243\"\/><\/figure>\n<\/div>\n\n\n<p><strong>SOS MEDECINS DAR BOUAZZA DE NUIT <\/strong>est \u00e0 votre disposition une \u00e9quipe de <strong><a href=\"https:\/\/www.youtube.com\/@sosmedecinCasablanca\" data-type=\"link\" data-id=\"https:\/\/www.youtube.com\/@sosmedecinCasablanca\">m\u00e9decins de garde \u00e0 Casablanca<\/a> <\/strong>joignables 24 heures sur 24.<\/p>\n\n\n\n<p>Appelez le <strong>centre de r\u00e9gulation m\u00e9dicale<\/strong> au 05 22 20 20 20 ou 05 22 47 47 47 pour avoir un <strong>m\u00e9decin de nuit urgentiste <\/strong>en moin de 15 min.\u00a0<\/p>\n\n\n\n<p>Votre Sant\u00e9, notre priorit\u00e9.<\/p>\n\n\n\n<p>Nous ferons toujours plus pour votre sant\u00e9.<\/p>\n\n\n\n<div class=\"wp-block-buttons is-layout-flex wp-block-buttons-is-layout-flex\">\n<div class=\"wp-block-button\"><a class=\"wp-block-button__link wp-element-button\" href=\"tel: 2126 61 14 09 81\"><strong>Appelez<\/strong><\/a><\/div>\n<\/div>","protected":false},"excerpt":{"rendered":"<p>Consultation Visite M\u00e9decin \u00e0 Domicile Dar Bouazza Vous habitez \u00e0 Dar Bouazza et vous avez besoin d&rsquo;un m\u00e9decin \u00e0 domicile Dar Bouazza m\u00e9decin g\u00e9n\u00e9raliste urgentiste ou sp\u00e9cialiste pour tout type d&rsquo;urgence casa, un m\u00e9decin arrive chez vous dans les plus brefs d\u00e9lais sos m\u00e9decins est l\u00e0 pour r\u00e9pondre \u00e0 vos besoins d&rsquo;urgence le m\u00e9decin le [&hellip;]<\/p>","protected":false},"author":8,"featured_media":2648,"parent":0,"menu_order":0,"comment_status":"closed","ping_status":"closed","template":"","meta":{"footnotes":""},"yst_prominent_words":[1178,1187,1181,1179,606,1176,1212,1211,1180,482,1210,1197],"class_list":["post-2839","page","type-page","status-publish","has-post-thumbnail","hentry"],"_links":{"self":[{"href":"https:\/\/www.sosmedecincasa.com\/de\/wp-json\/wp\/v2\/pages\/2839","targetHints":{"allow":["GET"]}}],"collection":[{"href":"https:\/\/www.sosmedecincasa.com\/de\/wp-json\/wp\/v2\/pages"}],"about":[{"href":"https:\/\/www.sosmedecincasa.com\/de\/wp-json\/wp\/v2\/types\/page"}],"author":[{"embeddable":true,"href":"https:\/\/www.sosmedecincasa.com\/de\/wp-json\/wp\/v2\/users\/8"}],"replies":[{"embeddable":true,"href":"https:\/\/www.sosmedecincasa.com\/de\/wp-json\/wp\/v2\/comments?post=2839"}],"version-history":[{"count":3,"href":"https:\/\/www.sosmedecincasa.com\/de\/wp-json\/wp\/v2\/pages\/2839\/revisions"}],"predecessor-version":[{"id":3364,"href":"https:\/\/www.sosmedecincasa.com\/de\/wp-json\/wp\/v2\/pages\/2839\/revisions\/3364"}],"wp:featuredmedia":[{"embeddable":true,"href":"https:\/\/www.sosmedecincasa.com\/de\/wp-json\/wp\/v2\/media\/2648"}],"wp:attachment":[{"href":"https:\/\/www.sosmedecincasa.com\/de\/wp-json\/wp\/v2\/media?parent=2839"}],"wp:term":[{"taxonomy":"yst_prominent_words","embeddable":true,"href":"https:\/\/www.sosmedecincasa.com\/de\/wp-json\/wp\/v2\/yst_prominent_words?post=2839"}],"curies":[{"name":"wp","href":"https:\/\/api.w.org\/{rel}","templated":true}]}}