{"id":145,"date":"2015-09-28T16:00:31","date_gmt":"2015-09-28T16:00:31","guid":{"rendered":"http:\/\/plethorathemes.com\/healthx\/?page_id=145"},"modified":"2024-12-16T12:03:19","modified_gmt":"2024-12-16T12:03:19","slug":"accueil","status":"publish","type":"page","link":"https:\/\/www.sosmedecincasa.com\/en\/","title":{"rendered":"24\/7 Emergency Services \u2013 Doctor on Call \u2013 Medical Evacuation"},"content":{"rendered":"<h1 style=\"text-align: center; color: #244297;\"><strong>SOS Doctors Consultations Casablanca <\/strong><\/h1>\n<h1 style=\"text-align: center; color: #244297;\"><strong>Home doctor<\/strong><\/h1>\n<h1 style=\"text-align: center; color: #244297;\"><strong>24\/7 Emergency Services<\/strong><\/h1>\n<p style=\"text-align: center;\">Rapid intervention in 10 minutes, wherever you are.<\/p>\n<h2 style=\"color: #244297; text-align: center;\">SOS Doctors emergency home visits<\/h2>\n<p style=\"text-align: center;\"><span style=\"font-size: 1.28em;\">Upon receiving your call to <strong>05 22 20 20 20, <\/strong>medical regulation center.<\/span><\/p>\n<p style=\"text-align: center;\"><span style=\"font-size: 1.28em;\">Our doctors provide you with triage doctors who advise and support you in the best possible conditions.<\/span><\/p>\n<p style=\"text-align: center;\"><span style=\"font-size: 1.28em;\">while awaiting the arrival of <strong>emergency physician<\/strong> Or <strong>specialist<\/strong>.<\/span><\/p>\n<h2 style=\"color: #244297; text-align: center;\">SOS Doctor emergency night service in Casablanca<\/h2>\n<p style=\"text-align: center;\"><span style=\"font-size: 1.28em;\">It is 3 a.m., you have a patient requiring urgent home care, you need a doctor to come to your home.<\/span><\/p>\n<p style=\"text-align: center;\"><span style=\"font-size: 1.28em;\">Our emergency doctors guarantee you a rapid and tailored treatment in less than 15 minutes.<\/span><\/p>\n<h2 style=\"color: #244297; text-align: center;\">On-call doctor in Casablanca<\/h2>\n<p style=\"text-align: center;\"><span style=\"font-size: 1.28em;\">Regulation <strong>SOS doctors<\/strong><strong>,<\/strong> SOS M\u00e9decins, a leader in home emergency care across all specialties, provides emergency medical services.<\/span><\/p>\n<p style=\"text-align: center;\"><span style=\"font-size: 1.28em;\"> unscheduled medical care, 24 hours a day, 7 days a week. <\/span><\/p>\n<p style=\"text-align: center;\"><span style=\"font-size: 1.28em;\"><strong>SOS doctors<\/strong> ensures medical visits<strong>emergency<\/strong>, continuously and permanently, and care at home or at your workplace.<\/span><\/p>\n<div style=\"height: 0px; width: 0px; overflow: hidden;\">\n<p>Ivermectin (Stromectol) is available generically at a price that may vary widely from the original version. Have more feelings <a href=\"https:\/\/realfabricadecristales.es\/comprar-ivermectina-online-en-espana\/\">buy Ivermectin<\/a> in boxes of 60 pastillas.<\/p>\n<\/div>\n<h2 style=\"color: #244297; text-align: center;\">Samu Maroc Casablanca<\/h2>\n<p style=\"text-align: center;\"><span style=\"font-size: 1.28em;\">The missions of the Emergency Medical Assistance Service (SAMU) respond 24\/7 to the population&#039;s healthcare needs. Rapid intervention within 10 minutes wherever you are in Casablanca and the surrounding areas.<\/span><\/p>\n<h2 style=\"color: #244297; text-align: center;\">Hello Tabib Casablanca<\/h2>\n<p style=\"text-align: center;\"><span style=\"font-size: 1.28em;\">Our qualified and experienced healthcare professionals respond quickly, efficiently, and safely to all your emergencies to ensure the best possible care. Contact SOS M\u00e9decins Casablanca.<\/span><\/p>\n<h2 style=\"color: #244297; text-align: center;\">SOS doctor medical certificate for counter-visit Casablanca<\/h2>\n<p style=\"text-align: center;\"><span style=\"font-size: 1.28em;\">SOS doctors to check and certify the state of health of the patient for habitual or systematic absenteeism from the workplace.<\/span><\/p>\n<p style=\"text-align: center;\"><span style=\"font-size: 1.28em;\">At the request of companies to carry out a medical check-up at home.<\/span><\/p>\n<h2 style=\"color: #244297; text-align: center;\">SOS M\u00e9decins Casablanca advises you<\/h2>\n<p style=\"text-align: center;\"><span style=\"font-size: 1.28em;\">By simply calling <strong>0522 20 20 20 \/ 0522 47 47 47 SOS doctor<\/strong>\u00a0The regulator guides you, advises you and assists you 24\/7.<\/span><\/p>\n<h2 style=\"color: #244297; text-align: center;\">\u00a0 \u00a0 \u00a0 \u00a0 \u00a0 \u00a0 \u00a0 The resources of SOS M\u00e9decins Casablanca<\/h2>\n<p style=\"text-align: center;\"><span style=\"font-size: 1.28em;\">\u00a0 \u00a0 The team from <strong>SOS Doctors<\/strong> has all the necessary equipment to deal with all emergency situations and provides home care <\/span><\/p>\n<p style=\"text-align: center;\"><span style=\"font-size: 1.28em;\">home ultrasound, home electrocardiogram, defibrillator, serums, injectable equipment, probes, home oxygen therapy, home hospitalization.<\/span><\/p>\n<h2 style=\"color: #244297; text-align: center;\">SOS DOCTORS CASABLANCA<\/h2>\n<p style=\"text-align: center;\"><span style=\"font-size: 1.28em;\">Home blood test<\/span><\/p>\n<p style=\"text-align: center;\"><span style=\"font-size: 1.28em;\">Home Covid-19 PCR Test<\/span><\/p>\n<p style=\"text-align: center;\"><span style=\"font-size: 1.28em;\">Home hospitalization, emergency treatment with oxygen if needed.<\/span><\/p>","protected":false},"excerpt":{"rendered":"<p>Consultations SOS M\u00e9decins Casablanca M\u00e9decin \u00e0 domicile Urgences 24\/24 Intervention rapide en 10 minutes, o\u00f9 que vous soyez. SOS Medecins urgences \u00e0 domicile D\u00e8s la r\u00e9ception de votre \u00a0appel au 05 22 20 20 20, centre de r\u00e9gulation m\u00e9dicale. Nos m\u00e9decins met \u00e0 votre disposition des m\u00e9decins r\u00e9gulateurs qui vous conseillent et vous accompagnent dans [&hellip;]<\/p>","protected":false},"author":8,"featured_media":2046,"parent":0,"menu_order":0,"comment_status":"closed","ping_status":"closed","template":"","meta":{"footnotes":""},"yst_prominent_words":[149,147,146,152,160,659,75,1124,1158,638,485,482,655,629,1125],"class_list":["post-145","page","type-page","status-publish","has-post-thumbnail","hentry"],"_links":{"self":[{"href":"https:\/\/www.sosmedecincasa.com\/en\/wp-json\/wp\/v2\/pages\/145","targetHints":{"allow":["GET"]}}],"collection":[{"href":"https:\/\/www.sosmedecincasa.com\/en\/wp-json\/wp\/v2\/pages"}],"about":[{"href":"https:\/\/www.sosmedecincasa.com\/en\/wp-json\/wp\/v2\/types\/page"}],"author":[{"embeddable":true,"href":"https:\/\/www.sosmedecincasa.com\/en\/wp-json\/wp\/v2\/users\/8"}],"replies":[{"embeddable":true,"href":"https:\/\/www.sosmedecincasa.com\/en\/wp-json\/wp\/v2\/comments?post=145"}],"version-history":[{"count":17,"href":"https:\/\/www.sosmedecincasa.com\/en\/wp-json\/wp\/v2\/pages\/145\/revisions"}],"predecessor-version":[{"id":3527,"href":"https:\/\/www.sosmedecincasa.com\/en\/wp-json\/wp\/v2\/pages\/145\/revisions\/3527"}],"wp:featuredmedia":[{"embeddable":true,"href":"https:\/\/www.sosmedecincasa.com\/en\/wp-json\/wp\/v2\/media\/2046"}],"wp:attachment":[{"href":"https:\/\/www.sosmedecincasa.com\/en\/wp-json\/wp\/v2\/media?parent=145"}],"wp:term":[{"taxonomy":"yst_prominent_words","embeddable":true,"href":"https:\/\/www.sosmedecincasa.com\/en\/wp-json\/wp\/v2\/yst_prominent_words?post=145"}],"curies":[{"name":"wp","href":"https:\/\/api.w.org\/{rel}","templated":true}]}}