{"id":2009,"date":"2018-08-28T14:38:54","date_gmt":"2018-08-28T14:38:54","guid":{"rendered":"http:\/\/www.sosmedecincasa.com\/?page_id=2009"},"modified":"2020-07-13T06:37:47","modified_gmt":"2020-07-13T06:37:47","slug":"evacuation-sanitaire","status":"publish","type":"page","link":"https:\/\/www.sosmedecincasa.com\/en\/medical-evacuation\/","title":{"rendered":"SOS Doctors Medical Evacuation"},"content":{"rendered":"<div class=\"wpb-content-wrapper\">\n<section class=\"vc_row wpb_row vc_row-fluid\">\n\t\t<div class=\"row\">\n            <div class=\"wpb_column vc_column_container col-sm-12 col-md-6 margin_bottom_grid\">\n                <div class=\"wpb_wrapper\">\n\n\t<div class=\"wpb_text_column wpb_content_element\" >\n\t\t<div class=\"wpb_wrapper\">\n\t\t\t<p>Whether you are near home or travelling outside of Morocco, a medical emergency can occur at any time, which is why we provide you with doctors and medical ambulances and air ambulances\/stretchers to transfer you to the nearest hospital facility or to carry out an evacuation within or outside of Morocco.<\/p>\n\n\t\t<\/div>\n\t<\/div>\n<div class=\"vc_separator wpb_content_element vc_separator_align_left vc_sep_width_100 vc_sep_pos_align_center vc_sep_color_grey vc_separator-has-text\" ><span class=\"vc_sep_holder vc_sep_holder_l\"><span class=\"vc_sep_line\"><\/span><\/span><h4>SOS Services<\/h4><span class=\"vc_sep_holder vc_sep_holder_r\"><span class=\"vc_sep_line\"><\/span><\/span>\n<\/div>\n\t<div class=\"wpb_text_column wpb_content_element\" >\n\t\t<div class=\"wpb_wrapper\">\n\t\t\t<ul>\n<li>Transport by medical ambulance.<\/li>\n<li>Evacuation to Morocco by stretcher plane.<\/li>\n<li>Transfer outside the country by stretcher plane.<\/li>\n<li>Medical repatriation.<\/li>\n<\/ul>\n\n\t\t<\/div>\n\t<\/div>\n\n                <\/div>\n            <\/div>\n\t\t<\/div>\n<\/section>\n\n\n<\/div>","protected":false},"excerpt":{"rendered":"Que vous soyez pr\u00e8s de chez vous ou en voyage \u00e0 l'ext\u00e9rieur du Maroc, une urgence m\u00e9dicale peut survenir \u00e0 n'importe quel moment, c'est pour cette raison que nous mettons \u00e0 votre service des m\u00e9decins et des ambulances m\u00e9dicalis\u00e9es et avions sanitaire\/civi\u00e8res pour vous transf\u00e9rez vers la structure hospitali\u00e8re la plus proche ou encore ex\u00e9cuter [...]","protected":false},"author":8,"featured_media":0,"parent":0,"menu_order":0,"comment_status":"closed","ping_status":"closed","template":"","meta":{"footnotes":""},"yst_prominent_words":[102,101,103,161,111,104,109],"class_list":["post-2009","page","type-page","status-publish","hentry"],"_links":{"self":[{"href":"https:\/\/www.sosmedecincasa.com\/en\/wp-json\/wp\/v2\/pages\/2009","targetHints":{"allow":["GET"]}}],"collection":[{"href":"https:\/\/www.sosmedecincasa.com\/en\/wp-json\/wp\/v2\/pages"}],"about":[{"href":"https:\/\/www.sosmedecincasa.com\/en\/wp-json\/wp\/v2\/types\/page"}],"author":[{"embeddable":true,"href":"https:\/\/www.sosmedecincasa.com\/en\/wp-json\/wp\/v2\/users\/8"}],"replies":[{"embeddable":true,"href":"https:\/\/www.sosmedecincasa.com\/en\/wp-json\/wp\/v2\/comments?post=2009"}],"version-history":[{"count":1,"href":"https:\/\/www.sosmedecincasa.com\/en\/wp-json\/wp\/v2\/pages\/2009\/revisions"}],"predecessor-version":[{"id":2754,"href":"https:\/\/www.sosmedecincasa.com\/en\/wp-json\/wp\/v2\/pages\/2009\/revisions\/2754"}],"wp:attachment":[{"href":"https:\/\/www.sosmedecincasa.com\/en\/wp-json\/wp\/v2\/media?parent=2009"}],"wp:term":[{"taxonomy":"yst_prominent_words","embeddable":true,"href":"https:\/\/www.sosmedecincasa.com\/en\/wp-json\/wp\/v2\/yst_prominent_words?post=2009"}],"curies":[{"name":"wp","href":"https:\/\/api.w.org\/{rel}","templated":true}]}}