{"id":2831,"date":"2020-09-18T14:28:17","date_gmt":"2020-09-18T14:28:17","guid":{"rendered":"https:\/\/www.sosmedecincasa.com\/?page_id=2831"},"modified":"2024-05-06T10:36:07","modified_gmt":"2024-05-06T10:36:07","slug":"medecin-a-domicile-bourgogne","status":"publish","type":"page","link":"https:\/\/www.sosmedecincasa.com\/en\/medecin-a-domicile-bourgogne\/","title":{"rendered":"emergency doctor at home Burgundy"},"content":{"rendered":"<h2 class=\"wp-block-heading\">Consultation Visite M\u00e9decin \u00e0 Domicile Bourgogne<\/h2>\n\n\n<div class=\"wp-block-image\">\n<figure class=\"aligncenter\"><img decoding=\"async\" src=\"https:\/\/sosmedecinsmaroc.ma\/wp-content\/uploads\/2020\/05\/medecin-1-300x129.jpg\" alt=\"emergency doctor\" class=\"wp-image-3226\"\/><\/figure>\n<\/div>\n\n\n<p>You live in <strong>Bourgogne<\/strong> and you need a <strong>M\u00e9decin \u00e0 domicile Bourgogne<\/strong> m\u00e9decin g\u00e9n\u00e9raliste urgentiste ou sp\u00e9cialiste pour tout type d&rsquo;<strong>emergency<\/strong>, un <strong>m\u00e9deci<\/strong>n arrive chez vous dans les plus brefs d\u00e9lais sos m\u00e9decins est l\u00e0 pour r\u00e9pondre \u00e0 vos besoins d&rsquo;<strong>urgence le m\u00e9decin<\/strong> le plus proche de votre zone se d\u00e9place rapidement\u00a0 chez vous \u00e0 <strong>Bourgogne<\/strong> and surrounding areas.<\/p>\n\n\n\n<p>Bien souvent, les urgences arrivent aux moments o\u00f9 l&rsquo;on s&rsquo;y attend le moins, et il arrive que vous ayez besoin d\u2019un <strong>home doctor<\/strong> , L&rsquo;<strong>intervention<\/strong> se fait en 10 minutes environ.<\/p>\n\n\n\n<p><strong>SOS M\u00e9decins Bourgogne<\/strong> est l\u00e0 pour r\u00e9pondre \u00e0 tout genre de situation d&rsquo;urgence. Avec notre \u00e9quipe de m\u00e9decins g\u00e9n\u00e9ralistes et sp\u00e9cialistes d\u00e9vou\u00e9e pour leurs patients,<\/p>\n\n\n\n<p><strong>SOS M\u00e9decins Bourgogne<\/strong>\u00a0vous propose une intervention imm\u00e9diate d\u2019un m\u00e9decin \u00e0 domicile Casablanca pour toutes vos urgences de sant\u00e9 !<\/p>\n\n\n\n<p>Whatever your medical needs or those of your loved ones, <strong>SOS M\u00c9DECINS CASABLANCA<\/strong> gives you the ability to join in one click a <strong>home doctor Casablanca<\/strong> 24 hours a day.<\/p>\n\n\n\n<h2 class=\"wp-block-heading\">SOS M\u00c9DECIN \u00e0 domicile BOURGOGNE<\/h2>\n\n\n<div class=\"wp-block-image\">\n<figure class=\"aligncenter\"><img decoding=\"async\" src=\"https:\/\/sosmedecinsmaroc.ma\/wp-content\/uploads\/2020\/05\/IMG-4254-1-1-300x225.jpg\" alt=\"SOS doctors car Morocco\" class=\"wp-image-3224\"\/><\/figure>\n<\/div>\n\n\n<p><strong>SOS MEDECINS BOURGOGNE<\/strong> provides you with a team of <strong>on-call doctors in Casablanca<\/strong> Available 24\/7.<\/p>\n\n\n\n<p>THE <strong>doctor<\/strong> The nearest one to you will respond in less than 10 minutes. <strong>Casablanca<\/strong> and its surroundings.<\/p>\n\n\n\n<p><strong>SOS MEDECINS BOURGOGNE<\/strong> gives you access to a team of<strong> qualified doctors<\/strong>In just a few minutes you can get a <strong><a href=\"https:\/\/www.sosmedecincasa.com\/en\/category\/sos-medecin-casa\/\" data-type=\"link\" data-id=\"https:\/\/www.sosmedecincasa.com\/category\/sos-medecin-casa\/\">home doctor Casablanca<\/a><\/strong>.<\/p>\n\n\n\n<h2 class=\"wp-block-heading\">SOS M\u00c9DECINS DE NUIT BOURGOGNE<\/h2>\n\n\n<div class=\"wp-block-image\">\n<figure class=\"aligncenter\"><img decoding=\"async\" src=\"https:\/\/sosmedecinsmaroc.ma\/wp-content\/uploads\/2020\/09\/LOGO-SOS-MEDECIN-300x101.png\" alt=\"\" class=\"wp-image-3243\"\/><\/figure>\n<\/div>\n\n\n<p><strong><a href=\"https:\/\/www.youtube.com\/channel\/UC4jVizoIP4UxS3b5SYIjSpA\" data-type=\"link\" data-id=\"https:\/\/www.youtube.com\/channel\/UC4jVizoIP4UxS3b5SYIjSpA\">SOS MEDECINS BOURGOGNE DE NUIT<\/a><\/strong> est \u00e0 votre disposition une \u00e9quipe de m\u00e9decins de garde \u00e0 Casablanca joignables 24 heures sur 24.<\/p>\n\n\n\n<p>Call him <strong>medical regulation center<\/strong> call 05 22 20 20 20 or 05 22 47 47 47 to get a <strong>night emergency physician <\/strong>in less than 15 minutes.\u00a0<\/p>\n\n\n\n<p>Your health is our priority.<\/p>\n\n\n\n<p>We will always do more for your health.<\/p>\n\n\n\n<div class=\"wp-block-buttons is-layout-flex wp-block-buttons-is-layout-flex\">\n<div class=\"wp-block-button\"><a class=\"wp-block-button__link wp-element-button\" href=\"tel: 2126 61 14 09 81\"><strong>Call<\/strong><\/a><\/div>\n<\/div>\n\n\n\n<figure class=\"wp-block-embed is-type-video is-provider-youtube wp-block-embed-youtube wp-embed-aspect-16-9 wp-has-aspect-ratio\"><div class=\"wp-block-embed__wrapper\">\n<iframe loading=\"lazy\" style=\"border:none;\" title=\"\u062d\u0627\u062c\u062a\u0643 \u0628\u0637\u0628\u064a\u0628 \u062d\u062a\u0627\u0644 \u0644\u062f\u0627\u0631 \u0641\u064a \u062c\u0645\u064a\u0639 \u0627\u0646\u062d\u0627\u0621 \u0627\u0644\u0645\u063a\u0631\u0628 \u0627\u062a\u0635\u0644\u0648\u0627 \u0628 Sos m\u00e9decins maroc \ud83d\udc89\ud83e\uddec\u260e\ufe0f :05 22 20 20 20 \/\" width=\"500\" height=\"281\" src=\"https:\/\/www.youtube.com\/embed\/7gtw4hPqsVM?feature=oembed&#038;enablejsapi=1&#038;origin=https:\/\/www.sosmedecincasa.com\"  allow=\"accelerometer; autoplay; clipboard-write; encrypted-media; gyroscope; picture-in-picture; web-share\" referrerpolicy=\"strict-origin-when-cross-origin\" allowfullscreen><\/iframe>\n<\/div><\/figure>","protected":false},"excerpt":{"rendered":"<p>Consultation Visite M\u00e9decin \u00e0 Domicile Bourgogne Vous habitez \u00e0 Bourgogne et vous avez besoin d&rsquo;un M\u00e9decin \u00e0 domicile Bourgogne m\u00e9decin g\u00e9n\u00e9raliste urgentiste ou sp\u00e9cialiste pour tout type d&rsquo;urgence, un m\u00e9decin arrive chez vous dans les plus brefs d\u00e9lais sos m\u00e9decins est l\u00e0 pour r\u00e9pondre \u00e0 vos besoins d&rsquo;urgence le m\u00e9decin le plus proche de votre [&hellip;]<\/p>","protected":false},"author":8,"featured_media":3257,"parent":0,"menu_order":0,"comment_status":"closed","ping_status":"closed","template":"","meta":{"footnotes":""},"yst_prominent_words":[1188,1189,1178,1187,1181,1179,1201,606,1176,1199,1191,1180,234,482,1194],"class_list":["post-2831","page","type-page","status-publish","has-post-thumbnail","hentry"],"_links":{"self":[{"href":"https:\/\/www.sosmedecincasa.com\/en\/wp-json\/wp\/v2\/pages\/2831","targetHints":{"allow":["GET"]}}],"collection":[{"href":"https:\/\/www.sosmedecincasa.com\/en\/wp-json\/wp\/v2\/pages"}],"about":[{"href":"https:\/\/www.sosmedecincasa.com\/en\/wp-json\/wp\/v2\/types\/page"}],"author":[{"embeddable":true,"href":"https:\/\/www.sosmedecincasa.com\/en\/wp-json\/wp\/v2\/users\/8"}],"replies":[{"embeddable":true,"href":"https:\/\/www.sosmedecincasa.com\/en\/wp-json\/wp\/v2\/comments?post=2831"}],"version-history":[{"count":3,"href":"https:\/\/www.sosmedecincasa.com\/en\/wp-json\/wp\/v2\/pages\/2831\/revisions"}],"predecessor-version":[{"id":3353,"href":"https:\/\/www.sosmedecincasa.com\/en\/wp-json\/wp\/v2\/pages\/2831\/revisions\/3353"}],"wp:featuredmedia":[{"embeddable":true,"href":"https:\/\/www.sosmedecincasa.com\/en\/wp-json\/wp\/v2\/media\/3257"}],"wp:attachment":[{"href":"https:\/\/www.sosmedecincasa.com\/en\/wp-json\/wp\/v2\/media?parent=2831"}],"wp:term":[{"taxonomy":"yst_prominent_words","embeddable":true,"href":"https:\/\/www.sosmedecincasa.com\/en\/wp-json\/wp\/v2\/yst_prominent_words?post=2831"}],"curies":[{"name":"wp","href":"https:\/\/api.w.org\/{rel}","templated":true}]}}