{"id":2833,"date":"2020-09-18T14:30:06","date_gmt":"2020-09-18T14:30:06","guid":{"rendered":"https:\/\/www.sosmedecincasa.com\/?page_id=2833"},"modified":"2024-05-06T10:44:36","modified_gmt":"2024-05-06T10:44:36","slug":"medecin-a-domicile-bouskoura","status":"publish","type":"page","link":"https:\/\/www.sosmedecincasa.com\/en\/medecin-a-domicile-bouskoura\/","title":{"rendered":"SOS doctor at home Bouskoura"},"content":{"rendered":"<h2 class=\"wp-block-heading\">Consultation Visite M\u00e9decin \u00e0 Domicile Bouskoura<\/h2>\n\n\n<div class=\"wp-block-image\">\n<figure class=\"aligncenter\"><img decoding=\"async\" src=\"https:\/\/sosmedecinsmaroc.ma\/wp-content\/uploads\/2020\/05\/medecin-1-300x129.jpg\" alt=\"emergency doctor\" class=\"wp-image-3226\"\/><\/figure>\n<\/div>\n\n\n<p>You live in <strong>Bouskoura<\/strong> and you need a <strong>m\u00e9decin \u00e0 domicile Bouskoura<\/strong> <strong>m\u00e9decin g\u00e9n\u00e9raliste urgentiste ou sp\u00e9cialiste<\/strong> pour tout type d&rsquo;<strong>emergency<\/strong>, un <strong>doctor<\/strong> arrive chez vous dans les plus brefs d\u00e9lais sos <strong>m\u00e9decins<\/strong> est l\u00e0 pour r\u00e9pondre \u00e0 vos besoins d&rsquo;urgence le m\u00e9decin le plus proche de votre zone se d\u00e9place rapidement\u00a0 chez vous \u00e0<strong> Bouskoura<\/strong> and surrounding areas.<\/p>\n\n\n\n<p>Often, the <strong>EMERGENCIES<\/strong> They happen when you least expect them, and sometimes you need a <strong>home doctor<\/strong> The procedure takes approximately 10 minutes.<\/p>\n\n\n\n<p><strong>SOS M\u00e9decins Bouskoura<\/strong> est l\u00e0 pour r\u00e9pondre \u00e0 tout genre de situation d&rsquo;urgence. Avec notre \u00e9quipe de m\u00e9decins g\u00e9n\u00e9ralistes et sp\u00e9cialistes d\u00e9vou\u00e9e pour leurs patients,<\/p>\n\n\n\n<p><strong>SOS M\u00e9decins Bouskoura<\/strong> vous propose une intervention imm\u00e9diate d\u2019un <strong>home doctor Casablanca<\/strong> for all your <strong>urgences de sant\u00e9<\/strong> !<\/p>\n\n\n\n<p>Whatever your medical needs or those of your loved ones,<a href=\"https:\/\/www.sosmedecincasa.com\/en\/category\/sos-medecin-casa\/\" data-type=\"link\" data-id=\"https:\/\/www.sosmedecincasa.com\/category\/sos-medecin-casa\/\"> <strong>SOS M\u00c9DECINS CASABLANCA<\/strong><\/a><strong> <\/strong>gives you the ability to join in one click a <strong>home doctor Casablanca<\/strong> 24 hours a day.<\/p>\n\n\n\n<h2 class=\"wp-block-heading\">SOS m\u00e9decin \u00e0 domicile BOUSKOURA<\/h2>\n\n\n<div class=\"wp-block-image\">\n<figure class=\"aligncenter\"><img decoding=\"async\" src=\"https:\/\/sosmedecinsmaroc.ma\/wp-content\/uploads\/2020\/05\/IMG-4254-1-1-300x225.jpg\" alt=\"SOS doctors car Morocco\" class=\"wp-image-3224\"\/><\/figure>\n<\/div>\n\n\n<p><strong>SOS MEDECINS BOUSKOURA<\/strong> provides you with a team of<strong> on-call doctors in Casablanca <\/strong>Available 24\/7.<\/p>\n\n\n\n<p>THE <strong>doctor<\/strong> The nearest one to you will respond in less than 10 minutes. <strong>Casablanca<\/strong> and its surroundings.<\/p>\n\n\n\n<p><strong>SOS MEDECINS BOUSKOURA<\/strong> gives you access to a team of <strong>qualified doctors<\/strong>. En quelques minutes seulement vous pouvez obtenir un m\u00e9decin \u00e0 <strong>domicile Casablanca<\/strong>.<\/p>\n\n\n\n<h2 class=\"wp-block-heading\">SOS M\u00c9DECINS DE NUIT BOUSKOURA<\/h2>\n\n\n<div class=\"wp-block-image\">\n<figure class=\"aligncenter\"><img decoding=\"async\" src=\"https:\/\/sosmedecinsmaroc.ma\/wp-content\/uploads\/2020\/09\/LOGO-SOS-MEDECIN-300x101.png\" alt=\"\" class=\"wp-image-3243\"\/><\/figure>\n<\/div>\n\n\n<p><strong>SOS MEDECINS BOUSKOURA DE NUIT <\/strong>is at your disposal a team of <strong><a href=\"https:\/\/www.youtube.com\/watch?v=7gtw4hPqsVM\" data-type=\"link\" data-id=\"https:\/\/www.youtube.com\/watch?v=7gtw4hPqsVM\">on-call doctors in Casablanca<\/a> joignables 24 heures sur 24<\/strong>.<\/p>\n\n\n\n<p>Call him<strong> medical regulation center<\/strong> call 05 22 20 20 20 or 05 22 47 47 47 to get a <strong>night emergency physician<\/strong> in less than 15 minutes.\u00a0<\/p>\n\n\n\n<p>Your health is our priority.<\/p>\n\n\n\n<p>We will always do more for your health.<\/p>\n\n\n\n<div class=\"wp-block-buttons is-layout-flex wp-block-buttons-is-layout-flex\">\n<div class=\"wp-block-button\"><a class=\"wp-block-button__link wp-element-button\" href=\"tel: 2126 61 14 09 81\"><strong>Call<\/strong><\/a><\/div>\n<\/div>\n\n\n\n<figure class=\"wp-block-embed is-type-video is-provider-youtube wp-block-embed-youtube wp-embed-aspect-16-9 wp-has-aspect-ratio\"><div class=\"wp-block-embed__wrapper\">\n<iframe loading=\"lazy\" style=\"border:none;\" title=\"SOS M\u00e9decins Maroc, M\u00e9decins d&#039;urgence, M\u00e9decin \u00e0 Domicile Maroc, M\u00e9decin de Nuit, Docteur Urgent\" width=\"500\" height=\"281\" src=\"https:\/\/www.youtube.com\/embed\/JIvGTdvfNDc?feature=oembed&#038;enablejsapi=1&#038;origin=https:\/\/www.sosmedecincasa.com\"  allow=\"accelerometer; autoplay; clipboard-write; encrypted-media; gyroscope; picture-in-picture; web-share\" referrerpolicy=\"strict-origin-when-cross-origin\" allowfullscreen><\/iframe>\n<\/div><\/figure>","protected":false},"excerpt":{"rendered":"<p>Consultation Visite M\u00e9decin \u00e0 Domicile Bouskoura Vous habitez \u00e0 Bouskoura et vous avez besoin d&rsquo;un m\u00e9decin \u00e0 domicile Bouskoura m\u00e9decin g\u00e9n\u00e9raliste urgentiste ou sp\u00e9cialiste pour tout type d&rsquo;urgence, un m\u00e9decin arrive chez vous dans les plus brefs d\u00e9lais sos m\u00e9decins est l\u00e0 pour r\u00e9pondre \u00e0 vos besoins d&rsquo;urgence le m\u00e9decin le plus proche de votre [&hellip;]<\/p>","protected":false},"author":8,"featured_media":3137,"parent":0,"menu_order":0,"comment_status":"closed","ping_status":"closed","template":"","meta":{"footnotes":""},"yst_prominent_words":[1188,1189,1178,1187,1181,1179,1201,606,1176,1200,1191,1180,234,482,1198],"class_list":["post-2833","page","type-page","status-publish","has-post-thumbnail","hentry"],"_links":{"self":[{"href":"https:\/\/www.sosmedecincasa.com\/en\/wp-json\/wp\/v2\/pages\/2833","targetHints":{"allow":["GET"]}}],"collection":[{"href":"https:\/\/www.sosmedecincasa.com\/en\/wp-json\/wp\/v2\/pages"}],"about":[{"href":"https:\/\/www.sosmedecincasa.com\/en\/wp-json\/wp\/v2\/types\/page"}],"author":[{"embeddable":true,"href":"https:\/\/www.sosmedecincasa.com\/en\/wp-json\/wp\/v2\/users\/8"}],"replies":[{"embeddable":true,"href":"https:\/\/www.sosmedecincasa.com\/en\/wp-json\/wp\/v2\/comments?post=2833"}],"version-history":[{"count":3,"href":"https:\/\/www.sosmedecincasa.com\/en\/wp-json\/wp\/v2\/pages\/2833\/revisions"}],"predecessor-version":[{"id":3356,"href":"https:\/\/www.sosmedecincasa.com\/en\/wp-json\/wp\/v2\/pages\/2833\/revisions\/3356"}],"wp:featuredmedia":[{"embeddable":true,"href":"https:\/\/www.sosmedecincasa.com\/en\/wp-json\/wp\/v2\/media\/3137"}],"wp:attachment":[{"href":"https:\/\/www.sosmedecincasa.com\/en\/wp-json\/wp\/v2\/media?parent=2833"}],"wp:term":[{"taxonomy":"yst_prominent_words","embeddable":true,"href":"https:\/\/www.sosmedecincasa.com\/en\/wp-json\/wp\/v2\/yst_prominent_words?post=2833"}],"curies":[{"name":"wp","href":"https:\/\/api.w.org\/{rel}","templated":true}]}}