{"id":2837,"date":"2020-09-18T14:33:54","date_gmt":"2020-09-18T14:33:54","guid":{"rendered":"https:\/\/www.sosmedecincasa.com\/?page_id=2837"},"modified":"2024-05-06T10:56:36","modified_gmt":"2024-05-06T10:56:36","slug":"medecin-a-domicile-cil","status":"publish","type":"page","link":"https:\/\/www.sosmedecincasa.com\/en\/medecin-a-domicile-cil\/","title":{"rendered":"SOS doctor at home CIL"},"content":{"rendered":"<h2 class=\"wp-block-heading\">Consultation Visite M\u00e9decin \u00e0 Domicile CIL<\/h2>\n\n\n<div class=\"wp-block-image\">\n<figure class=\"aligncenter\"><img decoding=\"async\" src=\"https:\/\/sosmedecinsmaroc.ma\/wp-content\/uploads\/2020\/05\/medecin-1-300x129.jpg\" alt=\"emergency doctor\" class=\"wp-image-3226\"\/><\/figure>\n<\/div>\n\n\n<p>You live in <strong>CIL<\/strong> and you need a <strong>m\u00e9decin \u00e0 domicile CIL<\/strong> <strong>m\u00e9decin g\u00e9n\u00e9raliste urgentiste ou sp\u00e9cialiste<\/strong> pour tout type d&rsquo;<strong>emergency<\/strong>, un m\u00e9decin arrive chez vous dans les plus brefs d\u00e9lais<strong> SOS doctors <\/strong>is here to meet your needs<strong>emergency<\/strong> The doctor closest to your area will come to your home quickly. <strong>CIL<\/strong> and surrounding areas.<\/p>\n\n\n\n<p>Often, the<strong> EMERGENCIES<\/strong> They happen when you least expect them, and sometimes you need a <strong>home doctor<\/strong> The procedure takes approximately 10 minutes.<\/p>\n\n\n\n<p><strong>SOS M\u00e9decins CIL <\/strong>is there to respond to all kinds of situations<strong>emergency<\/strong>With our team of <strong>general practitioners and specialists<\/strong> dedicated to their patients,<\/p>\n\n\n\n<p><strong>SOS M\u00e9decins CIL<\/strong> vous propose une intervention imm\u00e9diate d\u2019un <strong><a href=\"https:\/\/www.sosmedecincasa.com\/en\/category\/sos-medecin-casa\/\" data-type=\"link\" data-id=\"https:\/\/www.sosmedecincasa.com\/category\/sos-medecin-casa\/\">home doctor Casablanca<\/a><\/strong> for all your <strong>urgences de sant\u00e9<\/strong> !<\/p>\n\n\n\n<p>Quel que soit votre besoin <strong>m\u00e9dical <\/strong>ou celui de vos proches, <strong>SOS M\u00c9DECINS CASABLANCA<\/strong> gives you the ability to join in one click a <strong>home doctor Casablanca<\/strong> 24 hours a day.<\/p>\n\n\n\n<h2 class=\"wp-block-heading\">SOS m\u00e9decin \u00e0 domicile CIL<\/h2>\n\n\n<div class=\"wp-block-image\">\n<figure class=\"aligncenter\"><img decoding=\"async\" src=\"https:\/\/sosmedecinsmaroc.ma\/wp-content\/uploads\/2020\/05\/IMG-4254-1-1-300x225.jpg\" alt=\"SOS doctors car Morocco\" class=\"wp-image-3224\"\/><\/figure>\n<\/div>\n\n\n<p><strong>SOS MEDECINS CIL<\/strong> provides you with a team of <strong>on-call doctors in Casablanca <\/strong>Available 24\/7.<\/p>\n\n\n\n<p>Le m\u00e9decin le plus proche\u00a0 chez vous\u00a0interviendra en moins de 10 Minutes sur <strong>Casablanca<\/strong> and its surroundings.<\/p>\n\n\n\n<p><strong>SOS MEDECINS CIL<\/strong> gives you access to a team of <strong>qualified doctors<\/strong>In just a few minutes you can get a <strong>home doctor Casablanca<\/strong>.<\/p>\n\n\n\n<h2 class=\"wp-block-heading\">SOS M\u00c9DECINS DE NUIT CIL<\/h2>\n\n\n<div class=\"wp-block-image\">\n<figure class=\"aligncenter\"><img decoding=\"async\" src=\"https:\/\/sosmedecinsmaroc.ma\/wp-content\/uploads\/2020\/09\/LOGO-SOS-MEDECIN-300x101.png\" alt=\"\" class=\"wp-image-3243\"\/><\/figure>\n<\/div>\n\n\n<p><strong><a href=\"https:\/\/www.youtube.com\/watch?v=uxxnTA22Yg8\" data-type=\"link\" data-id=\"https:\/\/www.youtube.com\/watch?v=uxxnTA22Yg8\">SOS MEDECINS CIL DE NUIT<\/a> <\/strong>is at your disposal a team of <strong>on-call doctors in Casablanca<\/strong> reachable 24 hours a day.<\/p>\n\n\n\n<p>Call him <strong>medical regulation center<\/strong> call 05 22 20 20 20 or 05 22 47 47 47 to get a <strong>night emergency physician <\/strong>in less than 15 minutes.\u00a0<\/p>\n\n\n\n<p>Your health is our priority.<\/p>\n\n\n\n<p>We will always do more for your health.<\/p>\n\n\n\n<p><strong>Find Doctor in Casablanca Morocco<\/strong> <\/p>\n\n\n\n<div class=\"wp-block-buttons is-layout-flex wp-block-buttons-is-layout-flex\">\n<div class=\"wp-block-button\"><a class=\"wp-block-button__link wp-element-button\" href=\"tel: 2126 61 14 09 81\"><strong>Call<\/strong><\/a><\/div>\n<\/div>\n\n\n\n<figure class=\"wp-block-embed is-type-video is-provider-youtube wp-block-embed-youtube wp-embed-aspect-16-9 wp-has-aspect-ratio\"><div class=\"wp-block-embed__wrapper\">\n<iframe loading=\"lazy\" style=\"border:none;\" title=\"MEDECINS A DOMICILE 0522202020\" width=\"500\" height=\"281\" src=\"https:\/\/www.youtube.com\/embed\/uxxnTA22Yg8?feature=oembed&#038;enablejsapi=1&#038;origin=https:\/\/www.sosmedecincasa.com\"  allow=\"accelerometer; autoplay; clipboard-write; encrypted-media; gyroscope; picture-in-picture; web-share\" referrerpolicy=\"strict-origin-when-cross-origin\" allowfullscreen><\/iframe>\n<\/div><\/figure>","protected":false},"excerpt":{"rendered":"<p>Consultation Visite M\u00e9decin \u00e0 Domicile CIL Vous habitez \u00e0 CIL et vous avez besoin d&rsquo;un m\u00e9decin \u00e0 domicile CIL m\u00e9decin g\u00e9n\u00e9raliste urgentiste ou sp\u00e9cialiste pour tout type d&rsquo;urgence, un m\u00e9decin arrive chez vous dans les plus brefs d\u00e9lais sos m\u00e9decins est l\u00e0 pour r\u00e9pondre \u00e0 vos besoins d&rsquo;urgence le m\u00e9decin le plus proche de votre [&hellip;]<\/p>","protected":false},"author":8,"featured_media":3263,"parent":0,"menu_order":0,"comment_status":"closed","ping_status":"closed","template":"","meta":{"footnotes":""},"yst_prominent_words":[1188,1189,1178,1187,1181,1179,1201,606,1176,1191,1180,482,1224],"class_list":["post-2837","page","type-page","status-publish","has-post-thumbnail","hentry"],"_links":{"self":[{"href":"https:\/\/www.sosmedecincasa.com\/en\/wp-json\/wp\/v2\/pages\/2837","targetHints":{"allow":["GET"]}}],"collection":[{"href":"https:\/\/www.sosmedecincasa.com\/en\/wp-json\/wp\/v2\/pages"}],"about":[{"href":"https:\/\/www.sosmedecincasa.com\/en\/wp-json\/wp\/v2\/types\/page"}],"author":[{"embeddable":true,"href":"https:\/\/www.sosmedecincasa.com\/en\/wp-json\/wp\/v2\/users\/8"}],"replies":[{"embeddable":true,"href":"https:\/\/www.sosmedecincasa.com\/en\/wp-json\/wp\/v2\/comments?post=2837"}],"version-history":[{"count":3,"href":"https:\/\/www.sosmedecincasa.com\/en\/wp-json\/wp\/v2\/pages\/2837\/revisions"}],"predecessor-version":[{"id":3362,"href":"https:\/\/www.sosmedecincasa.com\/en\/wp-json\/wp\/v2\/pages\/2837\/revisions\/3362"}],"wp:featuredmedia":[{"embeddable":true,"href":"https:\/\/www.sosmedecincasa.com\/en\/wp-json\/wp\/v2\/media\/3263"}],"wp:attachment":[{"href":"https:\/\/www.sosmedecincasa.com\/en\/wp-json\/wp\/v2\/media?parent=2837"}],"wp:term":[{"taxonomy":"yst_prominent_words","embeddable":true,"href":"https:\/\/www.sosmedecincasa.com\/en\/wp-json\/wp\/v2\/yst_prominent_words?post=2837"}],"curies":[{"name":"wp","href":"https:\/\/api.w.org\/{rel}","templated":true}]}}