{"id":2843,"date":"2020-09-18T14:37:55","date_gmt":"2020-09-18T14:37:55","guid":{"rendered":"https:\/\/www.sosmedecincasa.com\/?page_id=2843"},"modified":"2024-05-06T11:13:31","modified_gmt":"2024-05-06T11:13:31","slug":"medecin-a-domicile-hay-mohammadi","status":"publish","type":"page","link":"https:\/\/www.sosmedecincasa.com\/en\/medecin-a-domicile-hay-mohammadi\/","title":{"rendered":"SOS doctor at home Hay Mohammadi"},"content":{"rendered":"<h2 class=\"wp-block-heading\">Consultation Visite M\u00e9decin \u00e0 Domicile Hay Mohammadi<\/h2>\n\n\n<div class=\"wp-block-image\">\n<figure class=\"aligncenter\"><img decoding=\"async\" src=\"https:\/\/sosmedecinsmaroc.ma\/wp-content\/uploads\/2020\/05\/medecin-1-300x129.jpg\" alt=\"emergency doctor\" class=\"wp-image-3226\"\/><\/figure>\n<\/div>\n\n\n<p>You live in <strong>Hay Mohammadi<\/strong> and you need a <strong>m\u00e9decin \u00e0 domicile Hay Mohammadi <\/strong>m\u00e9decin g\u00e9n\u00e9raliste urgentiste ou sp\u00e9cialiste pour tout type d&rsquo;<strong>emergency<\/strong>, un m\u00e9decin arrive chez vous dans les plus brefs d\u00e9lais<strong> SOS doctors<\/strong> is here to meet your needs<strong>emergency<\/strong> The doctor closest to your area will come to your home quickly. <strong>Hay Mohammadi <\/strong>and surrounding areas.<\/p>\n\n\n\n<p>Often, the <strong>EMERGENCIES<\/strong> They happen when you least expect them, and sometimes you need a <strong>home doctor<\/strong> The procedure takes approximately 10 minutes.<\/p>\n\n\n\n<p><strong>SOS M\u00e9decins Hay Mohammadi<\/strong> is there to respond to all kinds of situations<strong>emergency<\/strong>With our team of <strong>general practitioners and specialists<\/strong> dedicated to their patients,<\/p>\n\n\n\n<p><strong>SOS M\u00e9decins Hay Mohammadi<\/strong> vous propose une intervention imm\u00e9diate d\u2019un m\u00e9decin \u00e0 domicile Casablanca pour toutes vos <strong>EMERGENCIES <\/strong>Good health!<\/p>\n\n\n\n<p>Whatever your medical needs or those of your loved ones, <strong>SOS M\u00c9DECINS CASABLANCA<\/strong> gives you the ability to join in one click a <strong>home doctor Casablanca<\/strong> 24 hours a day.<\/p>\n\n\n\n<h2 class=\"wp-block-heading\">SOS m\u00e9decin \u00e0 domicile Hay Mohammadi<\/h2>\n\n\n<div class=\"wp-block-image\">\n<figure class=\"aligncenter\"><img decoding=\"async\" src=\"https:\/\/sosmedecinsmaroc.ma\/wp-content\/uploads\/2020\/05\/IMG-4254-1-1-300x225.jpg\" alt=\"SOS doctors car Morocco\" class=\"wp-image-3224\"\/><\/figure>\n<\/div>\n\n\n<p><strong>SOS MEDECINS HAY MOHAMMADI<\/strong> provides you with a team of<a href=\"https:\/\/www.sosmedecincasa.com\/en\/category\/sos-medecin-casa\/\" data-type=\"link\" data-id=\"https:\/\/www.sosmedecincasa.com\/category\/sos-medecin-casa\/\"> <strong>on-call doctors in Casablanca<\/strong><\/a> Available 24\/7.<\/p>\n\n\n\n<p>THE <strong>doctor<\/strong> The nearest one to you will respond in less than 10 minutes. <strong>Casablanca<\/strong> and its surroundings.<\/p>\n\n\n\n<p><strong>SOS MEDECINS\u00a0HAY MOHAMMADI<\/strong>\u00a0gives you access to a team of <strong>qualified doctors<\/strong>In just a few minutes you can get a <strong>home doctor Casablanca<\/strong>.<\/p>\n\n\n\n<h2 class=\"wp-block-heading\">SOS M\u00c9DECINS DE NUIT&nbsp;HAY MOHAMMADI<\/h2>\n\n\n<div class=\"wp-block-image\">\n<figure class=\"aligncenter\"><img decoding=\"async\" src=\"https:\/\/sosmedecinsmaroc.ma\/wp-content\/uploads\/2020\/09\/LOGO-SOS-MEDECIN-300x101.png\" alt=\"\" class=\"wp-image-3243\"\/><\/figure>\n<\/div>\n\n\n<p><strong>SOS MEDECINS HAY MOHAMMADI DE NUIT<\/strong> is at your disposal a team of <strong><a href=\"https:\/\/www.youtube.com\/watch?v=t2scyYZVmhk\" data-type=\"link\" data-id=\"https:\/\/www.youtube.com\/watch?v=t2scyYZVmhk\">on-call doctors in Casablanca<\/a><\/strong> reachable 24 hours a day.<\/p>\n\n\n\n<p>Call him<strong> medical regulation center <\/strong>call 05 22 20 20 20 or 05 22 47 47 47 to get a <strong>night emergency physician<\/strong> in less than 15 minutes.\u00a0<\/p>\n\n\n\n<p>Your health is our priority.<\/p>\n\n\n\n<p>We will always do more for your health.<\/p>\n\n\n\n<div class=\"wp-block-buttons is-layout-flex wp-block-buttons-is-layout-flex\">\n<div class=\"wp-block-button\"><a class=\"wp-block-button__link wp-element-button\" href=\"tel: 2126 61 14 09 81\"><strong>Call<\/strong><\/a><\/div>\n<\/div>","protected":false},"excerpt":{"rendered":"<p>Consultation Visite M\u00e9decin \u00e0 Domicile Hay Mohammadi Vous habitez \u00e0 Hay Mohammadi et vous avez besoin d&rsquo;un m\u00e9decin \u00e0 domicile Hay Mohammadi m\u00e9decin g\u00e9n\u00e9raliste urgentiste ou sp\u00e9cialiste pour tout type d&rsquo;urgence, un m\u00e9decin arrive chez vous dans les plus brefs d\u00e9lais sos m\u00e9decins est l\u00e0 pour r\u00e9pondre \u00e0 vos besoins d&rsquo;urgence le m\u00e9decin le plus [&hellip;]<\/p>","protected":false},"author":8,"featured_media":2648,"parent":0,"menu_order":0,"comment_status":"closed","ping_status":"closed","template":"","meta":{"footnotes":""},"yst_prominent_words":[1178,1187,1181,1179,606,1176,1180,482,1196],"class_list":["post-2843","page","type-page","status-publish","has-post-thumbnail","hentry"],"_links":{"self":[{"href":"https:\/\/www.sosmedecincasa.com\/en\/wp-json\/wp\/v2\/pages\/2843","targetHints":{"allow":["GET"]}}],"collection":[{"href":"https:\/\/www.sosmedecincasa.com\/en\/wp-json\/wp\/v2\/pages"}],"about":[{"href":"https:\/\/www.sosmedecincasa.com\/en\/wp-json\/wp\/v2\/types\/page"}],"author":[{"embeddable":true,"href":"https:\/\/www.sosmedecincasa.com\/en\/wp-json\/wp\/v2\/users\/8"}],"replies":[{"embeddable":true,"href":"https:\/\/www.sosmedecincasa.com\/en\/wp-json\/wp\/v2\/comments?post=2843"}],"version-history":[{"count":3,"href":"https:\/\/www.sosmedecincasa.com\/en\/wp-json\/wp\/v2\/pages\/2843\/revisions"}],"predecessor-version":[{"id":3368,"href":"https:\/\/www.sosmedecincasa.com\/en\/wp-json\/wp\/v2\/pages\/2843\/revisions\/3368"}],"wp:featuredmedia":[{"embeddable":true,"href":"https:\/\/www.sosmedecincasa.com\/en\/wp-json\/wp\/v2\/media\/2648"}],"wp:attachment":[{"href":"https:\/\/www.sosmedecincasa.com\/en\/wp-json\/wp\/v2\/media?parent=2843"}],"wp:term":[{"taxonomy":"yst_prominent_words","embeddable":true,"href":"https:\/\/www.sosmedecincasa.com\/en\/wp-json\/wp\/v2\/yst_prominent_words?post=2843"}],"curies":[{"name":"wp","href":"https:\/\/api.w.org\/{rel}","templated":true}]}}