{"id":145,"date":"2015-09-28T16:00:31","date_gmt":"2015-09-28T16:00:31","guid":{"rendered":"http:\/\/plethorathemes.com\/healthx\/?page_id=145"},"modified":"2024-12-16T12:03:19","modified_gmt":"2024-12-16T12:03:19","slug":"accueil","status":"publish","type":"page","link":"https:\/\/www.sosmedecincasa.com\/es\/","title":{"rendered":"Servicios de emergencia 24\/7 \u2013 M\u00e9dico de guardia \u2013 Evacuaci\u00f3n m\u00e9dica"},"content":{"rendered":"<h1 style=\"text-align: center; color: #244297;\"><strong>Consultas m\u00e9dicas SOS en Casablanca <\/strong><\/h1>\n<h1 style=\"text-align: center; color: #244297;\"><strong>m\u00e9dico a domicilio<\/strong><\/h1>\n<h1 style=\"text-align: center; color: #244297;\"><strong>Servicios de emergencia 24\/7<\/strong><\/h1>\n<p style=\"text-align: center;\">Intervenci\u00f3n r\u00e1pida en 10 minutos, est\u00e9s donde est\u00e9s.<\/p>\n<h2 style=\"color: #244297; text-align: center;\">Visitas domiciliarias de emergencia de SOS Doctors<\/h2>\n<p style=\"text-align: center;\"><span style=\"font-size: 1.28em;\">Al recibir su llamada a <strong>05 22 20 20 20, <\/strong>centro de regulaci\u00f3n m\u00e9dica.<\/span><\/p>\n<p style=\"text-align: center;\"><span style=\"font-size: 1.28em;\">Nuestros m\u00e9dicos le proporcionan personal de triaje que le asesora y apoya en las mejores condiciones posibles.<\/span><\/p>\n<p style=\"text-align: center;\"><span style=\"font-size: 1.28em;\">mientras esperaba la llegada de <strong>m\u00e9dico de urgencias<\/strong> O <strong>especialista<\/strong>.<\/span><\/p>\n<h2 style=\"color: #244297; text-align: center;\">Servicio de urgencias m\u00e9dicas nocturnas SOS Doctor en Casablanca.<\/h2>\n<p style=\"text-align: center;\"><span style=\"font-size: 1.28em;\">Son las 3 de la madrugada, tiene un paciente que requiere atenci\u00f3n domiciliaria urgente y necesita que un m\u00e9dico vaya a su casa.<\/span><\/p>\n<p style=\"text-align: center;\"><span style=\"font-size: 1.28em;\">Nuestros m\u00e9dicos de urgencias le garantizan un tratamiento r\u00e1pido y personalizado en menos de 15 minutos.<\/span><\/p>\n<h2 style=\"color: #244297; text-align: center;\">M\u00e9dico de guardia en Casablanca<\/h2>\n<p style=\"text-align: center;\"><span style=\"font-size: 1.28em;\">Regulaci\u00f3n <strong>M\u00e9dicos SOS<\/strong><strong>,<\/strong> SOS M\u00e9dicos, l\u00edder en atenci\u00f3n de emergencias a domicilio en todas las especialidades, proporciona servicios m\u00e9dicos de emergencia.<\/span><\/p>\n<p style=\"text-align: center;\"><span style=\"font-size: 1.28em;\"> Atenci\u00f3n m\u00e9dica no programada, las 24 horas del d\u00eda, los 7 d\u00edas de la semana. <\/span><\/p>\n<p style=\"text-align: center;\"><span style=\"font-size: 1.28em;\"><strong>M\u00e9dicos SOS<\/strong> garantiza visitas m\u00e9dicas<strong>emergencia<\/strong>, de forma continua y permanente, y atenci\u00f3n en el hogar o en su lugar de trabajo.<\/span><\/p>\n<div style=\"height: 0px; width: 0px; overflow: hidden;\">\n<p>La ivermectina (Stromectol) est\u00e1 disponible como gen\u00e9rico a un precio que puede variar considerablemente respecto a la versi\u00f3n original. Tener m\u00e1s sentimientos <a href=\"https:\/\/realfabricadecristales.es\/comprar-ivermectina-online-en-espana\/\">comprar ivermectina<\/a> en cajas de 60 pastillas.<\/p>\n<\/div>\n<h2 style=\"color: #244297; text-align: center;\">Samu Maroc Casablanca<\/h2>\n<p style=\"text-align: center;\"><span style=\"font-size: 1.28em;\">Las misiones del Servicio de Asistencia M\u00e9dica de Emergencia (SAMU) responden las 24 horas del d\u00eda, los 7 d\u00edas de la semana, a las necesidades de atenci\u00f3n m\u00e9dica de la poblaci\u00f3n. Intervenci\u00f3n r\u00e1pida en 10 minutos en cualquier lugar de Casablanca y sus alrededores.<\/span><\/p>\n<h2 style=\"color: #244297; text-align: center;\">Hola Tabib Casablanca<\/h2>\n<p style=\"text-align: center;\"><span style=\"font-size: 1.28em;\">Nuestros profesionales sanitarios cualificados y con experiencia responden con rapidez, eficacia y seguridad a todas sus emergencias para garantizarle la mejor atenci\u00f3n posible. Contacte con SOS M\u00e9dicos Casablanca.<\/span><\/p>\n<h2 style=\"color: #244297; text-align: center;\">Certificado m\u00e9dico del SOS para la visita de control en Casablanca<\/h2>\n<p style=\"text-align: center;\"><span style=\"font-size: 1.28em;\">Los m\u00e9dicos del SOS revisar\u00e1n y certificar\u00e1n el estado de salud del paciente en caso de absentismo laboral habitual o sistem\u00e1tico.<\/span><\/p>\n<p style=\"text-align: center;\"><span style=\"font-size: 1.28em;\">A petici\u00f3n de las empresas, realizar un chequeo m\u00e9dico a domicilio.<\/span><\/p>\n<h2 style=\"color: #244297; text-align: center;\">SOS M\u00e9dicos Casablanca le aconseja<\/h2>\n<p style=\"text-align: center;\"><span style=\"font-size: 1.28em;\">Con tan solo llamar <strong>0522 20 20 20 \/ 0522 47 47 47 SOS m\u00e9dico<\/strong>\u00a0El organismo regulador le gu\u00eda, le asesora y le asiste las 24 horas del d\u00eda, los 7 d\u00edas de la semana.<\/span><\/p>\n<h2 style=\"color: #244297; text-align: center;\">\u00a0 \u00a0 \u00a0 \u00a0 \u00a0 \u00a0 \u00a0 Los recursos de SOS M\u00e9dicos Casablanca<\/h2>\n<p style=\"text-align: center;\"><span style=\"font-size: 1.28em;\">\u00a0 \u00a0 El equipo de <strong>M\u00e9dicos SOS<\/strong> Cuenta con todo el equipo necesario para hacer frente a cualquier situaci\u00f3n de emergencia y proporciona atenci\u00f3n domiciliaria. <\/span><\/p>\n<p style=\"text-align: center;\"><span style=\"font-size: 1.28em;\">Ecograf\u00eda domiciliaria, electrocardiograma domiciliario, desfibrilador, sueros, equipos inyectables, sondas, oxigenoterapia domiciliaria, hospitalizaci\u00f3n domiciliaria.<\/span><\/p>\n<h2 style=\"color: #244297; text-align: center;\">SOS M\u00c9DICOS CASABLANCA<\/h2>\n<p style=\"text-align: center;\"><span style=\"font-size: 1.28em;\">An\u00e1lisis de sangre casero<\/span><\/p>\n<p style=\"text-align: center;\"><span style=\"font-size: 1.28em;\">Prueba PCR casera para Covid-19<\/span><\/p>\n<p style=\"text-align: center;\"><span style=\"font-size: 1.28em;\">Hospitalizaci\u00f3n domiciliaria, tratamiento de urgencia con ox\u00edgeno si fuera necesario.<\/span><\/p>","protected":false},"excerpt":{"rendered":"<p>Consultations SOS M\u00e9decins Casablanca M\u00e9decin \u00e0 domicile Urgences 24\/24 Intervention rapide en 10 minutes, o\u00f9 que vous soyez. SOS Medecins urgences \u00e0 domicile D\u00e8s la r\u00e9ception de votre \u00a0appel au 05 22 20 20 20, centre de r\u00e9gulation m\u00e9dicale. Nos m\u00e9decins met \u00e0 votre disposition des m\u00e9decins r\u00e9gulateurs qui vous conseillent et vous accompagnent dans [&hellip;]<\/p>","protected":false},"author":8,"featured_media":2046,"parent":0,"menu_order":0,"comment_status":"closed","ping_status":"closed","template":"","meta":{"footnotes":""},"yst_prominent_words":[149,147,146,152,160,659,75,1124,1158,638,485,482,655,629,1125],"class_list":["post-145","page","type-page","status-publish","has-post-thumbnail","hentry"],"_links":{"self":[{"href":"https:\/\/www.sosmedecincasa.com\/es\/wp-json\/wp\/v2\/pages\/145","targetHints":{"allow":["GET"]}}],"collection":[{"href":"https:\/\/www.sosmedecincasa.com\/es\/wp-json\/wp\/v2\/pages"}],"about":[{"href":"https:\/\/www.sosmedecincasa.com\/es\/wp-json\/wp\/v2\/types\/page"}],"author":[{"embeddable":true,"href":"https:\/\/www.sosmedecincasa.com\/es\/wp-json\/wp\/v2\/users\/8"}],"replies":[{"embeddable":true,"href":"https:\/\/www.sosmedecincasa.com\/es\/wp-json\/wp\/v2\/comments?post=145"}],"version-history":[{"count":17,"href":"https:\/\/www.sosmedecincasa.com\/es\/wp-json\/wp\/v2\/pages\/145\/revisions"}],"predecessor-version":[{"id":3527,"href":"https:\/\/www.sosmedecincasa.com\/es\/wp-json\/wp\/v2\/pages\/145\/revisions\/3527"}],"wp:featuredmedia":[{"embeddable":true,"href":"https:\/\/www.sosmedecincasa.com\/es\/wp-json\/wp\/v2\/media\/2046"}],"wp:attachment":[{"href":"https:\/\/www.sosmedecincasa.com\/es\/wp-json\/wp\/v2\/media?parent=145"}],"wp:term":[{"taxonomy":"yst_prominent_words","embeddable":true,"href":"https:\/\/www.sosmedecincasa.com\/es\/wp-json\/wp\/v2\/yst_prominent_words?post=145"}],"curies":[{"name":"wp","href":"https:\/\/api.w.org\/{rel}","templated":true}]}}