{"id":2015,"date":"2018-08-28T15:50:52","date_gmt":"2018-08-28T15:50:52","guid":{"rendered":"http:\/\/www.sosmedecincasa.com\/?page_id=2015"},"modified":"2019-11-29T18:49:48","modified_gmt":"2019-11-29T18:49:48","slug":"urgence-24-7","status":"publish","type":"page","link":"https:\/\/www.sosmedecincasa.com\/es\/urgence-24-7\/","title":{"rendered":"SOS Doctors Emergencias 24\/7"},"content":{"rendered":"<section class=\"vc_row wpb_row vc_row-fluid\">\n\t\t<div class=\"row\">\n            <div class=\"wpb_column vc_column_container col-sm-12 col-md-6 margin_bottom_grid\">\n                <div class=\"wpb_wrapper\">\n\n\t<div class=\"wpb_text_column wpb_content_element\" >\n\t\t<div class=\"wpb_wrapper\">\n\t\t\t<p>Nous mettons \u00e0 votre disposition des m\u00e9decins de garde disponibles 24h\/24 et 7j\/7 pour vous assister dans toute situation d&rsquo;urgence n\u00e9cessitant une intervention rapide :<\/p>\n<ul>\n<li>Ecoute et conseil concernant votre \u00e9tat de sant\u00e9.<\/li>\n<li>Orientation vers une\u00a0structure hospitaliere ou une pharmacie de garde.<\/li>\n<li>Organisation de visite m\u00e9dicale par un m\u00e9decin.<\/li>\n<li>Transport par avion avion sanitaire \/ civi\u00e8re ou ambulance m\u00e9dicalis\u00e9e.<\/li>\n<\/ul>\n<p>Pour plus d&rsquo;information consultez notre <a href=\"https:\/\/www.sosmedecincasa.com\/es\/faq\/\">foire aux questions<\/a>.<\/p>\n\n\t\t<\/div>\n\t<\/div>\n<div class=\"plethora_button wpb_content_element   text-left\">\n    <a href=\"http:\/\/www.sosmedecincasa.com\/es\/contact\/\" class=\"btn btn-danger\" title=\"\"  target=\"_self\">\n\n        \n        Contactez-nous\n        \n\n    <\/a>\n<\/div>\n                <\/div>\n            <\/div>\n\t\t<\/div>\n<\/section>","protected":false},"excerpt":{"rendered":"Nous mettons \u00e0 votre disposition des m\u00e9decins de garde disponibles 24h\/24 et 7j\/7 pour vous assister dans toute situation d'urgence n\u00e9cessitant une intervention rapide : Ecoute et conseil concernant votre \u00e9tat de sant\u00e9. Orientation vers une\u00a0structure hospitaliere ou une pharmacie de garde. Organisation de visite m\u00e9dicale par un m\u00e9decin. Transport par avion avion sanitaire \/ [...]","protected":false},"author":8,"featured_media":1966,"parent":0,"menu_order":0,"comment_status":"closed","ping_status":"closed","template":"","meta":{"footnotes":""},"yst_prominent_words":[102,95],"class_list":["post-2015","page","type-page","status-publish","has-post-thumbnail","hentry"],"_links":{"self":[{"href":"https:\/\/www.sosmedecincasa.com\/es\/wp-json\/wp\/v2\/pages\/2015","targetHints":{"allow":["GET"]}}],"collection":[{"href":"https:\/\/www.sosmedecincasa.com\/es\/wp-json\/wp\/v2\/pages"}],"about":[{"href":"https:\/\/www.sosmedecincasa.com\/es\/wp-json\/wp\/v2\/types\/page"}],"author":[{"embeddable":true,"href":"https:\/\/www.sosmedecincasa.com\/es\/wp-json\/wp\/v2\/users\/8"}],"replies":[{"embeddable":true,"href":"https:\/\/www.sosmedecincasa.com\/es\/wp-json\/wp\/v2\/comments?post=2015"}],"version-history":[{"count":1,"href":"https:\/\/www.sosmedecincasa.com\/es\/wp-json\/wp\/v2\/pages\/2015\/revisions"}],"predecessor-version":[{"id":2753,"href":"https:\/\/www.sosmedecincasa.com\/es\/wp-json\/wp\/v2\/pages\/2015\/revisions\/2753"}],"wp:featuredmedia":[{"embeddable":true,"href":"https:\/\/www.sosmedecincasa.com\/es\/wp-json\/wp\/v2\/media\/1966"}],"wp:attachment":[{"href":"https:\/\/www.sosmedecincasa.com\/es\/wp-json\/wp\/v2\/media?parent=2015"}],"wp:term":[{"taxonomy":"yst_prominent_words","embeddable":true,"href":"https:\/\/www.sosmedecincasa.com\/es\/wp-json\/wp\/v2\/yst_prominent_words?post=2015"}],"curies":[{"name":"wp","href":"https:\/\/api.w.org\/{rel}","templated":true}]}}