{"id":255,"date":"2015-09-29T11:36:16","date_gmt":"2015-09-29T11:36:16","guid":{"rendered":"http:\/\/plethorathemes.com\/healthx\/?page_id=255"},"modified":"2020-07-13T08:53:18","modified_gmt":"2020-07-13T08:53:18","slug":"contactez","status":"publish","type":"page","link":"https:\/\/www.sosmedecincasa.com\/es\/contactez\/","title":{"rendered":"Contactez-nous"},"content":{"rendered":"<p style=\"text-align:center;\"><h6><a href=\"https:\/\/www.sosmedecincasa.com\/es\/contactez\/\" ><font color=\"#244297\">CONTACT ET NUM\u00c9RO DE T\u00c9L\u00c9PHONE SOS M\u00c9DECINS CASABLANCA<\/font><\/a><\/h6><\/p>\n\n\n<div class=\"wpb_text_column wpb_content_element\">\n<div class=\"wpb_wrapper\">\n<p>Contactez SOS M\u00e9decins Casablanca intervient 24h\/24 et 7j\/7 \u00e0 domicile pour les <strong>urgences m\u00e9dicales<\/strong>\u00a0des particuliers \u00e0<strong> Casablanca<\/strong>, dans toutes les r\u00e9gions, sur <strong>Rabat, Marrakech, Agadir, F\u00e8s et <\/strong>Tanger.<\/p>\n<p class=\"p1\"><span class=\"s1\">Ses m\u00e9decins \u0153uvrent collectivement pour faire du principe de SOS M\u00e9decins Casablanca<\/span><span class=\"s2\"><i>\u00ab l\u2019Urgence et la continuit\u00e9 des soins 24h\/24 et 7j\/7\u00bb<\/i><\/span><span class=\"s1\">, une r\u00e9alit\u00e9 au quotidien.<\/span><\/p>\n<p>Profitez des conseils et de l\u2019accompagnement de\u00a0<strong>m\u00e9decins g\u00e9n\u00e9ralistes\u00a0<\/strong>sp\u00e9cialis\u00e9s.<\/p>\n<p>dans la prise en charge des\u00a0<strong>urgences m\u00e9dicales<\/strong>, mais aussi de\u00a0<strong>consultations m\u00e9dicales g\u00e9n\u00e9rales<\/strong>,\u00a0<\/p>\n<p>de soins infirmiers dans l\u2019un de nos deux Centres m\u00e9dicaux <strong>SOS M\u00e9decins<\/strong> dans le <strong>Grand Casablanca<\/strong> et r\u00e9gions.<\/p>\n<p class=\"p1\"><span class=\"s1\">Gr\u00e2ce \u00e0 notre interface internet d\u00e9di\u00e9e et un num\u00e9ro ouvert <strong>24h\/24 et 365 jours\/an.<\/strong><\/span><\/p>\n<p class=\"p1\"><span class=\"s1\"><strong>SOS M\u00e9decins Casablanca<\/strong> souhaite vous faire b\u00e9n\u00e9ficier de soins m\u00e9dicaux de qualit\u00e9, et ce dans les meilleurs d\u00e9lais possibles.<\/span><\/p>\n<p class=\"p1\"><span class=\"s1\">Demandez un<b> m\u00e9decin en urgence <\/b>par<b> t\u00e9l\u00e9phone ou <\/b>par<b> E-mail.<\/b><\/span><\/p>\n<p class=\"p1\"><span class=\"s1\"><b>Vous pouvez joindre nos \u00e9quipes au 05 22 20 20 20<\/b><\/span><\/p>\n<p>Si vous avez des questions ou une <strong>urgence m\u00e9dicale<\/strong> vous pouvez nous contactez sur les <strong>num\u00e9ros suivants (Disponibles 24\/7)<\/strong>:<\/p>\n<ul>\n<li><strong>T\u00e9l\u00e9phone:<\/strong> +212 522 20 20 20 \/ +212 522 47 47 47<\/li>\n<li><b>Adresse \u00e9lectronique: contact@sosmedecincasa.com<\/b><\/li>\n<li><strong>Adresse:\u00a0<\/strong>44, Rue des H\u00f4pitaux, Barrio des H\u00f4pitaux | 20360 Casablanca, Marruecos<\/li>\n<\/ul>\n<\/div>\n<\/div>\n\n\n<h6><a href=\"https:\/\/www.pinterest.fr\/sosmedecincasa\/\/\"><font color=\"#244297\">Visitez-nous sur pinterest<\/font><\/a><\/h6>\n\n\n\n<p><\/p>","protected":false},"excerpt":{"rendered":"<p>CONTACT ET NUM\u00c9RO DE T\u00c9L\u00c9PHONE SOS M\u00c9DECINS CASABLANCA Contactez SOS M\u00e9decins Casablanca intervient 24h\/24 et 7j\/7 \u00e0 domicile pour les urgences m\u00e9dicales\u00a0des particuliers \u00e0 Casablanca, dans toutes les r\u00e9gions, sur Rabat, Marrakech, Agadir, F\u00e8s et Tanger. Ses m\u00e9decins \u0153uvrent collectivement pour faire du principe de SOS M\u00e9decins Casablanca\u00ab l\u2019Urgence et la continuit\u00e9 des soins 24h\/24 [&hellip;]<\/p>","protected":false},"author":8,"featured_media":0,"parent":0,"menu_order":0,"comment_status":"closed","ping_status":"closed","template":"","meta":{"footnotes":""},"yst_prominent_words":[149,147,146,157,153,517,656,154,152,156,1160,1158,1156,1165,89,234,482,629,1164,1155],"class_list":["post-255","page","type-page","status-publish","hentry"],"_links":{"self":[{"href":"https:\/\/www.sosmedecincasa.com\/es\/wp-json\/wp\/v2\/pages\/255","targetHints":{"allow":["GET"]}}],"collection":[{"href":"https:\/\/www.sosmedecincasa.com\/es\/wp-json\/wp\/v2\/pages"}],"about":[{"href":"https:\/\/www.sosmedecincasa.com\/es\/wp-json\/wp\/v2\/types\/page"}],"author":[{"embeddable":true,"href":"https:\/\/www.sosmedecincasa.com\/es\/wp-json\/wp\/v2\/users\/8"}],"replies":[{"embeddable":true,"href":"https:\/\/www.sosmedecincasa.com\/es\/wp-json\/wp\/v2\/comments?post=255"}],"version-history":[{"count":8,"href":"https:\/\/www.sosmedecincasa.com\/es\/wp-json\/wp\/v2\/pages\/255\/revisions"}],"predecessor-version":[{"id":2758,"href":"https:\/\/www.sosmedecincasa.com\/es\/wp-json\/wp\/v2\/pages\/255\/revisions\/2758"}],"wp:attachment":[{"href":"https:\/\/www.sosmedecincasa.com\/es\/wp-json\/wp\/v2\/media?parent=255"}],"wp:term":[{"taxonomy":"yst_prominent_words","embeddable":true,"href":"https:\/\/www.sosmedecincasa.com\/es\/wp-json\/wp\/v2\/yst_prominent_words?post=255"}],"curies":[{"name":"wp","href":"https:\/\/api.w.org\/{rel}","templated":true}]}}