{"id":2995,"date":"2021-03-09T16:25:40","date_gmt":"2021-03-09T16:25:40","guid":{"rendered":"https:\/\/www.sosmedecincasa.com\/?page_id=2995"},"modified":"2021-03-09T16:25:54","modified_gmt":"2021-03-09T16:25:54","slug":"docteur-a-domicile","status":"publish","type":"page","link":"https:\/\/www.sosmedecincasa.com\/es\/docteur-a-domicile\/","title":{"rendered":"m\u00e9dico de urgencias a domicilio"},"content":{"rendered":"<h2 class=\"wp-block-heading\">Consultation Visite docteur \u00e0 Domicile <\/h2>\n\n\n\n<div class=\"wp-block-image\"><figure class=\"aligncenter\"><img decoding=\"async\" src=\"https:\/\/sosmedecinsmaroc.ma\/wp-content\/uploads\/2020\/05\/medecin-1-300x129.jpg\" alt=\"medecin sos\" class=\"wp-image-3226\"\/><\/figure><\/div>\n\n\n\n<p>Vous habitez \u00e0 Casablanca et vous avez besoin d&rsquo;un docteur g\u00e9n\u00e9raliste urgentiste ou sp\u00e9cialiste pour tout type d&rsquo;urgence, un docteur arrive chez vous dans les plus brefs d\u00e9lais sos docteur est l\u00e0 pour r\u00e9pondre \u00e0 vos besoins d&rsquo;urgence le docteur le plus proche de votre zone se d\u00e9place rapidement\u00a0 chez vous \u00e0 Casablanca et environs.<\/p>\n\n\n\n<p>Bien souvent, les urgences arrivent aux moments o\u00f9 l&rsquo;on s&rsquo;y attend le moins, et il arrive que vous ayez besoin d\u2019un docteur \u00e0 domicile , L&rsquo;intervention se fait en 10 minutes environ.<\/p>\n\n\n\n<p>SOS Docteur Casablanca est l\u00e0 pour r\u00e9pondre \u00e0 tout genre de situation d&rsquo;urgence. Avec notre \u00e9quipe de docteurs g\u00e9n\u00e9ralistes et sp\u00e9cialistes d\u00e9vou\u00e9e pour leurs patients,<\/p>\n\n\n\n<p>SOS Docteur Casablanca vous propose une intervention imm\u00e9diate d\u2019un docteur \u00e0 domicile Casablanca pour toutes vos urgences de sant\u00e9 !<\/p>\n\n\n\n<p>Quel que soit votre besoin m\u00e9dical ou celui de vos proches, SOS M\u00c9DECINS CASABLANCA vous donne la possibilit\u00e9 de joindre en un clic un docteur \u00e0 domicile Casablanca 24 heures sur 24.<\/p>\n\n\n\n<h2 class=\"wp-block-heading\">SOS M\u00c9DECINS Casablanca<\/h2>\n\n\n\n<div class=\"wp-block-image\"><figure class=\"aligncenter\"><img decoding=\"async\" src=\"https:\/\/sosmedecinsmaroc.ma\/wp-content\/uploads\/2020\/05\/IMG-4254-1-1-300x225.jpg\" alt=\"voiture sos medecins maroc\" class=\"wp-image-3224\"\/><\/figure><\/div>\n\n\n\n<p>SOS MEDECINS Casablanca met \u00e0 votre disposition une \u00e9quipe de m\u00e9decins de garde \u00e0 Casablanca joignable 24h\/24.<\/p>\n\n\n\n<p>Le docteur le plus proche\u00a0chez vous\u00a0interviendra en moins de 10 Minutes sur Casablanca et ses environs.<\/p>\n\n\n\n<p>SOS MEDECINS Casablanca vous donne acc\u00e8s \u00e0 une \u00e9quipe de docteurs qualifi\u00e9s. En quelques minutes seulement vous pouvez obtenir un docteur \u00e0 domicile Casablanca.<\/p>\n\n\n\n<h2 class=\"wp-block-heading\">SOS DOCTEUR DE NUIT Casablanca<\/h2>\n\n\n\n<div class=\"wp-block-image\"><figure class=\"aligncenter\"><img decoding=\"async\" src=\"https:\/\/sosmedecinsmaroc.ma\/wp-content\/uploads\/2020\/09\/LOGO-SOS-MEDECIN-300x101.png\" alt=\"\" class=\"wp-image-3243\"\/><\/figure><\/div>\n\n\n\n<p>SOS Docteur Casablanca DE NUIT est \u00e0 votre disposition une \u00e9quipe de docteurs de garde \u00e0 Casablanca joignables 24 heures sur 24.<\/p>\n\n\n\n<p>Appelez le centre de r\u00e9gulation m\u00e9dicale au 05 22 20 20 20 ou 05 22 47 47 47 pour avoir un docteur de nuit urgentiste en moin de 15 min.\u00a0<\/p>\n\n\n\n<p>Votre Sant\u00e9, notre priorit\u00e9.<\/p>\n\n\n\n<p>Nous ferons toujours plus pour votre sant\u00e9.<\/p>","protected":false},"excerpt":{"rendered":"<p>Consultation Visite docteur \u00e0 Domicile Vous habitez \u00e0 Casablanca et vous avez besoin d&rsquo;un docteur g\u00e9n\u00e9raliste urgentiste ou sp\u00e9cialiste pour tout type d&rsquo;urgence, un docteur arrive chez vous dans les plus brefs d\u00e9lais sos docteur est l\u00e0 pour r\u00e9pondre \u00e0 vos besoins d&rsquo;urgence le docteur le plus proche de votre zone se d\u00e9place rapidement\u00a0 chez [&hellip;]<\/p>","protected":false},"author":8,"featured_media":0,"parent":0,"menu_order":0,"comment_status":"closed","ping_status":"closed","template":"","meta":{"footnotes":""},"yst_prominent_words":[487,147,1242,1189,691,1238,1237,1240,1241,1187,1239,1201,1158,1235,1236,482,629],"class_list":["post-2995","page","type-page","status-publish","hentry"],"_links":{"self":[{"href":"https:\/\/www.sosmedecincasa.com\/es\/wp-json\/wp\/v2\/pages\/2995","targetHints":{"allow":["GET"]}}],"collection":[{"href":"https:\/\/www.sosmedecincasa.com\/es\/wp-json\/wp\/v2\/pages"}],"about":[{"href":"https:\/\/www.sosmedecincasa.com\/es\/wp-json\/wp\/v2\/types\/page"}],"author":[{"embeddable":true,"href":"https:\/\/www.sosmedecincasa.com\/es\/wp-json\/wp\/v2\/users\/8"}],"replies":[{"embeddable":true,"href":"https:\/\/www.sosmedecincasa.com\/es\/wp-json\/wp\/v2\/comments?post=2995"}],"version-history":[{"count":1,"href":"https:\/\/www.sosmedecincasa.com\/es\/wp-json\/wp\/v2\/pages\/2995\/revisions"}],"predecessor-version":[{"id":2996,"href":"https:\/\/www.sosmedecincasa.com\/es\/wp-json\/wp\/v2\/pages\/2995\/revisions\/2996"}],"wp:attachment":[{"href":"https:\/\/www.sosmedecincasa.com\/es\/wp-json\/wp\/v2\/media?parent=2995"}],"wp:term":[{"taxonomy":"yst_prominent_words","embeddable":true,"href":"https:\/\/www.sosmedecincasa.com\/es\/wp-json\/wp\/v2\/yst_prominent_words?post=2995"}],"curies":[{"name":"wp","href":"https:\/\/api.w.org\/{rel}","templated":true}]}}