{"id":3049,"date":"2021-08-26T17:29:07","date_gmt":"2021-08-26T17:29:07","guid":{"rendered":"https:\/\/www.sosmedecincasa.com\/?page_id=3049"},"modified":"2021-08-26T17:29:25","modified_gmt":"2021-08-26T17:29:25","slug":"laboratoire-a-domicile","status":"publish","type":"page","link":"https:\/\/www.sosmedecincasa.com\/es\/laboratoire-a-domicile\/","title":{"rendered":"Laboratorio dom\u00e9stico"},"content":{"rendered":"<figure class=\"wp-block-image\"><img loading=\"lazy\" decoding=\"async\" width=\"960\" height=\"801\" src=\"https:\/\/www.sosmedecincasa.com\/wp-content\/uploads\/2021\/08\/laboratoire-a-domicile-casablanca.jpg\" alt=\"\" class=\"wp-image-3050\" srcset=\"https:\/\/www.sosmedecincasa.com\/wp-content\/uploads\/2021\/08\/laboratoire-a-domicile-casablanca.jpg 960w, https:\/\/www.sosmedecincasa.com\/wp-content\/uploads\/2021\/08\/laboratoire-a-domicile-casablanca-300x250.jpg 300w, https:\/\/www.sosmedecincasa.com\/wp-content\/uploads\/2021\/08\/laboratoire-a-domicile-casablanca-768x641.jpg 768w, https:\/\/www.sosmedecincasa.com\/wp-content\/uploads\/2021\/08\/laboratoire-a-domicile-casablanca-320x267.jpg 320w, https:\/\/www.sosmedecincasa.com\/wp-content\/uploads\/2021\/08\/laboratoire-a-domicile-casablanca-640x534.jpg 640w, https:\/\/www.sosmedecincasa.com\/wp-content\/uploads\/2021\/08\/laboratoire-a-domicile-casablanca-360x300.jpg 360w, https:\/\/www.sosmedecincasa.com\/wp-content\/uploads\/2021\/08\/laboratoire-a-domicile-casablanca-720x601.jpg 720w, https:\/\/www.sosmedecincasa.com\/wp-content\/uploads\/2021\/08\/laboratoire-a-domicile-casablanca-800x668.jpg 800w\" sizes=\"auto, (max-width: 960px) 100vw, 960px\" \/><\/figure>\n\n\n\n<p>Laboratoire a domicile c&rsquo;est possible !<\/p>\n\n\n\n<p>Nous avons le plaisir de vous informer que le laboratoire d&rsquo;analyses m\u00e9dicales est maintenant se fait a domicile&nbsp;<\/p>\n\n\n\n<p>Votre m\u00e9decin vous a prescrit un pr\u00e9l\u00e8vement \u00e0 domicile ou vous n&rsquo;avez tout simplement pas la possibilit\u00e9&nbsp;de vous d\u00e9placer en&nbsp;laboratoire ?<\/p>\n\n\n\n<h2 class=\"wp-block-heading\"><strong>Contactez<\/strong>-nous 24h\/24&nbsp;<\/h2>\n\n\n\n<p>L&rsquo;\u00e9quipe SOS MEDECINS Casablanca vous informera sur le d\u00e9roulement du pr\u00e9l\u00e8vement \u00e0 domicile et vous donnera un resultat en moins de 20 minutes.<\/p>\n\n\n\n<h2 class=\"wp-block-heading\"><strong>Un pr\u00e9l\u00e8vement \u00e0 la maison, avec la m\u00eame qualit\u00e9 de prise en charge qu\u2019en laboratoire<\/strong><\/h2>\n\n\n\n<p>En fonction de vos disponibilit\u00e9s, vous pourrez profiter de la prise en charge de votre laboratoire tout en restant confortablement install\u00e9 chez vous.<\/p>\n\n\n\n<h3 class=\"wp-block-heading\">Vous pourrez \u00e9galement demander \u00e0 r\u00e9cup\u00e9rer vos r\u00e9sultats en ligne ou par t\u00e9l\u00e9phone au&nbsp;<a href=\"tel:0522202020\">05 22 20 20 20<\/a> \/ <a href=\"tel:0611173903\">06 11 17 39 03<\/a><a>&nbsp;<\/a><\/h3>\n\n\n\n<ul class=\"wp-block-list\"><li><strong>R\u00e9servez&nbsp;votre pr\u00e9l\u00e8vement \u00e0 domicile<\/strong><\/li><li><strong>Un M\u00e9decin viendra chez vous<\/strong>.<\/li><li><strong>Vos r\u00e9sultats d&rsquo;examens par Internet ou par t\u00e9l\u00e9phone<\/strong><\/li><\/ul>\n\n\n\n<h2 class=\"wp-block-heading\">Votre Sant\u00e9, Notre Priorit\u00e9<\/h2>","protected":false},"excerpt":{"rendered":"<p>Laboratoire a domicile c&rsquo;est possible ! Nous avons le plaisir de vous informer que le laboratoire d&rsquo;analyses m\u00e9dicales est maintenant se fait a domicile&nbsp; Votre m\u00e9decin vous a prescrit un pr\u00e9l\u00e8vement \u00e0 domicile ou vous n&rsquo;avez tout simplement pas la possibilit\u00e9&nbsp;de vous d\u00e9placer en&nbsp;laboratoire ? Contactez-nous 24h\/24&nbsp; L&rsquo;\u00e9quipe SOS MEDECINS Casablanca vous informera sur le [&hellip;]<\/p>","protected":false},"author":8,"featured_media":0,"parent":0,"menu_order":0,"comment_status":"closed","ping_status":"closed","template":"","meta":{"footnotes":""},"yst_prominent_words":[149,147,971,64,1267,66,455,1266,933,638,1268,1164],"class_list":["post-3049","page","type-page","status-publish","hentry"],"_links":{"self":[{"href":"https:\/\/www.sosmedecincasa.com\/es\/wp-json\/wp\/v2\/pages\/3049","targetHints":{"allow":["GET"]}}],"collection":[{"href":"https:\/\/www.sosmedecincasa.com\/es\/wp-json\/wp\/v2\/pages"}],"about":[{"href":"https:\/\/www.sosmedecincasa.com\/es\/wp-json\/wp\/v2\/types\/page"}],"author":[{"embeddable":true,"href":"https:\/\/www.sosmedecincasa.com\/es\/wp-json\/wp\/v2\/users\/8"}],"replies":[{"embeddable":true,"href":"https:\/\/www.sosmedecincasa.com\/es\/wp-json\/wp\/v2\/comments?post=3049"}],"version-history":[{"count":1,"href":"https:\/\/www.sosmedecincasa.com\/es\/wp-json\/wp\/v2\/pages\/3049\/revisions"}],"predecessor-version":[{"id":3052,"href":"https:\/\/www.sosmedecincasa.com\/es\/wp-json\/wp\/v2\/pages\/3049\/revisions\/3052"}],"wp:attachment":[{"href":"https:\/\/www.sosmedecincasa.com\/es\/wp-json\/wp\/v2\/media?parent=3049"}],"wp:term":[{"taxonomy":"yst_prominent_words","embeddable":true,"href":"https:\/\/www.sosmedecincasa.com\/es\/wp-json\/wp\/v2\/yst_prominent_words?post=3049"}],"curies":[{"name":"wp","href":"https:\/\/api.w.org\/{rel}","templated":true}]}}