{"id":561,"date":"2015-10-22T07:10:59","date_gmt":"2015-10-22T07:10:59","guid":{"rendered":"http:\/\/plethorathemes.com\/healthx\/?page_id=561"},"modified":"2020-07-13T06:07:11","modified_gmt":"2020-07-13T06:07:11","slug":"faq","status":"publish","type":"page","link":"https:\/\/www.sosmedecincasa.com\/es\/faq\/","title":{"rendered":"FAQ"},"content":{"rendered":"<div class=\"wpb-content-wrapper\">\n<h6 class=\"wp-block-heading\">\n<section class=\"vc_row wpb_row vc_row-fluid\">\n\t\t<div class=\"row\">\n <font color=\"#244297\"><a href=\"https:\/\/www.sosmedecincasa.com\/es\/faq\/\">Foire aux questions<\/a><\/font> \t\t<\/div>\n<\/section>\n\n<\/h6>\n\n\n<section class=\"vc_row wpb_row vc_row-fluid\">\n\t\t<div class=\"row\">\n            <div class=\"wpb_column vc_column_container col-sm-12 margin_bottom_grid\">\n                <div class=\"wpb_wrapper\">\n<div id=\"1447064341323-f6ee47d8-32bf\" class=\"vc_toggle vc_toggle_default vc_toggle_color_default  vc_toggle_size_md\"><div class=\"vc_toggle_title\"><h4>FAQ<\/h4><i class=\"vc_toggle_icon\"><\/i><\/div><div class=\"vc_toggle_content\"><p>FAQ Posez des questions sur nos prestations, des situations m\u00e9dicales d&rsquo;urgence. Ensuite essayer de nous contacter pour vous orienter sur la FAQ la plus efficace pour vous assister.<\/p>\n<\/div><\/div><div id=\"1447064412741-3e356338-032d\" class=\"vc_toggle vc_toggle_default vc_toggle_color_default  vc_toggle_size_md\"><div class=\"vc_toggle_title\"><h4>Quelles sont les pr\u00e9parations \u00e0 faire avant l&#039;arriv\u00e9e du m\u00e9decin?<\/h4><i class=\"vc_toggle_icon\"><\/i><\/div><div class=\"vc_toggle_content\"><p>En attente de notre assistance, veuillez vous munir d&rsquo;une pi\u00e8ce d&rsquo;identit\u00e9 du malade ou la personne en charge.<\/p>\n<\/div><\/div><div  class=\"vc_toggle vc_toggle_default vc_toggle_color_default  vc_toggle_size_md\"><div class=\"vc_toggle_title\"><h4>Comment commander une \u00e9vacuation sanitaire?<\/h4><i class=\"vc_toggle_icon\"><\/i><\/div><div class=\"vc_toggle_content\"><p>Pour commander une \u00e9vacuation sanitaire par avion ou par ambulance, veuillez nous contacter pour vous orienter. Nous vous assistons sur toutes les d\u00e9marches \u00e0 prendre pour une op\u00e9ration r\u00e9ussie.<\/p>\n<\/div><\/div><div  class=\"vc_toggle vc_toggle_default vc_toggle_color_default  vc_toggle_size_md\"><div class=\"vc_toggle_title\"><h4>Que faire si j&#039;ai juste besoin de conseils et orientations?<\/h4><i class=\"vc_toggle_icon\"><\/i><\/div><div class=\"vc_toggle_content\"><p>Rien de plus simple, prenez votre t\u00e9l\u00e9phone et appelez nous, un de nos m\u00e9decins de garde se fera un plaisir de vous assister.<\/p>\n<\/div><\/div><div  class=\"vc_toggle vc_toggle_default vc_toggle_color_default  vc_toggle_size_md\"><div class=\"vc_toggle_title\"><h4>Quel est le tarif de vos prestations?<\/h4><i class=\"vc_toggle_icon\"><\/i><\/div><div class=\"vc_toggle_content\"><p>Il n&rsquo;y a pas de tarif fixe. Chaque situation a ses sp\u00e9cificit\u00e9s comme le lieux, la dur\u00e9e, les \u00e9l\u00e9ments et le personnel mobilis\u00e9.<\/p>\n<p>Nous vous garantissons des co\u00fbt ad\u00e9quats sans aucune surprise.<\/p>\n<\/div><\/div>\n                <\/div>\n            <\/div>\n\t\t<\/div>\n<\/section>\n\n\n<section class=\"vc_row wpb_row vc_row-fluid vc_custom_1535557169531\">\n\t\t<div class=\"row\">\nSi vous avez des questions ou une urgence m\u00e9dicale vous pouvez nous contactez sur les num\u00e9ros suivants (Disponibles 24\/7):<\/p>\n<div class=\"wpb_text_column wpb_content_element\">\n<div class=\"wpb_wrapper\">\n<ul>\n<li><strong>Casablanca :<\/strong> 0522 20 20 20<\/li>\n<li><strong>Rabat :<\/strong> 0522 20 20 20<\/li>\n<li><strong>Fes :<\/strong> 0522 20 20 20<\/li>\n<li><strong>Marrakech :<\/strong> 0522 20 20 20<\/li>\n<li><strong>Agadir :<\/strong> 0522 20 20 20<\/li>\n<li><strong>Oujda :<\/strong> 0522 20 20 20<\/li>\n<\/ul>\n<p><b>Adresse \u00e9lectronique: contact@sosmedecincasa.com<\/b><\/p>\n<\/div>\n<\/div>\n<p>\t\t<\/div>\n<\/section>\n\n\n<h6><a href=\"https:\/\/www.pinterest.fr\/sosmedecincasa\/\/\"><font color=\"#244297\">Visitez-nous sur pinterest<\/font><\/a><\/h6>\n<\/div>","protected":false},"excerpt":{"rendered":"<p>Visitez-nous sur pinterest<\/p>","protected":false},"author":8,"featured_media":0,"parent":0,"menu_order":0,"comment_status":"closed","ping_status":"closed","template":"","meta":{"footnotes":""},"yst_prominent_words":[150,148,145,144,149,147,146,142,1170,140,1167,1166],"class_list":["post-561","page","type-page","status-publish","hentry"],"_links":{"self":[{"href":"https:\/\/www.sosmedecincasa.com\/es\/wp-json\/wp\/v2\/pages\/561","targetHints":{"allow":["GET"]}}],"collection":[{"href":"https:\/\/www.sosmedecincasa.com\/es\/wp-json\/wp\/v2\/pages"}],"about":[{"href":"https:\/\/www.sosmedecincasa.com\/es\/wp-json\/wp\/v2\/types\/page"}],"author":[{"embeddable":true,"href":"https:\/\/www.sosmedecincasa.com\/es\/wp-json\/wp\/v2\/users\/8"}],"replies":[{"embeddable":true,"href":"https:\/\/www.sosmedecincasa.com\/es\/wp-json\/wp\/v2\/comments?post=561"}],"version-history":[{"count":12,"href":"https:\/\/www.sosmedecincasa.com\/es\/wp-json\/wp\/v2\/pages\/561\/revisions"}],"predecessor-version":[{"id":2751,"href":"https:\/\/www.sosmedecincasa.com\/es\/wp-json\/wp\/v2\/pages\/561\/revisions\/2751"}],"wp:attachment":[{"href":"https:\/\/www.sosmedecincasa.com\/es\/wp-json\/wp\/v2\/media?parent=561"}],"wp:term":[{"taxonomy":"yst_prominent_words","embeddable":true,"href":"https:\/\/www.sosmedecincasa.com\/es\/wp-json\/wp\/v2\/yst_prominent_words?post=561"}],"curies":[{"name":"wp","href":"https:\/\/api.w.org\/{rel}","templated":true}]}}