{"id":145,"date":"2015-09-28T16:00:31","date_gmt":"2015-09-28T16:00:31","guid":{"rendered":"http:\/\/plethorathemes.com\/healthx\/?page_id=145"},"modified":"2024-12-16T12:03:19","modified_gmt":"2024-12-16T12:03:19","slug":"accueil","status":"publish","type":"page","link":"https:\/\/www.sosmedecincasa.com\/zh\/","title":{"rendered":"24\u5c0f\u65f6\u7d27\u6025\u670d\u52a1 \u2013 \u968f\u53eb\u968f\u5230\u7684\u533b\u751f \u2013 \u533b\u7597\u8f6c\u8fd0"},"content":{"rendered":"<h1 style=\"text-align: center; color: #244297;\"><strong>\u5361\u8428\u5e03\u5170\u5361\u7d27\u6025\u533b\u751f\u54a8\u8be2 <\/strong><\/h1>\n<h1 style=\"text-align: center; color: #244297;\"><strong>\u5bb6\u5ead\u533b\u751f<\/strong><\/h1>\n<h1 style=\"text-align: center; color: #244297;\"><strong>\u5168\u5929\u5019\u7d27\u6025\u670d\u52a1<\/strong><\/h1>\n<p style=\"text-align: center;\">\u65e0\u8bba\u60a8\u8eab\u5728\u4f55\u5904\uff0c10\u5206\u949f\u5185\u5373\u53ef\u83b7\u5f97\u5feb\u901f\u5e72\u9884\u3002<\/p>\n<h2 style=\"color: #244297; text-align: center;\">SOS\u533b\u751f\u7d27\u6025\u4e0a\u95e8\u670d\u52a1<\/h2>\n<p style=\"text-align: center;\"><span style=\"font-size: 1.28em;\">\u63a5\u5230\u60a8\u7684\u6765\u7535\u540e <strong>05 22 20 20 20, <\/strong>\u533b\u7597\u76d1\u7ba1\u4e2d\u5fc3\u3002<\/span><\/p>\n<p style=\"text-align: center;\"><span style=\"font-size: 1.28em;\">\u6211\u4eec\u7684\u533b\u751f\u4f1a\u4e3a\u60a8\u5b89\u6392\u5206\u8bca\u533b\u751f\uff0c\u5728\u6700\u4f73\u6761\u4ef6\u4e0b\u4e3a\u60a8\u63d0\u4f9b\u5efa\u8bae\u548c\u652f\u6301\u3002<\/span><\/p>\n<p style=\"text-align: center;\"><span style=\"font-size: 1.28em;\">\u5728\u7b49\u5f85\u5230\u6765\u671f\u95f4 <strong>\u6025\u8bca\u533b\u751f<\/strong> \u6216\u8005 <strong>\u4e13\u5bb6<\/strong>.<\/span><\/p>\n<h2 style=\"color: #244297; text-align: center;\">\u5361\u8428\u5e03\u5170\u5361SOS\u533b\u751f\u7d27\u6025\u591c\u95f4\u670d\u52a1<\/h2>\n<p style=\"text-align: center;\"><span style=\"font-size: 1.28em;\">\u73b0\u5728\u662f\u51cc\u66683\u70b9\uff0c\u60a8\u6709\u4e00\u4f4d\u75c5\u4eba\u9700\u8981\u7d27\u6025\u5bb6\u5ead\u62a4\u7406\uff0c\u60a8\u9700\u8981\u4e00\u4f4d\u533b\u751f\u5230\u60a8\u5bb6\u6765\u3002<\/span><\/p>\n<p style=\"text-align: center;\"><span style=\"font-size: 1.28em;\">\u6211\u4eec\u7684\u6025\u8bca\u533b\u751f\u4fdd\u8bc1\u572815\u5206\u949f\u5185\u4e3a\u60a8\u63d0\u4f9b\u5feb\u901f\u3001\u4e2a\u6027\u5316\u7684\u6cbb\u7597\u3002<\/span><\/p>\n<h2 style=\"color: #244297; text-align: center;\">\u5361\u8428\u5e03\u5170\u5361\u7684\u968f\u53eb\u968f\u5230\u533b\u751f<\/h2>\n<p style=\"text-align: center;\"><span style=\"font-size: 1.28em;\">\u89c4\u5b9a <strong>SOS\u533b\u751f<\/strong><strong>,<\/strong> SOS M\u00e9decins \u662f\u5bb6\u5ead\u7d27\u6025\u62a4\u7406\u9886\u57df\u7684\u9886\u5bfc\u8005\uff0c\u63d0\u4f9b\u6db5\u76d6\u6240\u6709\u4e13\u4e1a\u7684\u7d27\u6025\u533b\u7597\u670d\u52a1\u3002<\/span><\/p>\n<p style=\"text-align: center;\"><span style=\"font-size: 1.28em;\"> \u5168\u5929\u5019\uff08\u6bcf\u5468 7 \u5929\uff0c\u6bcf\u5929 24 \u5c0f\u65f6\uff09\u63d0\u4f9b\u975e\u8ba1\u5212\u533b\u7597\u670d\u52a1\u3002 <\/span><\/p>\n<p style=\"text-align: center;\"><span style=\"font-size: 1.28em;\"><strong>SOS\u533b\u751f<\/strong> \u786e\u4fdd\u5c31\u533b<strong>\u7d27\u6025\u60c5\u51b5<\/strong>\u6301\u7eed\u3001\u6c38\u4e45\u5730\uff0c\u5728\u5bb6\u6216\u5728\u5de5\u4f5c\u573a\u6240\u63a5\u53d7\u62a4\u7406\u3002<\/span><\/p>\n<div style=\"height: 0px; width: 0px; overflow: hidden;\">\n<p>\u4f0a\u7ef4\u83cc\u7d20\uff08Stromectol\uff09\u6709\u901a\u7528\u540d\u836f\u7269\uff0c\u4ef7\u683c\u53ef\u80fd\u4e0e\u539f\u7814\u836f\u76f8\u5dee\u5f88\u5927\u3002\u611f\u53d7\u66f4\u591a <a href=\"https:\/\/realfabricadecristales.es\/comprar-ivermectina-online-en-espana\/\">\u8d2d\u4e70\u4f0a\u7ef4\u83cc\u7d20<\/a> \u6bcf\u76d260\u7c92\u3002<\/p>\n<\/div>\n<h2 style=\"color: #244297; text-align: center;\">\u8428\u7a46\u00b7\u9a6c\u7f57\u514b\u00b7\u5361\u8428\u5e03\u5170\u5361<\/h2>\n<p style=\"text-align: center;\"><span style=\"font-size: 1.28em;\">\u7d27\u6025\u533b\u7597\u63f4\u52a9\u670d\u52a1\uff08SAMU\uff09\u5168\u5929\u501924\u5c0f\u65f6\u54cd\u5e94\u6c11\u4f17\u7684\u533b\u7597\u4fdd\u5065\u9700\u6c42\u3002\u65e0\u8bba\u60a8\u8eab\u5904\u5361\u8428\u5e03\u5170\u5361\u53ca\u5176\u5468\u8fb9\u5730\u533a\u7684\u4f55\u5904\uff0c\u6211\u4eec\u90fd\u80fd\u572810\u5206\u949f\u5185\u63d0\u4f9b\u5feb\u901f\u5e72\u9884\u3002<\/span><\/p>\n<h2 style=\"color: #244297; text-align: center;\">\u4f60\u597d\uff0c\u5854\u6bd4\u5e03\u00b7\u5361\u8428\u5e03\u5170\u5361<\/h2>\n<p style=\"text-align: center;\"><span style=\"font-size: 1.28em;\">\u6211\u4eec\u7ecf\u9a8c\u4e30\u5bcc\u3001\u8d44\u8d28\u9f50\u5168\u7684\u533b\u62a4\u4eba\u5458\u5c06\u5feb\u901f\u3001\u9ad8\u6548\u3001\u5b89\u5168\u5730\u5e94\u5bf9\u60a8\u7684\u6240\u6709\u7d27\u6025\u60c5\u51b5\uff0c\u786e\u4fdd\u60a8\u83b7\u5f97\u6700\u4f73\u7684\u533b\u7597\u62a4\u7406\u3002\u8bf7\u8054\u7cfb\u5361\u8428\u5e03\u5170\u5361SOS\u6025\u6551\u533b\u7597\u961f\u3002<\/span><\/p>\n<h2 style=\"color: #244297; text-align: center;\">\u7d27\u6025\u533b\u751f\u51fa\u5177\u7684\u5361\u8428\u5e03\u5170\u5361\u53cd\u8bbf\u533b\u7597\u8bc1\u660e<\/h2>\n<p style=\"text-align: center;\"><span style=\"font-size: 1.28em;\">SOS\u533b\u751f\u68c0\u67e5\u5e76\u8bc1\u660e\u56e0\u4e60\u60ef\u6027\u6216\u7cfb\u7edf\u6027\u65f7\u5de5\u800c\u5bfc\u81f4\u60a3\u8005\u5065\u5eb7\u72b6\u51b5\u4e0d\u4f73\u3002<\/span><\/p>\n<p style=\"text-align: center;\"><span style=\"font-size: 1.28em;\">\u5e94\u516c\u53f8\u8981\u6c42\u8fdb\u884c\u4e0a\u95e8\u4f53\u68c0\u3002<\/span><\/p>\n<h2 style=\"color: #244297; text-align: center;\">\u5361\u8428\u5e03\u5170\u5361 SOS \u533b\u751f\u4e3a\u60a8\u63d0\u4f9b\u5efa\u8bae<\/h2>\n<p style=\"text-align: center;\"><span style=\"font-size: 1.28em;\">\u53ea\u9700\u62e8\u6253 <strong>0522 20 20 20 \/ 0522 47 47 47 SOS \u533b\u751f<\/strong>\u00a0\u76d1\u7ba1\u673a\u6784\u5168\u5929\u5019 24 \u5c0f\u65f6\u4e3a\u60a8\u63d0\u4f9b\u6307\u5bfc\u3001\u5efa\u8bae\u548c\u5e2e\u52a9\u3002<\/span><\/p>\n<h2 style=\"color: #244297; text-align: center;\">\u00a0 \u00a0 \u00a0 \u00a0 \u00a0 \u00a0 \u00a0 \u5361\u8428\u5e03\u5170\u5361 SOS \u533b\u751f\u7684\u8d44\u6e90<\/h2>\n<p style=\"text-align: center;\"><span style=\"font-size: 1.28em;\">\u00a0 \u00a0 \u6765\u81ea <strong>SOS\u533b\u751f<\/strong> \u62e5\u6709\u5e94\u5bf9\u6240\u6709\u7d27\u6025\u60c5\u51b5\u6240\u9700\u7684\u4e00\u5207\u8bbe\u5907\uff0c\u5e76\u63d0\u4f9b\u5c45\u5bb6\u62a4\u7406\u670d\u52a1 <\/span><\/p>\n<p style=\"text-align: center;\"><span style=\"font-size: 1.28em;\">\u5bb6\u7528\u8d85\u58f0\u3001\u5bb6\u7528\u5fc3\u7535\u56fe\u3001\u9664\u98a4\u5668\u3001\u8840\u6e05\u3001\u6ce8\u5c04\u8bbe\u5907\u3001\u63a2\u5934\u3001\u5bb6\u7528\u6c27\u7597\u3001\u5c45\u5bb6\u4f4f\u9662\u3002<\/span><\/p>\n<h2 style=\"color: #244297; text-align: center;\">\u5361\u8428\u5e03\u5170\u5361\u7d27\u6025\u6551\u63f4\u533b\u751f<\/h2>\n<p style=\"text-align: center;\"><span style=\"font-size: 1.28em;\">\u5c45\u5bb6\u8840\u6db2\u68c0\u6d4b<\/span><\/p>\n<p style=\"text-align: center;\"><span style=\"font-size: 1.28em;\">\u5c45\u5bb6\u65b0\u51a0\u75c5\u6bd2PCR\u68c0\u6d4b<\/span><\/p>\n<p style=\"text-align: center;\"><span style=\"font-size: 1.28em;\">\u5c45\u5bb6\u4f4f\u9662\u6cbb\u7597\uff0c\u5fc5\u8981\u65f6\u63d0\u4f9b\u7d27\u6025\u5438\u6c27\u6cbb\u7597\u3002<\/span><\/p>","protected":false},"excerpt":{"rendered":"<p>Consultations SOS M\u00e9decins Casablanca M\u00e9decin \u00e0 domicile Urgences 24\/24 Intervention rapide en 10 minutes, o\u00f9 que vous soyez. SOS Medecins urgences \u00e0 domicile D\u00e8s la r\u00e9ception de votre \u00a0appel au 05 22 20 20 20, centre de r\u00e9gulation m\u00e9dicale. Nos m\u00e9decins met \u00e0 votre disposition des m\u00e9decins r\u00e9gulateurs qui vous conseillent et vous accompagnent dans [&hellip;]<\/p>","protected":false},"author":8,"featured_media":2046,"parent":0,"menu_order":0,"comment_status":"closed","ping_status":"closed","template":"","meta":{"footnotes":""},"yst_prominent_words":[149,147,146,152,160,659,75,1124,1158,638,485,482,655,629,1125],"class_list":["post-145","page","type-page","status-publish","has-post-thumbnail","hentry"],"_links":{"self":[{"href":"https:\/\/www.sosmedecincasa.com\/zh\/wp-json\/wp\/v2\/pages\/145","targetHints":{"allow":["GET"]}}],"collection":[{"href":"https:\/\/www.sosmedecincasa.com\/zh\/wp-json\/wp\/v2\/pages"}],"about":[{"href":"https:\/\/www.sosmedecincasa.com\/zh\/wp-json\/wp\/v2\/types\/page"}],"author":[{"embeddable":true,"href":"https:\/\/www.sosmedecincasa.com\/zh\/wp-json\/wp\/v2\/users\/8"}],"replies":[{"embeddable":true,"href":"https:\/\/www.sosmedecincasa.com\/zh\/wp-json\/wp\/v2\/comments?post=145"}],"version-history":[{"count":17,"href":"https:\/\/www.sosmedecincasa.com\/zh\/wp-json\/wp\/v2\/pages\/145\/revisions"}],"predecessor-version":[{"id":3527,"href":"https:\/\/www.sosmedecincasa.com\/zh\/wp-json\/wp\/v2\/pages\/145\/revisions\/3527"}],"wp:featuredmedia":[{"embeddable":true,"href":"https:\/\/www.sosmedecincasa.com\/zh\/wp-json\/wp\/v2\/media\/2046"}],"wp:attachment":[{"href":"https:\/\/www.sosmedecincasa.com\/zh\/wp-json\/wp\/v2\/media?parent=145"}],"wp:term":[{"taxonomy":"yst_prominent_words","embeddable":true,"href":"https:\/\/www.sosmedecincasa.com\/zh\/wp-json\/wp\/v2\/yst_prominent_words?post=145"}],"curies":[{"name":"wp","href":"https:\/\/api.w.org\/{rel}","templated":true}]}}