{"id":2839,"date":"2020-09-18T14:36:00","date_gmt":"2020-09-18T14:36:00","guid":{"rendered":"https:\/\/www.sosmedecincasa.com\/?page_id=2839"},"modified":"2024-05-06T11:00:40","modified_gmt":"2024-05-06T11:00:40","slug":"medecin-a-domicile-dar-bouazza","status":"publish","type":"page","link":"https:\/\/www.sosmedecincasa.com\/zh\/medecin-a-domicile-dar-bouazza\/","title":{"rendered":"\u8fbe\u5c14\u5e03\u963f\u624e\u7684\u7d27\u6025\u533b\u751f\u4e0a\u95e8\u670d\u52a1"},"content":{"rendered":"<h2 class=\"wp-block-heading\">Consultation Visite M\u00e9decin \u00e0 Domicile Dar Bouazza<\/h2>\n\n\n<div class=\"wp-block-image\">\n<figure class=\"aligncenter\"><img decoding=\"async\" src=\"https:\/\/sosmedecinsmaroc.ma\/wp-content\/uploads\/2020\/05\/medecin-1-300x129.jpg\" alt=\"\u6025\u8bca\u533b\u751f\" class=\"wp-image-3226\"\/><\/figure>\n<\/div>\n\n\n<p>\u4f60\u4f4f\u5728 <strong>Dar Bouazza <\/strong>\u4f60\u9700\u8981\u4e00\u4e2a<strong> m\u00e9decin \u00e0 domicile Dar Bouazza<\/strong> m\u00e9decin g\u00e9n\u00e9raliste <strong>urgentiste<\/strong> ou sp\u00e9cialiste pour tout type d&rsquo;<strong>\u7d27\u6025\u60c5\u51b5<\/strong> <strong>casa<\/strong>, un<strong> m\u00e9decin<\/strong> arrive chez vous dans les plus brefs d\u00e9lais <strong>SOS\u533b\u751f <\/strong>est l\u00e0 pour r\u00e9pondre \u00e0 vos besoins d&rsquo;<strong>urgence le m\u00e9decin<\/strong> le plus proche de votre zone se d\u00e9place rapidement\u00a0 chez vous \u00e0<strong> Dar Bouazza <\/strong>et environs.<\/p>\n\n\n\n<p>Bien souvent, les urgences arrivent aux moments o\u00f9 l&rsquo;on s&rsquo;y attend le moins, et il arrive que vous ayez besoin d\u2019un <strong>\u5bb6\u5ead\u533b\u751f<\/strong> , L&rsquo;intervention se fait en 10 minutes environ.<\/p>\n\n\n\n<p><strong>SOS M\u00e9decins Dar Bouazza<\/strong> est l\u00e0 pour r\u00e9pondre \u00e0 tout genre de situation d<strong>&lsquo;urgence<\/strong>. Avec notre \u00e9quipe de <strong>m\u00e9decins g\u00e9n\u00e9ralistes et sp\u00e9cialistes <\/strong>d\u00e9vou\u00e9e pour leurs <strong>patients<\/strong>,<\/p>\n\n\n\n<p><strong>SOS M\u00e9decins Dar Bouazza<\/strong> \u4e3a\u60a8\u63d0\u4f9b\u6765\u81ea\u4ee5\u4e0b\u673a\u6784\u7684\u5373\u65f6\u5e72\u9884\uff1a <strong>\u5bb6\u5ead\u533b\u751f<\/strong> <strong>Casablanca<\/strong> pour toutes vos <strong>urgences de sant\u00e9<\/strong> !<\/p>\n\n\n\n<p>\u65e0\u8bba\u60a8\u6216\u60a8\u7684\u4eb2\u4eba\u6709\u4efb\u4f55\u533b\u7597\u9700\u6c42\uff0c<strong> \u5361\u8428\u5e03\u5170\u5361\u7d27\u6025\u6551\u63f4\u533b\u751f<\/strong> \u8ba9\u60a8\u80fd\u591f\u4e00\u952e\u52a0\u5165 <strong>\u5361\u8428\u5e03\u5170\u5361\u5bb6\u5ead\u533b\u751f<\/strong> \u4e00\u592924\u5c0f\u65f6\u3002<\/p>\n\n\n\n<h2 class=\"wp-block-heading\">SOS M\u00c9DECINS DAR BOUAZZA<\/h2>\n\n\n<div class=\"wp-block-image\">\n<figure class=\"aligncenter\"><img decoding=\"async\" src=\"https:\/\/sosmedecinsmaroc.ma\/wp-content\/uploads\/2020\/05\/IMG-4254-1-1-300x225.jpg\" alt=\"\u6469\u6d1b\u54e5\u7d27\u6025\u6551\u63f4\u533b\u751f\" class=\"wp-image-3224\"\/><\/figure>\n<\/div>\n\n\n<p><strong>SOS MEDECINS DAR BOUAZZA<\/strong> \u4e3a\u60a8\u63d0\u4f9b\u4e00\u652f\u56e2\u961f <strong>\u5361\u8428\u5e03\u5170\u5361\u7684\u968f\u53eb\u968f\u5230\u533b\u751f<\/strong> \u5168\u5929\u501924\u5c0f\u65f6\u670d\u52a1\u3002<\/p>\n\n\n\n<p>Le m\u00e9decin le plus proche\u00a0 chez vous\u00a0interviendra en moins de 10 Minutes sur <strong>Casablanca<\/strong> et ses environs.<\/p>\n\n\n\n<p><strong>SOS MEDECINS\u00a0DAR BOUAZZA<\/strong>\u00a0\u8ba9\u60a8\u6709\u673a\u4f1a\u63a5\u89e6\u5230\u4e00\u652f\u56e2\u961f <strong>\u5408\u683c\u533b\u751f<\/strong>\u53ea\u9700\u51e0\u5206\u949f\uff0c\u4f60\u5c31\u80fd\u5f97\u5230 <strong><a href=\"https:\/\/www.sosmedecincasa.com\/zh\/category\/sos-medecin-casa\/\" data-type=\"link\" data-id=\"https:\/\/www.sosmedecincasa.com\/category\/sos-medecin-casa\/\">\u5361\u8428\u5e03\u5170\u5361\u5bb6\u5ead\u533b\u751f<\/a><\/strong>.<\/p>\n\n\n\n<h2 class=\"wp-block-heading\">SOS M\u00c9DECINS DE NUIT&nbsp;DAR BOUAZZA<\/h2>\n\n\n<div class=\"wp-block-image\">\n<figure class=\"aligncenter\"><img decoding=\"async\" src=\"https:\/\/sosmedecinsmaroc.ma\/wp-content\/uploads\/2020\/09\/LOGO-SOS-MEDECIN-300x101.png\" alt=\"\" class=\"wp-image-3243\"\/><\/figure>\n<\/div>\n\n\n<p><strong>SOS MEDECINS DAR BOUAZZA DE NUIT <\/strong>\u60a8\u53ef\u8c03\u7528\u4e00\u652f\u56e2\u961f <strong><a href=\"https:\/\/www.youtube.com\/@sosmedecinCasablanca\" data-type=\"link\" data-id=\"https:\/\/www.youtube.com\/@sosmedecinCasablanca\">\u5361\u8428\u5e03\u5170\u5361\u7684\u968f\u53eb\u968f\u5230\u533b\u751f<\/a> <\/strong>24\u5c0f\u65f6\u968f\u65f6\u53ef\u8054\u7cfb\u3002<\/p>\n\n\n\n<p>\u7ed9\u4ed6\u6253\u7535\u8bdd <strong>\u533b\u7597\u76d1\u7ba1\u4e2d\u5fc3<\/strong> \u62e8\u6253 05 22 20 20 20 \u6216 05 22 47 47 47 \u5373\u53ef\u83b7\u5f97 <strong>\u591c\u95f4\u6025\u8bca\u533b\u751f <\/strong>\u4e0d\u523015\u5206\u949f\u3002\u00a0<\/p>\n\n\n\n<p>\u60a8\u7684\u5065\u5eb7\u662f\u6211\u4eec\u7684\u9996\u8981\u4efb\u52a1\u3002<\/p>\n\n\n\n<p>\u6211\u4eec\u5c06\u59cb\u7ec8\u7aed\u5c3d\u5168\u529b\u4fdd\u969c\u60a8\u7684\u5065\u5eb7\u3002<\/p>\n\n\n\n<div class=\"wp-block-buttons is-layout-flex wp-block-buttons-is-layout-flex\">\n<div class=\"wp-block-button\"><a class=\"wp-block-button__link wp-element-button\" href=\"tel: 2126 61 14 09 81\"><strong>Appelez<\/strong><\/a><\/div>\n<\/div>","protected":false},"excerpt":{"rendered":"<p>Consultation Visite M\u00e9decin \u00e0 Domicile Dar Bouazza Vous habitez \u00e0 Dar Bouazza et vous avez besoin d&rsquo;un m\u00e9decin \u00e0 domicile Dar Bouazza m\u00e9decin g\u00e9n\u00e9raliste urgentiste ou sp\u00e9cialiste pour tout type d&rsquo;urgence casa, un m\u00e9decin arrive chez vous dans les plus brefs d\u00e9lais sos m\u00e9decins est l\u00e0 pour r\u00e9pondre \u00e0 vos besoins d&rsquo;urgence le m\u00e9decin le [&hellip;]<\/p>","protected":false},"author":8,"featured_media":2648,"parent":0,"menu_order":0,"comment_status":"closed","ping_status":"closed","template":"","meta":{"footnotes":""},"yst_prominent_words":[1178,1187,1181,1179,606,1176,1212,1211,1180,482,1210,1197],"class_list":["post-2839","page","type-page","status-publish","has-post-thumbnail","hentry"],"_links":{"self":[{"href":"https:\/\/www.sosmedecincasa.com\/zh\/wp-json\/wp\/v2\/pages\/2839","targetHints":{"allow":["GET"]}}],"collection":[{"href":"https:\/\/www.sosmedecincasa.com\/zh\/wp-json\/wp\/v2\/pages"}],"about":[{"href":"https:\/\/www.sosmedecincasa.com\/zh\/wp-json\/wp\/v2\/types\/page"}],"author":[{"embeddable":true,"href":"https:\/\/www.sosmedecincasa.com\/zh\/wp-json\/wp\/v2\/users\/8"}],"replies":[{"embeddable":true,"href":"https:\/\/www.sosmedecincasa.com\/zh\/wp-json\/wp\/v2\/comments?post=2839"}],"version-history":[{"count":3,"href":"https:\/\/www.sosmedecincasa.com\/zh\/wp-json\/wp\/v2\/pages\/2839\/revisions"}],"predecessor-version":[{"id":3364,"href":"https:\/\/www.sosmedecincasa.com\/zh\/wp-json\/wp\/v2\/pages\/2839\/revisions\/3364"}],"wp:featuredmedia":[{"embeddable":true,"href":"https:\/\/www.sosmedecincasa.com\/zh\/wp-json\/wp\/v2\/media\/2648"}],"wp:attachment":[{"href":"https:\/\/www.sosmedecincasa.com\/zh\/wp-json\/wp\/v2\/media?parent=2839"}],"wp:term":[{"taxonomy":"yst_prominent_words","embeddable":true,"href":"https:\/\/www.sosmedecincasa.com\/zh\/wp-json\/wp\/v2\/yst_prominent_words?post=2839"}],"curies":[{"name":"wp","href":"https:\/\/api.w.org\/{rel}","templated":true}]}}