{"id":2841,"date":"2020-09-18T14:39:30","date_gmt":"2020-09-18T14:39:30","guid":{"rendered":"https:\/\/www.sosmedecincasa.com\/?page_id=2841"},"modified":"2020-09-18T14:59:38","modified_gmt":"2020-09-18T14:59:38","slug":"medecin-a-domicile-mohammadia","status":"publish","type":"page","link":"https:\/\/www.sosmedecincasa.com\/zh\/medecin-a-domicile-mohammadia\/","title":{"rendered":"sos m\u00e9decin \u00e0 domicile Mohammadia"},"content":{"rendered":"<h2 class=\"wp-block-heading\">Consultation Visite M\u00e9decin \u00e0 Domicile Mohammadia<\/h2>\n\n\n\n<div class=\"wp-block-image\"><figure class=\"aligncenter\"><img decoding=\"async\" src=\"https:\/\/sosmedecinsmaroc.ma\/wp-content\/uploads\/2020\/05\/medecin-1-300x129.jpg\" alt=\"\u6025\u8bca\u533b\u751f\" class=\"wp-image-3226\"\/><\/figure><\/div>\n\n\n\n<p>Vous habitez \u00e0 Mohammadia et vous avez besoin d&rsquo;un m\u00e9decin g\u00e9n\u00e9raliste urgentiste ou sp\u00e9cialiste pour tout type d&rsquo;urgence, un m\u00e9decin arrive chez vous dans les plus brefs d\u00e9lais sos m\u00e9decins est l\u00e0 pour r\u00e9pondre \u00e0 vos besoins d&rsquo;urgence le m\u00e9decin le plus proche de votre zone se d\u00e9place rapidement&nbsp; chez vous \u00e0 Mohammadia et environs.<\/p>\n\n\n\n<p>\u7d27\u6025\u60c5\u51b5\u5f80\u5f80\u53d1\u751f\u5728\u4f60\u6700\u610f\u60f3\u4e0d\u5230\u7684\u65f6\u5019\uff0c\u6709\u65f6\u4f60\u9700\u8981\u533b\u751f\u5230\u5bb6\u91cc\u6765\u3002\u4ecb\u5165\u6cbb\u7597\u5927\u7ea6\u9700\u898110\u5206\u949f\u3002<\/p>\n\n\n\n<p>SOS M\u00e9decins Mohammadia est l\u00e0 pour r\u00e9pondre \u00e0 tout genre de situation d&rsquo;urgence. Avec notre \u00e9quipe de m\u00e9decins g\u00e9n\u00e9ralistes et sp\u00e9cialistes d\u00e9vou\u00e9e pour leurs patients,<\/p>\n\n\n\n<p>SOS M\u00e9decins Mohammadia vous propose une intervention imm\u00e9diate d\u2019un m\u00e9decin \u00e0 domicile Casablanca pour toutes vos urgences de sant\u00e9 !<\/p>\n\n\n\n<p>\u65e0\u8bba\u60a8\u6216\u60a8\u7684\u4eb2\u4eba\u6709\u4efb\u4f55\u533b\u7597\u9700\u6c42\uff0cSOS M\u00c9DECINS CASABLANCA \u90fd\u80fd\u8ba9\u60a8\u901a\u8fc7\u70b9\u51fb\u4e00\u4e0b\u6309\u94ae\uff0c24 \u5c0f\u65f6\u8054\u7cfb\u5230\u5361\u8428\u5e03\u5170\u5361\u7684\u5c45\u5bb6\u533b\u751f\u3002<\/p>\n\n\n\n<h2 class=\"wp-block-heading\">SOS M\u00c9DECINS MOHAMMADIA<\/h2>\n\n\n\n<div class=\"wp-block-image\"><figure class=\"aligncenter\"><img decoding=\"async\" src=\"https:\/\/sosmedecinsmaroc.ma\/wp-content\/uploads\/2020\/05\/IMG-4254-1-1-300x225.jpg\" alt=\"\u6469\u6d1b\u54e5\u7d27\u6025\u6551\u63f4\u533b\u751f\" class=\"wp-image-3224\"\/><\/figure><\/div>\n\n\n\n<p>SOS MEDECINS MOHAMMADIA met \u00e0 votre disposition une \u00e9quipe de m\u00e9decins de garde \u00e0 Casablanca joignable 24h\/24.<\/p>\n\n\n\n<p>\u5728\u5361\u8428\u5e03\u5170\u5361\u53ca\u5176\u5468\u8fb9\u5730\u533a\uff0c\u79bb\u60a8\u6700\u8fd1\u7684\u533b\u751f\u5c06\u5728 10 \u5206\u949f\u5185\u5230\u8fbe\u3002<\/p>\n\n\n\n<p>SOS MEDECINS&nbsp;MOHAMMADIA&nbsp;vous donne acc\u00e8s \u00e0 une \u00e9quipe de m\u00e9decins qualifi\u00e9s. En quelques minutes seulement vous pouvez obtenir un m\u00e9decin \u00e0 domicile Casablanca.<\/p>\n\n\n\n<h2 class=\"wp-block-heading\">SOS M\u00c9DECINS DE NUIT&nbsp;MOHAMMADIA<\/h2>\n\n\n\n<div class=\"wp-block-image\"><figure class=\"aligncenter\"><img decoding=\"async\" src=\"https:\/\/sosmedecinsmaroc.ma\/wp-content\/uploads\/2020\/09\/LOGO-SOS-MEDECIN-300x101.png\" alt=\"\" class=\"wp-image-3243\"\/><\/figure><\/div>\n\n\n\n<p>SOS MEDECINS MOHAMMADIA DE NUIT est \u00e0 votre disposition une \u00e9quipe de m\u00e9decins de garde \u00e0 Casablanca joignables 24 heures sur 24.<\/p>\n\n\n\n<p>\u62e8\u6253\u533b\u7597\u76d1\u7ba1\u4e2d\u5fc3\u7535\u8bdd 05 22 20 20 20 \u6216 05 22 47 47 47\uff0c\u5373\u53ef\u5728 15 \u5206\u949f\u5185\u83b7\u5f97\u7d27\u6025\u591c\u95f4\u533b\u751f\u670d\u52a1\u3002&nbsp;<\/p>\n\n\n\n<p>\u60a8\u7684\u5065\u5eb7\u662f\u6211\u4eec\u7684\u9996\u8981\u4efb\u52a1\u3002<\/p>\n\n\n\n<p>\u6211\u4eec\u5c06\u59cb\u7ec8\u7aed\u5c3d\u5168\u529b\u4fdd\u969c\u60a8\u7684\u5065\u5eb7\u3002<\/p>","protected":false},"excerpt":{"rendered":"<p>Consultation Visite M\u00e9decin \u00e0 Domicile Mohammadia Vous habitez \u00e0 Mohammadia et vous avez besoin d&rsquo;un m\u00e9decin g\u00e9n\u00e9raliste urgentiste ou sp\u00e9cialiste pour tout type d&rsquo;urgence, un m\u00e9decin arrive chez vous dans les plus brefs d\u00e9lais sos m\u00e9decins est l\u00e0 pour r\u00e9pondre \u00e0 vos besoins d&rsquo;urgence le m\u00e9decin le plus proche de votre zone se d\u00e9place rapidement&nbsp; [&hellip;]<\/p>","protected":false},"author":8,"featured_media":0,"parent":0,"menu_order":0,"comment_status":"closed","ping_status":"closed","template":"","meta":{"footnotes":""},"yst_prominent_words":[],"class_list":["post-2841","page","type-page","status-publish","hentry"],"_links":{"self":[{"href":"https:\/\/www.sosmedecincasa.com\/zh\/wp-json\/wp\/v2\/pages\/2841","targetHints":{"allow":["GET"]}}],"collection":[{"href":"https:\/\/www.sosmedecincasa.com\/zh\/wp-json\/wp\/v2\/pages"}],"about":[{"href":"https:\/\/www.sosmedecincasa.com\/zh\/wp-json\/wp\/v2\/types\/page"}],"author":[{"embeddable":true,"href":"https:\/\/www.sosmedecincasa.com\/zh\/wp-json\/wp\/v2\/users\/8"}],"replies":[{"embeddable":true,"href":"https:\/\/www.sosmedecincasa.com\/zh\/wp-json\/wp\/v2\/comments?post=2841"}],"version-history":[{"count":2,"href":"https:\/\/www.sosmedecincasa.com\/zh\/wp-json\/wp\/v2\/pages\/2841\/revisions"}],"predecessor-version":[{"id":2877,"href":"https:\/\/www.sosmedecincasa.com\/zh\/wp-json\/wp\/v2\/pages\/2841\/revisions\/2877"}],"wp:attachment":[{"href":"https:\/\/www.sosmedecincasa.com\/zh\/wp-json\/wp\/v2\/media?parent=2841"}],"wp:term":[{"taxonomy":"yst_prominent_words","embeddable":true,"href":"https:\/\/www.sosmedecincasa.com\/zh\/wp-json\/wp\/v2\/yst_prominent_words?post=2841"}],"curies":[{"name":"wp","href":"https:\/\/api.w.org\/{rel}","templated":true}]}}