{"id":2853,"date":"2020-09-18T14:42:32","date_gmt":"2020-09-18T14:42:32","guid":{"rendered":"https:\/\/www.sosmedecincasa.com\/?page_id=2853"},"modified":"2024-05-06T11:30:01","modified_gmt":"2024-05-06T11:30:01","slug":"medecin-a-domicile-oulfa","status":"publish","type":"page","link":"https:\/\/www.sosmedecincasa.com\/zh\/\u5bb6\u5ead\u533b\u751f\u4e4c\u5c14\u6cd5\/","title":{"rendered":"\u7d27\u6025\u533b\u751f\u4e0a\u95e8\u670d\u52a1 Oulfa"},"content":{"rendered":"<h2 class=\"wp-block-heading\">\u5965\u5c14\u6cd5\u5bb6\u5ead\u533b\u751f\u4e0a\u95e8\u54a8\u8be2<\/h2>\n\n\n<div class=\"wp-block-image\">\n<figure class=\"aligncenter\"><img decoding=\"async\" src=\"https:\/\/sosmedecinsmaroc.ma\/wp-content\/uploads\/2020\/05\/medecin-1-300x129.jpg\" alt=\"\u6025\u8bca\u533b\u751f\" class=\"wp-image-3226\"\/><\/figure>\n<\/div>\n\n\n<p>\u4f60\u4f4f\u5728<strong> \u4e4c\u5c14\u6cd5<\/strong> \u4f60\u9700\u8981\u4e00\u4e2a<strong> \u5965\u5c14\u6cd5\u5bb6\u5ead\u533b\u751f <\/strong>\u65e0\u8bba\u662f\u5168\u79d1\u533b\u751f\u3001\u6025\u8bca\u533b\u751f\u8fd8\u662f\u4e13\u79d1\u533b\u751f\uff0c\u53ea\u8981\u9047\u5230\u4efb\u4f55\u7c7b\u578b\u7684\u7d27\u6025\u60c5\u51b5\uff0c\u533b\u751f\u90fd\u4f1a\u5c3d\u5feb\u8d76\u5230\u60a8\u5bb6\u3002SOS Doctors \u968f\u65f6\u51c6\u5907\u6ee1\u8db3\u60a8\u7684\u7d27\u6025\u533b\u7597\u9700\u6c42\u3002\u79bb\u60a8\u6700\u8fd1\u7684\u533b\u751f\u4f1a\u8fc5\u901f\u524d\u5f80\u60a8\u4f4d\u4e8e\u5965\u5c14\u6cd5\u53ca\u5468\u8fb9\u5730\u533a\u7684\u5bb6\u4e2d\u3002<\/p>\n\n\n\n<p>\u901a\u5e38\u60c5\u51b5\u4e0b\uff0c<strong> \u7d27\u6025\u60c5\u51b5<\/strong> \u5b83\u4eec\u5f80\u5f80\u5728\u4f60\u6700\u610f\u60f3\u4e0d\u5230\u7684\u65f6\u5019\u53d1\u751f\uff0c\u6709\u65f6\u4f60\u9700\u8981\u533b\u751f\u4e0a\u95e8\u670d\u52a1\u3002\u6574\u4e2a\u8fc7\u7a0b\u5927\u7ea6\u9700\u898110\u5206\u949f\u3002<\/p>\n\n\n\n<p><strong>\u7d27\u6025\u533b\u751f\u4e0a\u95e8\u670d\u52a1 Oulf<\/strong>\u6211\u4eec\u81f4\u529b\u4e8e\u5e94\u5bf9\u5404\u79cd\u7d27\u6025\u60c5\u51b5\u3002\u6211\u4eec\u62e5\u6709\u4e00\u652f\u7531\u5168\u79d1\u533b\u751f\u548c\u4e13\u79d1\u533b\u751f\u7ec4\u6210\u7684\u56e2\u961f\uff0c\u4ed6\u4eec\u5168\u5fc3\u5168\u610f\u4e3a\u60a3\u8005\u670d\u52a1\u3002<\/p>\n\n\n\n<p><strong>SOS\u533b\u751f\u5965\u5c14\u6cd5<\/strong> \u4e3a\u60a8\u63d0\u4f9b\u6765\u81ea\u4ee5\u4e0b\u673a\u6784\u7684\u5373\u65f6\u5e72\u9884\uff1a <strong>\u5361\u8428\u5e03\u5170\u5361\u5bb6\u5ead\u533b\u751f<\/strong>\u6ee1\u8db3\u60a8\u7684\u6240\u6709\u9700\u6c42 <strong>\u7d27\u6025\u60c5\u51b5<\/strong> \u795d\u60a8\u8eab\u4f53\u5065\u5eb7\uff01<\/p>\n\n\n\n<p>\u65e0\u8bba\u60a8\u6216\u60a8\u7684\u4eb2\u4eba\u6709\u4efb\u4f55\u533b\u7597\u9700\u6c42\uff0c <strong>\u5361\u8428\u5e03\u5170\u5361\u7d27\u6025\u6551\u63f4\u533b\u751f<\/strong> \u8ba9\u60a8\u80fd\u591f\u4e00\u952e\u52a0\u5165 <strong>\u5361\u8428\u5e03\u5170\u5361\u5bb6\u5ead\u533b\u751f <\/strong>\u4e00\u592924\u5c0f\u65f6\u3002<\/p>\n\n\n\n<h2 class=\"wp-block-heading\">SOS \u533b\u751f OULFA<\/h2>\n\n\n<div class=\"wp-block-image\">\n<figure class=\"aligncenter\"><img decoding=\"async\" src=\"https:\/\/sosmedecinsmaroc.ma\/wp-content\/uploads\/2020\/05\/IMG-4254-1-1-300x225.jpg\" alt=\"\u6469\u6d1b\u54e5\u7d27\u6025\u6551\u63f4\u533b\u751f\" class=\"wp-image-3224\"\/><\/figure>\n<\/div>\n\n\n<p><strong><a href=\"https:\/\/www.youtube.com\/@sosmedecinCasablanca\" data-type=\"link\" data-id=\"https:\/\/www.youtube.com\/@sosmedecinCasablanca\">SOS \u533b\u751f OULFA<\/a><\/strong> \u4e3a\u60a8\u63d0\u4f9b\u4e00\u652f\u56e2\u961f <strong><a href=\"https:\/\/www.sosmedecincasa.com\/zh\/category\/sos-medecin-casa\/\" data-type=\"link\" data-id=\"https:\/\/www.sosmedecincasa.com\/category\/sos-medecin-casa\/\">\u5361\u8428\u5e03\u5170\u5361\u7684\u968f\u53eb\u968f\u5230\u533b\u751f<\/a><\/strong> \u5168\u5929\u501924\u5c0f\u65f6\u670d\u52a1\u3002<\/p>\n\n\n\n<p>\u5728\u5361\u8428\u5e03\u5170\u5361\u53ca\u5176\u5468\u8fb9\u5730\u533a\uff0c\u79bb\u60a8\u6700\u8fd1\u7684\u533b\u751f\u5c06\u5728 10 \u5206\u949f\u5185\u5230\u8fbe\u3002<\/p>\n\n\n\n<p><strong>SOS \u533b\u751f OULFA<\/strong>\u00a0\u8ba9\u60a8\u6709\u673a\u4f1a\u63a5\u89e6\u5230\u4e00\u652f\u56e2\u961f <strong>\u5408\u683c\u533b\u751f<\/strong>\u53ea\u9700\u51e0\u5206\u949f\uff0c\u4f60\u5c31\u80fd\u5f97\u5230 <strong>\u5361\u8428\u5e03\u5170\u5361\u5bb6\u5ead\u533b\u751f<\/strong>.<\/p>\n\n\n\n<h2 class=\"wp-block-heading\">SOS \u591c\u95f4\u533b\u751f OULFA<\/h2>\n\n\n<div class=\"wp-block-image\">\n<figure class=\"aligncenter\"><img decoding=\"async\" src=\"https:\/\/sosmedecinsmaroc.ma\/wp-content\/uploads\/2020\/09\/LOGO-SOS-MEDECIN-300x101.png\" alt=\"\" class=\"wp-image-3243\"\/><\/figure>\n<\/div>\n\n\n<p><strong>SOS \u533b\u751f OULFA \u591c\u95f4\u62a4\u7406<\/strong> \u60a8\u53ef\u8c03\u7528\u4e00\u652f\u56e2\u961f<strong> \u5361\u8428\u5e03\u5170\u5361\u7684\u968f\u53eb\u968f\u5230\u533b\u751f<\/strong> 24\u5c0f\u65f6\u968f\u65f6\u53ef\u8054\u7cfb\u3002<\/p>\n\n\n\n<p>\u7ed9\u4ed6\u6253\u7535\u8bdd <strong>\u533b\u7597\u76d1\u7ba1\u4e2d\u5fc3<\/strong> \u62e8\u6253 05 22 20 20 20 \u6216 05 22 47 47 47 \u5373\u53ef\u83b7\u5f97 <strong>\u591c\u95f4\u6025\u8bca\u533b\u751f <\/strong>\u4e0d\u523015\u5206\u949f\u3002\u00a0<\/p>\n\n\n\n<p>\u60a8\u7684\u5065\u5eb7\u662f\u6211\u4eec\u7684\u9996\u8981\u4efb\u52a1\u3002<\/p>\n\n\n\n<p>\u6211\u4eec\u5c06\u59cb\u7ec8\u7aed\u5c3d\u5168\u529b\u4fdd\u969c\u60a8\u7684\u5065\u5eb7\u3002<\/p>","protected":false},"excerpt":{"rendered":"<p>Consultation Visite M\u00e9decin \u00e0 Domicile Oulfa Vous habitez \u00e0 Oulfa et vous avez besoin d&rsquo;un m\u00e9decin \u00e0 domicile Oulfa m\u00e9decin g\u00e9n\u00e9raliste urgentiste ou sp\u00e9cialiste pour tout type d&rsquo;urgence, un m\u00e9decin arrive chez vous dans les plus brefs d\u00e9lais sos m\u00e9decins est l\u00e0 pour r\u00e9pondre \u00e0 vos besoins d&rsquo;urgence le m\u00e9decin le plus proche de votre [&hellip;]<\/p>","protected":false},"author":8,"featured_media":2648,"parent":0,"menu_order":0,"comment_status":"closed","ping_status":"closed","template":"","meta":{"footnotes":""},"yst_prominent_words":[1188,1189,1178,1181,1179,1201,606,1176,1202,75,1191,1180,1225,234,482],"class_list":["post-2853","page","type-page","status-publish","has-post-thumbnail","hentry"],"_links":{"self":[{"href":"https:\/\/www.sosmedecincasa.com\/zh\/wp-json\/wp\/v2\/pages\/2853","targetHints":{"allow":["GET"]}}],"collection":[{"href":"https:\/\/www.sosmedecincasa.com\/zh\/wp-json\/wp\/v2\/pages"}],"about":[{"href":"https:\/\/www.sosmedecincasa.com\/zh\/wp-json\/wp\/v2\/types\/page"}],"author":[{"embeddable":true,"href":"https:\/\/www.sosmedecincasa.com\/zh\/wp-json\/wp\/v2\/users\/8"}],"replies":[{"embeddable":true,"href":"https:\/\/www.sosmedecincasa.com\/zh\/wp-json\/wp\/v2\/comments?post=2853"}],"version-history":[{"count":3,"href":"https:\/\/www.sosmedecincasa.com\/zh\/wp-json\/wp\/v2\/pages\/2853\/revisions"}],"predecessor-version":[{"id":3376,"href":"https:\/\/www.sosmedecincasa.com\/zh\/wp-json\/wp\/v2\/pages\/2853\/revisions\/3376"}],"wp:featuredmedia":[{"embeddable":true,"href":"https:\/\/www.sosmedecincasa.com\/zh\/wp-json\/wp\/v2\/media\/2648"}],"wp:attachment":[{"href":"https:\/\/www.sosmedecincasa.com\/zh\/wp-json\/wp\/v2\/media?parent=2853"}],"wp:term":[{"taxonomy":"yst_prominent_words","embeddable":true,"href":"https:\/\/www.sosmedecincasa.com\/zh\/wp-json\/wp\/v2\/yst_prominent_words?post=2853"}],"curies":[{"name":"wp","href":"https:\/\/api.w.org\/{rel}","templated":true}]}}