{"id":2859,"date":"2020-09-18T14:46:36","date_gmt":"2020-09-18T14:46:36","guid":{"rendered":"https:\/\/www.sosmedecincasa.com\/?page_id=2859"},"modified":"2024-05-05T14:06:27","modified_gmt":"2024-05-05T14:06:27","slug":"medecin-a-domicile-sidi-rahal","status":"publish","type":"page","link":"https:\/\/www.sosmedecincasa.com\/zh\/medecin-a-domicile-sidi-rahal\/","title":{"rendered":"\u5bb6\u5ead\u533b\u751f\u897f\u8fea\u00b7\u62c9\u54c8\u5c14"},"content":{"rendered":"<h2 class=\"wp-block-heading\">Consultation Visite M\u00e9decin \u00e0 Domicile Sidi Rahal<\/h2>\n\n\n<div class=\"wp-block-image\">\n<figure class=\"aligncenter\"><img decoding=\"async\" src=\"https:\/\/sosmedecinsmaroc.ma\/wp-content\/uploads\/2020\/05\/medecin-1-300x129.jpg\" alt=\"\u6025\u8bca\u533b\u751f\" class=\"wp-image-3226\"\/><\/figure>\n<\/div>\n\n\n<p>\u4f60\u4f4f\u5728 <strong>Sidi Rahal<\/strong> et vous avez besoin d&rsquo;un m\u00e9decin \u00e0 domicile Sidi Rahal pour tout type d&rsquo;urgence, un m\u00e9decin arrive chez vous dans les plus brefs d\u00e9lais sos m\u00e9decins est l\u00e0 pour r\u00e9pondre \u00e0 vos besoins d&rsquo;urgence le m\u00e9decin le plus proche de votre zone se d\u00e9place rapidement\u00a0 chez vous \u00e0 Sidi Rahal et environs.<\/p>\n\n\n\n<p>\u7d27\u6025\u60c5\u51b5\u5f80\u5f80\u53d1\u751f\u5728\u4f60\u6700\u610f\u60f3\u4e0d\u5230\u7684\u65f6\u5019\uff0c\u6709\u65f6\u4f60\u9700\u8981\u533b\u751f\u5230\u5bb6\u91cc\u6765\u3002\u4ecb\u5165\u6cbb\u7597\u5927\u7ea6\u9700\u898110\u5206\u949f\u3002<\/p>\n\n\n\n<p>SOS M\u00e9decins Sidi Rahal est l\u00e0 pour r\u00e9pondre \u00e0 tout genre de situation d&rsquo;urgence. Avec notre \u00e9quipe de m\u00e9decins g\u00e9n\u00e9ralistes et sp\u00e9cialistes d\u00e9vou\u00e9e pour leurs patients,<\/p>\n\n\n\n<p>SOS M\u00e9decins Sidi Rahal vous propose une intervention imm\u00e9diate d\u2019un m\u00e9decin \u00e0 domicile Casablanca pour toutes vos urgences de sant\u00e9 !<\/p>\n\n\n\n<p>\u65e0\u8bba\u60a8\u6216\u60a8\u7684\u4eb2\u4eba\u6709\u4efb\u4f55\u533b\u7597\u9700\u6c42\uff0cSOS M\u00c9DECINS CASABLANCA \u90fd\u80fd\u8ba9\u60a8\u901a\u8fc7\u70b9\u51fb\u4e00\u4e0b\u6309\u94ae\uff0c24 \u5c0f\u65f6\u8054\u7cfb\u5230\u5361\u8428\u5e03\u5170\u5361\u7684\u5c45\u5bb6\u533b\u751f\u3002<\/p>\n\n\n\n<h2 class=\"wp-block-heading\">SOS M\u00c9DECINS SIDI RAHAL<\/h2>\n\n\n<div class=\"wp-block-image\">\n<figure class=\"aligncenter\"><img decoding=\"async\" src=\"https:\/\/sosmedecinsmaroc.ma\/wp-content\/uploads\/2020\/05\/IMG-4254-1-1-300x225.jpg\" alt=\"\u6469\u6d1b\u54e5\u7d27\u6025\u6551\u63f4\u533b\u751f\" class=\"wp-image-3224\"\/><\/figure>\n<\/div>\n\n\n<p><strong>SOS MEDECINS SIDI RAHAL<\/strong> met \u00e0 votre disposition une \u00e9quipe de m\u00e9decins de garde \u00e0 Casablanca joignable 24h\/24.<\/p>\n\n\n\n<p>Le m\u00e9decin le plus proche\u00a0 chez vous\u00a0interviendra en moins de 10 Minutes sur <strong><a href=\"https:\/\/www.youtube.com\/channel\/UC4jVizoIP4UxS3b5SYIjSpA\" data-type=\"link\" data-id=\"https:\/\/www.youtube.com\/channel\/UC4jVizoIP4UxS3b5SYIjSpA\">Casablanca<\/a><\/strong> et ses environs.<\/p>\n\n\n\n<p><strong>SOS MEDECINS Sidi Rahal<\/strong> \u8ba9\u60a8\u6709\u673a\u4f1a\u63a5\u89e6\u5230\u4e00\u652f\u56e2\u961f <strong><a href=\"https:\/\/www.sosmedecincasa.com\/zh\/\" data-type=\"link\" data-id=\"https:\/\/www.sosmedecincasa.com\/\">m\u00e9decins<\/a><\/strong> qualifi\u00e9s. En quelques minutes seulement vous pouvez obtenir un m\u00e9decin \u00e0 domicile Casablanca.<\/p>\n\n\n\n<h2 class=\"wp-block-heading\">SOS M\u00c9DECINS DE NUIT SIDI RAHAL<\/h2>\n\n\n<div class=\"wp-block-image\">\n<figure class=\"aligncenter\"><img decoding=\"async\" src=\"https:\/\/sosmedecinsmaroc.ma\/wp-content\/uploads\/2020\/09\/LOGO-SOS-MEDECIN-300x101.png\" alt=\"\" class=\"wp-image-3243\"\/><\/figure>\n<\/div>\n\n\n<p><strong>SOS MEDECINS SIDI RAHAL DE NUIT<\/strong> \u60a8\u53ef\u8c03\u7528\u4e00\u652f\u56e2\u961f <strong>\u5361\u8428\u5e03\u5170\u5361\u7684\u968f\u53eb\u968f\u5230\u533b\u751f<\/strong> 24\u5c0f\u65f6\u968f\u65f6\u53ef\u8054\u7cfb\u3002<\/p>\n\n\n\n<p>\u62e8\u6253\u533b\u7597\u76d1\u7ba1\u4e2d\u5fc3\u7535\u8bdd 05 22 20 20 20 \u6216 05 22 47 47 47\uff0c\u5373\u53ef\u5728 15 \u5206\u949f\u5185\u83b7\u5f97\u7d27\u6025\u591c\u95f4\u533b\u751f\u670d\u52a1\u3002&nbsp;<\/p>\n\n\n\n<p>\u60a8\u7684\u5065\u5eb7\u662f\u6211\u4eec\u7684\u9996\u8981\u4efb\u52a1\u3002<\/p>\n\n\n\n<p>\u6211\u4eec\u5c06\u59cb\u7ec8\u7aed\u5c3d\u5168\u529b\u4fdd\u969c\u60a8\u7684\u5065\u5eb7\u3002<\/p>\n\n\n\n<div class=\"wp-block-buttons is-layout-flex wp-block-buttons-is-layout-flex\">\n<div class=\"wp-block-button\"><a class=\"wp-block-button__link wp-element-button\" href=\"tel: 2126 61 14 09 81\"><strong>APPELEZ<\/strong><\/a><\/div>\n<\/div>","protected":false},"excerpt":{"rendered":"<p>Consultation Visite M\u00e9decin \u00e0 Domicile Sidi Rahal Vous habitez \u00e0 Sidi Rahal et vous avez besoin d&rsquo;un m\u00e9decin \u00e0 domicile Sidi Rahal pour tout type d&rsquo;urgence, un m\u00e9decin arrive chez vous dans les plus brefs d\u00e9lais sos m\u00e9decins est l\u00e0 pour r\u00e9pondre \u00e0 vos besoins d&rsquo;urgence le m\u00e9decin le plus proche de votre zone se [&hellip;]<\/p>","protected":false},"author":8,"featured_media":2595,"parent":0,"menu_order":0,"comment_status":"closed","ping_status":"closed","template":"","meta":{"footnotes":""},"yst_prominent_words":[1178,1187,1181,1179,606,1176,1180,1208,1230,482,1206,1229],"class_list":["post-2859","page","type-page","status-publish","has-post-thumbnail","hentry"],"_links":{"self":[{"href":"https:\/\/www.sosmedecincasa.com\/zh\/wp-json\/wp\/v2\/pages\/2859","targetHints":{"allow":["GET"]}}],"collection":[{"href":"https:\/\/www.sosmedecincasa.com\/zh\/wp-json\/wp\/v2\/pages"}],"about":[{"href":"https:\/\/www.sosmedecincasa.com\/zh\/wp-json\/wp\/v2\/types\/page"}],"author":[{"embeddable":true,"href":"https:\/\/www.sosmedecincasa.com\/zh\/wp-json\/wp\/v2\/users\/8"}],"replies":[{"embeddable":true,"href":"https:\/\/www.sosmedecincasa.com\/zh\/wp-json\/wp\/v2\/comments?post=2859"}],"version-history":[{"count":3,"href":"https:\/\/www.sosmedecincasa.com\/zh\/wp-json\/wp\/v2\/pages\/2859\/revisions"}],"predecessor-version":[{"id":3331,"href":"https:\/\/www.sosmedecincasa.com\/zh\/wp-json\/wp\/v2\/pages\/2859\/revisions\/3331"}],"wp:featuredmedia":[{"embeddable":true,"href":"https:\/\/www.sosmedecincasa.com\/zh\/wp-json\/wp\/v2\/media\/2595"}],"wp:attachment":[{"href":"https:\/\/www.sosmedecincasa.com\/zh\/wp-json\/wp\/v2\/media?parent=2859"}],"wp:term":[{"taxonomy":"yst_prominent_words","embeddable":true,"href":"https:\/\/www.sosmedecincasa.com\/zh\/wp-json\/wp\/v2\/yst_prominent_words?post=2859"}],"curies":[{"name":"wp","href":"https:\/\/api.w.org\/{rel}","templated":true}]}}