{"id":2989,"date":"2021-03-09T16:13:30","date_gmt":"2021-03-09T16:13:30","guid":{"rendered":"https:\/\/www.sosmedecincasa.com\/?page_id=2989"},"modified":"2021-03-09T16:13:47","modified_gmt":"2021-03-09T16:13:47","slug":"medecin-a-domicile-casablanca","status":"publish","type":"page","link":"https:\/\/www.sosmedecincasa.com\/zh\/\u533b\u751f\u5728\u5361\u8428\u5e03\u5170\u5361\u63d0\u4f9b\u4e0a\u95e8\u670d\u52a1\/","title":{"rendered":"\u5bb6\u5ead\u533b\u751f"},"content":{"rendered":"<h2 class=\"wp-block-heading\">\u5bb6\u5ead\u533b\u751f\u4e0a\u95e8\u54a8\u8be2 <\/h2>\n\n\n\n<div class=\"wp-block-image\"><figure class=\"aligncenter\"><img decoding=\"async\" src=\"https:\/\/sosmedecinsmaroc.ma\/wp-content\/uploads\/2020\/05\/medecin-1-300x129.jpg\" alt=\"\u6025\u8bca\u533b\u751f\" class=\"wp-image-3226\"\/><\/figure><\/div>\n\n\n\n<p>\u5982\u679c\u60a8\u4f4f\u5728\u5361\u8428\u5e03\u5170\u5361\uff0c\u9700\u8981\u5168\u79d1\u533b\u751f\u3001\u6025\u8bca\u533b\u751f\u6216\u4e13\u79d1\u533b\u751f\u5904\u7406\u4efb\u4f55\u7c7b\u578b\u7684\u7d27\u6025\u60c5\u51b5\uff0c\u533b\u751f\u4f1a\u5c3d\u5feb\u4e0a\u95e8\u670d\u52a1\u3002SOS Doctors \u968f\u65f6\u6ee1\u8db3\u60a8\u7684\u7d27\u6025\u533b\u7597\u9700\u6c42\u3002\u79bb\u60a8\u6700\u8fd1\u7684\u533b\u751f\u4f1a\u8fc5\u901f\u8d76\u5230\u60a8\u4f4d\u4e8e\u5361\u8428\u5e03\u5170\u5361\u53ca\u5468\u8fb9\u5730\u533a\u7684\u5bb6\u4e2d\u3002<\/p>\n\n\n\n<p>\u7d27\u6025\u60c5\u51b5\u5f80\u5f80\u53d1\u751f\u5728\u4f60\u6700\u610f\u60f3\u4e0d\u5230\u7684\u65f6\u5019\uff0c\u6709\u65f6\u4f60\u9700\u8981\u533b\u751f\u5230\u5bb6\u91cc\u6765\u3002\u4ecb\u5165\u6cbb\u7597\u5927\u7ea6\u9700\u898110\u5206\u949f\u3002<\/p>\n\n\n\n<p>\u5361\u8428\u5e03\u5170\u5361SOS\u6025\u6551\u533b\u7597\u961f\u968f\u65f6\u51c6\u5907\u5e94\u5bf9\u5404\u79cd\u7d27\u6025\u60c5\u51b5\u3002\u6211\u4eec\u62e5\u6709\u4e00\u652f\u7531\u5168\u79d1\u533b\u751f\u548c\u4e13\u79d1\u533b\u751f\u7ec4\u6210\u7684\u56e2\u961f\uff0c\u4ed6\u4eec\u5168\u5fc3\u5168\u610f\u4e3a\u60a3\u8005\u670d\u52a1\u3002<\/p>\n\n\n\n<p>SOS M\u00e9decins Casablanca \u4e3a\u5361\u8428\u5e03\u5170\u5361\u5c45\u6c11\u63d0\u4f9b\u4e0a\u95e8\u533b\u751f\u7d27\u6025\u6551\u52a9\u670d\u52a1\uff0c\u89e3\u51b3\u60a8\u6240\u6709\u7684\u5065\u5eb7\u7d27\u6025\u60c5\u51b5\uff01<\/p>\n\n\n\n<p>\u65e0\u8bba\u60a8\u6216\u60a8\u7684\u4eb2\u4eba\u6709\u4efb\u4f55\u533b\u7597\u9700\u6c42\uff0cSOS M\u00c9DECINS CASABLANCA \u90fd\u80fd\u8ba9\u60a8\u901a\u8fc7\u70b9\u51fb\u4e00\u4e0b\u6309\u94ae\uff0c24 \u5c0f\u65f6\u8054\u7cfb\u5230\u5361\u8428\u5e03\u5170\u5361\u7684\u5c45\u5bb6\u533b\u751f\u3002<\/p>\n\n\n\n<h2 class=\"wp-block-heading\">\u5361\u8428\u5e03\u5170\u5361\u7d27\u6025\u6551\u63f4\u533b\u751f<\/h2>\n\n\n\n<div class=\"wp-block-image\"><figure class=\"aligncenter\"><img decoding=\"async\" src=\"https:\/\/sosmedecinsmaroc.ma\/wp-content\/uploads\/2020\/05\/IMG-4254-1-1-300x225.jpg\" alt=\"\u6469\u6d1b\u54e5\u7d27\u6025\u6551\u63f4\u533b\u751f\" class=\"wp-image-3224\"\/><\/figure><\/div>\n\n\n\n<p>SOS MEDECINS \u5361\u8428\u5e03\u5170\u5361\u4e3a\u60a8\u63d0\u4f9b\u4e00\u652f 24\/7 \u5168\u5929\u5019\u5f85\u547d\u7684\u5361\u8428\u5e03\u5170\u5361\u533b\u751f\u56e2\u961f\u3002<\/p>\n\n\n\n<p>\u5728\u5361\u8428\u5e03\u5170\u5361\u53ca\u5176\u5468\u8fb9\u5730\u533a\uff0c\u79bb\u60a8\u6700\u8fd1\u7684\u533b\u751f\u5c06\u5728 10 \u5206\u949f\u5185\u5230\u8fbe\u3002<\/p>\n\n\n\n<p>SOS MEDECINS \u5361\u8428\u5e03\u5170\u5361\u4e3a\u60a8\u63d0\u4f9b\u4e00\u652f\u8d44\u8d28\u4f18\u826f\u7684\u533b\u751f\u56e2\u961f\u3002\u53ea\u9700\u51e0\u5206\u949f\uff0c\u533b\u751f\u5373\u53ef\u4e0a\u95e8\u4e3a\u60a8\u5728\u5361\u8428\u5e03\u5170\u5361\u7684\u4f4f\u6240\u63d0\u4f9b\u670d\u52a1\u3002<\/p>\n\n\n\n<h2 class=\"wp-block-heading\">SOS \u591c\u95f4\u533b\u751f \u5361\u8428\u5e03\u5170\u5361<\/h2>\n\n\n\n<div class=\"wp-block-image\"><figure class=\"aligncenter\"><img decoding=\"async\" src=\"https:\/\/sosmedecinsmaroc.ma\/wp-content\/uploads\/2020\/09\/LOGO-SOS-MEDECIN-300x101.png\" alt=\"\" class=\"wp-image-3243\"\/><\/figure><\/div>\n\n\n\n<p>SOS MEDECINS Casablanca DE NUIT \u4e3a\u60a8\u63d0\u4f9b\u5361\u8428\u5e03\u5170\u5361\u5168\u5929\u5019 24 \u5c0f\u65f6\u5f85\u547d\u7684\u533b\u751f\u56e2\u961f\u3002<\/p>\n\n\n\n<p>\u62e8\u6253\u533b\u7597\u76d1\u7ba1\u4e2d\u5fc3\u7535\u8bdd 05 22 20 20 20 \u6216 05 22 47 47 47\uff0c\u5373\u53ef\u5728 15 \u5206\u949f\u5185\u83b7\u5f97\u7d27\u6025\u591c\u95f4\u533b\u751f\u670d\u52a1\u3002&nbsp;<\/p>\n\n\n\n<p>\u60a8\u7684\u5065\u5eb7\u662f\u6211\u4eec\u7684\u9996\u8981\u4efb\u52a1\u3002<\/p>\n\n\n\n<p>\u6211\u4eec\u5c06\u59cb\u7ec8\u7aed\u5c3d\u5168\u529b\u4fdd\u969c\u60a8\u7684\u5065\u5eb7\u3002<\/p>","protected":false},"excerpt":{"rendered":"<p>Consultation Visite M\u00e9decin \u00e0 Domicile Vous habitez \u00e0 Casablanca et vous avez besoin d&rsquo;un m\u00e9decin g\u00e9n\u00e9raliste urgentiste ou sp\u00e9cialiste pour tout type d&rsquo;urgence, un m\u00e9decin arrive chez vous dans les plus brefs d\u00e9lais sos m\u00e9decins est l\u00e0 pour r\u00e9pondre \u00e0 vos besoins d&rsquo;urgence le m\u00e9decin le plus proche de votre zone se d\u00e9place rapidement\u00a0 chez [&hellip;]<\/p>","protected":false},"author":8,"featured_media":0,"parent":0,"menu_order":0,"comment_status":"closed","ping_status":"closed","template":"","meta":{"footnotes":""},"yst_prominent_words":[487,147,1188,1189,1178,1187,1181,1179,1201,606,1176,1202,1158,1191,1180,482,629],"class_list":["post-2989","page","type-page","status-publish","hentry"],"_links":{"self":[{"href":"https:\/\/www.sosmedecincasa.com\/zh\/wp-json\/wp\/v2\/pages\/2989","targetHints":{"allow":["GET"]}}],"collection":[{"href":"https:\/\/www.sosmedecincasa.com\/zh\/wp-json\/wp\/v2\/pages"}],"about":[{"href":"https:\/\/www.sosmedecincasa.com\/zh\/wp-json\/wp\/v2\/types\/page"}],"author":[{"embeddable":true,"href":"https:\/\/www.sosmedecincasa.com\/zh\/wp-json\/wp\/v2\/users\/8"}],"replies":[{"embeddable":true,"href":"https:\/\/www.sosmedecincasa.com\/zh\/wp-json\/wp\/v2\/comments?post=2989"}],"version-history":[{"count":1,"href":"https:\/\/www.sosmedecincasa.com\/zh\/wp-json\/wp\/v2\/pages\/2989\/revisions"}],"predecessor-version":[{"id":2990,"href":"https:\/\/www.sosmedecincasa.com\/zh\/wp-json\/wp\/v2\/pages\/2989\/revisions\/2990"}],"wp:attachment":[{"href":"https:\/\/www.sosmedecincasa.com\/zh\/wp-json\/wp\/v2\/media?parent=2989"}],"wp:term":[{"taxonomy":"yst_prominent_words","embeddable":true,"href":"https:\/\/www.sosmedecincasa.com\/zh\/wp-json\/wp\/v2\/yst_prominent_words?post=2989"}],"curies":[{"name":"wp","href":"https:\/\/api.w.org\/{rel}","templated":true}]}}