{"id":3054,"date":"2021-08-26T18:20:27","date_gmt":"2021-08-26T18:20:27","guid":{"rendered":"https:\/\/www.sosmedecincasa.com\/?page_id=3054"},"modified":"2021-08-26T18:47:32","modified_gmt":"2021-08-26T18:47:32","slug":"bilan-biologique-strategie-de-diagnostic-du-covid-19","status":"publish","type":"page","link":"https:\/\/www.sosmedecincasa.com\/zh\/bilan-biologique-strategie-de-diagnostic-du-covid-19\/","title":{"rendered":"\u65b0\u51a0\u80ba\u708e\u7684\u751f\u7269\u5b66\u8bc4\u4f30\u548c\u8bca\u65ad\u7b56\u7565"},"content":{"rendered":"<figure class=\"wp-block-image\"><img loading=\"lazy\" decoding=\"async\" width=\"1000\" height=\"500\" src=\"https:\/\/www.sosmedecincasa.com\/wp-content\/uploads\/2021\/08\/bilan-biologique.jpg\" alt=\"\" class=\"wp-image-3055\" srcset=\"https:\/\/www.sosmedecincasa.com\/wp-content\/uploads\/2021\/08\/bilan-biologique.jpg 1000w, https:\/\/www.sosmedecincasa.com\/wp-content\/uploads\/2021\/08\/bilan-biologique-300x150.jpg 300w, https:\/\/www.sosmedecincasa.com\/wp-content\/uploads\/2021\/08\/bilan-biologique-768x384.jpg 768w, https:\/\/www.sosmedecincasa.com\/wp-content\/uploads\/2021\/08\/bilan-biologique-320x160.jpg 320w, https:\/\/www.sosmedecincasa.com\/wp-content\/uploads\/2021\/08\/bilan-biologique-640x320.jpg 640w, https:\/\/www.sosmedecincasa.com\/wp-content\/uploads\/2021\/08\/bilan-biologique-360x180.jpg 360w, https:\/\/www.sosmedecincasa.com\/wp-content\/uploads\/2021\/08\/bilan-biologique-720x360.jpg 720w, https:\/\/www.sosmedecincasa.com\/wp-content\/uploads\/2021\/08\/bilan-biologique-800x400.jpg 800w\" sizes=\"auto, (max-width: 1000px) 100vw, 1000px\" \/><figcaption><br><\/figcaption><\/figure>\n\n\n<p><br>\n<br>\n<!--StartFragment--><\/p>\n\n\n<blockquote class=\"wp-block-quote has-text-align-center is-layout-flow wp-block-quote-is-layout-flow\"><p><strong>Points importants<\/strong><\/p><p><strong>&#8211; Cette pathologie \u00e9mergente fait l&rsquo;objet de nombreuses incertitudes.<\/strong><\/p><p><strong>&#8211; Affecte principalement la fonction respiratoire potentiellement responsable d&rsquo;un Syndrome de D\u00e9tresse Respiratoire Aigu\u00eb..<\/strong><\/p><p><strong>&#8211; Pand\u00e9mie mondiale responsable d&rsquo;une mortalit\u00e9 importante<\/strong><\/p><cite><strong>Votre Sant\u00e9, Notre Priorit\u00e9<\/strong><\/cite><\/blockquote>\n\n\n\n<p>Infection respiratoire aigu\u00eb contagieuse potentiellement grave due \u00e0 un virus SARS-CoV-2 ou COVID 19 de la famille des coronavirus qui compte \u00e0 ce jour, sept vari\u00e9t\u00e9s dont le SARS-COV-1 et le MERS-COV.<\/p>\n\n\n\n<p>Examens recommand\u00e9s aux urgences : NFS, ionogramme sanguin, fonction r\u00e9nale,&nbsp;<strong>bilan<\/strong>&nbsp;h\u00e9patique, D-Dim\u00e8res, LDH, CPK, CRP et h\u00e9mocultures si fi\u00e8vre. Lymphop\u00e9nie, \u00e9osinop\u00e9nie, \u00e9l\u00e9vation des LDH et des D-Dim\u00e8res. La PCT normale \u00e0 l&rsquo;admission des pneumonies, peut s&rsquo;\u00e9lever dans les cas les plus s\u00e9v\u00e8res.<\/p>\n\n\n\n<p>Appellez nous au <strong><a href=\"tel:0522202020\">05 22 20 20 20<\/a>   \/  <a href=\"tel:0611173903\">06 11 17 39 03<\/a><\/strong><\/p>\n\n\n<p><!--EndFragment--><br \/><br \/><\/p>","protected":false},"excerpt":{"rendered":"<p>Points importants &#8211; Cette pathologie \u00e9mergente fait l&rsquo;objet de nombreuses incertitudes. &#8211; Affecte principalement la fonction respiratoire potentiellement responsable d&rsquo;un Syndrome de D\u00e9tresse Respiratoire Aigu\u00eb.. &#8211; Pand\u00e9mie mondiale responsable d&rsquo;une mortalit\u00e9 importante Votre Sant\u00e9, Notre Priorit\u00e9 Infection respiratoire aigu\u00eb contagieuse potentiellement grave due \u00e0 un virus SARS-CoV-2 ou COVID 19 de la famille des coronavirus [&hellip;]<\/p>","protected":false},"author":8,"featured_media":0,"parent":0,"menu_order":0,"comment_status":"closed","ping_status":"closed","template":"","meta":{"footnotes":""},"yst_prominent_words":[149,147,1292,1293,1289,1294,1290,1288,1287,1291],"class_list":["post-3054","page","type-page","status-publish","hentry"],"_links":{"self":[{"href":"https:\/\/www.sosmedecincasa.com\/zh\/wp-json\/wp\/v2\/pages\/3054","targetHints":{"allow":["GET"]}}],"collection":[{"href":"https:\/\/www.sosmedecincasa.com\/zh\/wp-json\/wp\/v2\/pages"}],"about":[{"href":"https:\/\/www.sosmedecincasa.com\/zh\/wp-json\/wp\/v2\/types\/page"}],"author":[{"embeddable":true,"href":"https:\/\/www.sosmedecincasa.com\/zh\/wp-json\/wp\/v2\/users\/8"}],"replies":[{"embeddable":true,"href":"https:\/\/www.sosmedecincasa.com\/zh\/wp-json\/wp\/v2\/comments?post=3054"}],"version-history":[{"count":2,"href":"https:\/\/www.sosmedecincasa.com\/zh\/wp-json\/wp\/v2\/pages\/3054\/revisions"}],"predecessor-version":[{"id":3058,"href":"https:\/\/www.sosmedecincasa.com\/zh\/wp-json\/wp\/v2\/pages\/3054\/revisions\/3058"}],"wp:attachment":[{"href":"https:\/\/www.sosmedecincasa.com\/zh\/wp-json\/wp\/v2\/media?parent=3054"}],"wp:term":[{"taxonomy":"yst_prominent_words","embeddable":true,"href":"https:\/\/www.sosmedecincasa.com\/zh\/wp-json\/wp\/v2\/yst_prominent_words?post=3054"}],"curies":[{"name":"wp","href":"https:\/\/api.w.org\/{rel}","templated":true}]}}